{"id":7,"date":"2022-11-15T23:13:02","date_gmt":"2022-11-15T22:13:02","guid":{"rendered":"http:\/\/slowozycia.org\/?page_id=7"},"modified":"2025-10-21T15:27:34","modified_gmt":"2025-10-21T13:27:34","slug":"o-nas","status":"publish","type":"page","link":"https:\/\/slowozycia.org\/index.php\/o-nas\/","title":{"rendered":"O nas"},"content":{"rendered":"\n<h2 class=\"wp-block-heading has-vivid-red-color has-text-color\">O nas<\/h2>\n\n\n\n<div class=\"wp-block-media-text alignwide has-media-on-the-right is-stacked-on-mobile\" style=\"grid-template-columns:auto 15%\"><div class=\"wp-block-media-text__content\">\n<p style=\"margin-top:var(--wp--preset--spacing--40);margin-right:var(--wp--preset--spacing--40);margin-bottom:var(--wp--preset--spacing--40);margin-left:var(--wp--preset--spacing--40);padding-top:0;padding-right:0;padding-bottom:0;padding-left:0;font-size:18px\">Witajcie, nasza wsp\u00f3lnota w Bia\u0142ymstoku powsta\u0142a w 2005 roku. <a href=\"http:\/\/kbwch.pl\" data-type=\"URL\" data-id=\"http:\/\/kbwch.pl\" target=\"_blank\" rel=\"noreferrer noopener\">Ko\u015bci\u00f3\u0142 Bo\u017cy w Chrystusie<\/a> mo\u017cemy zaliczy\u0107 do nurtu ko\u015bcio\u0142\u00f3w ewangelikalnych o charakterze charyzmatycznym. Jeste\u015bmy zrzeszeni tak\u017ce w ramach <a href=\"https:\/\/pl.wikipedia.org\/wiki\/Alians_Ewangeliczny_w_RP\" data-type=\"URL\" data-id=\"https:\/\/pl.wikipedia.org\/wiki\/Alians_Ewangeliczny_w_RP\" target=\"_blank\" rel=\"noreferrer noopener\">Aliansu Ewangelicznego w Polsce<\/a>.<br>Wierzymy, \u017ce ko\u015bci\u00f3\u0142 (gr. koinonia-spo\u0142eczno\u015b\u0107) jest najlepszym miejscem wzrostu i realizowania pasji dla Boga. G\u0142osz\u0105c ewangeli\u0119, niesiemy s\u0142owo i moc, kt\u00f3rej B\u00f3g udziela, aby uzdrawia\u0107 i uwalnia\u0107 z opresji z\u0142a.  <\/p>\n<\/div><figure class=\"wp-block-media-text__media\"><img loading=\"lazy\" decoding=\"async\" width=\"1024\" height=\"1024\" src=\"http:\/\/slowozycia.org\/wp-content\/uploads\/2022\/11\/logobialaramka-1024x1024.png\" alt=\"\" class=\"wp-image-68 size-full\" srcset=\"https:\/\/slowozycia.org\/wp-content\/uploads\/2022\/11\/logobialaramka-1024x1024.png 1024w, https:\/\/slowozycia.org\/wp-content\/uploads\/2022\/11\/logobialaramka-300x300.png 300w, https:\/\/slowozycia.org\/wp-content\/uploads\/2022\/11\/logobialaramka-150x150.png 150w, https:\/\/slowozycia.org\/wp-content\/uploads\/2022\/11\/logobialaramka-768x768.png 768w, https:\/\/slowozycia.org\/wp-content\/uploads\/2022\/11\/logobialaramka-1536x1536.png 1536w, https:\/\/slowozycia.org\/wp-content\/uploads\/2022\/11\/logobialaramka-2048x2048.png 2048w\" sizes=\"auto, (max-width: 1024px) 100vw, 1024px\" \/><\/figure><\/div>\n\n\n\n<div class=\"wp-block-media-text alignwide is-stacked-on-mobile\" style=\"margin-top:var(--wp--preset--spacing--20);margin-right:var(--wp--preset--spacing--20);margin-bottom:var(--wp--preset--spacing--20);margin-left:var(--wp--preset--spacing--20);padding-top:var(--wp--preset--spacing--20);padding-right:var(--wp--preset--spacing--20);padding-bottom:var(--wp--preset--spacing--20);padding-left:var(--wp--preset--spacing--20);line-height:1.6;grid-template-columns:18% auto\"><figure class=\"wp-block-media-text__media\"><img loading=\"lazy\" decoding=\"async\" width=\"872\" height=\"1024\" src=\"http:\/\/slowozycia.org\/wp-content\/uploads\/2023\/01\/LOGO2023-872x1024.png\" alt=\"\" class=\"wp-image-145 size-full\" srcset=\"https:\/\/slowozycia.org\/wp-content\/uploads\/2023\/01\/LOGO2023-872x1024.png 872w, https:\/\/slowozycia.org\/wp-content\/uploads\/2023\/01\/LOGO2023-256x300.png 256w, https:\/\/slowozycia.org\/wp-content\/uploads\/2023\/01\/LOGO2023-768x902.png 768w, https:\/\/slowozycia.org\/wp-content\/uploads\/2023\/01\/LOGO2023.png 897w\" sizes=\"auto, (max-width: 872px) 100vw, 872px\" \/><\/figure><div class=\"wp-block-media-text__content\">\n<p style=\"font-size:18px\"><strong>RAZEM POZNAJEMY BOGA<\/strong><br>To czego nie mo\u017cna zrobi\u0107 samemu, mo\u017cna zrobi\u0107 razem. Razem wzrastamy, pomagamy sobie i budujemy swoj\u0105 wiar\u0119. Je\u017celi potrzebujesz modlitwy lub masz pytania, zapraszamy. <br><strong>WSP\u00d3LNOTA<\/strong><br>To oczywi\u015bcie wsp\u00f3lne spotkania, modlitwy i nabo\u017ce\u0144stwa. Je\u017celi masz ma\u0142e dzieci, to zapraszamy je na szk\u00f3\u0142k\u0119 niedzieln\u0105 w czasie niedzielnego nabo\u017ce\u0144stwa. Spotykamy si\u0119 na ma\u0142ych grupach domowych oraz na wi\u0119kszych konferencjach. <br>Organizujemy tak\u017ce imprezy plenerowe, wycieczki i inne spotkania integracyjne &#8211; o szczeg\u00f3\u0142ach mo\u017cesz dowiedzie\u0107 si\u0119 na naszych mediach spo\u0142eczno\u015bciowych.<br><br><strong>Pastorem<\/strong> ko\u015bcio\u0142a jest <strong>Krzysztof Piotr Gola<\/strong>. <\/p>\n<\/div><\/div>\n\n\n\n<p><\/p>\n","protected":false},"excerpt":{"rendered":"<p>O nas Witajcie, nasza wsp\u00f3lnota w Bia\u0142ymstoku powsta\u0142a w 2005 roku. Ko\u015bci\u00f3\u0142 Bo\u017cy w Chrystusie mo\u017cemy zaliczy\u0107 do nurtu ko\u015bcio\u0142\u00f3w ewangelikalnych o charakterze charyzmatycznym. Jeste\u015bmy zrzeszeni tak\u017ce w ramach Aliansu Ewangelicznego w Polsce.Wierzymy, \u017ce ko\u015bci\u00f3\u0142 (gr. koinonia-spo\u0142eczno\u015b\u0107) jest najlepszym miejscem wzrostu i realizowania pasji dla Boga. G\u0142osz\u0105c ewangeli\u0119, niesiemy s\u0142owo i moc, kt\u00f3rej B\u00f3g udziela, &hellip;<\/p>\n<p class=\"read-more\"> <a class=\"\" href=\"https:\/\/slowozycia.org\/index.php\/o-nas\/\"> <span class=\"screen-reader-text\">O nas<\/span> Read More &raquo;<\/a><\/p>\n","protected":false},"author":3,"featured_media":0,"parent":0,"menu_order":0,"comment_status":"closed","ping_status":"closed","template":"","meta":{"site-sidebar-layout":"default","site-content-layout":"default","ast-global-header-display":"","ast-main-header-display":"","ast-hfb-above-header-display":"","ast-hfb-below-header-display":"","ast-hfb-mobile-header-display":"","site-post-title":"disabled","ast-breadcrumbs-content":"","ast-featured-img":"","footer-sml-layout":"","theme-transparent-header-meta":"","adv-header-id-meta":"","stick-header-meta":"","header-above-stick-meta":"","header-main-stick-meta":"","header-below-stick-meta":"","footnotes":""},"class_list":["post-7","page","type-page","status-publish","hentry"],"_links":{"self":[{"href":"https:\/\/slowozycia.org\/index.php\/wp-json\/wp\/v2\/pages\/7","targetHints":{"allow":["GET"]}}],"collection":[{"href":"https:\/\/slowozycia.org\/index.php\/wp-json\/wp\/v2\/pages"}],"about":[{"href":"https:\/\/slowozycia.org\/index.php\/wp-json\/wp\/v2\/types\/page"}],"author":[{"embeddable":true,"href":"https:\/\/slowozycia.org\/index.php\/wp-json\/wp\/v2\/users\/3"}],"replies":[{"embeddable":true,"href":"https:\/\/slowozycia.org\/index.php\/wp-json\/wp\/v2\/comments?post=7"}],"version-history":[{"count":29,"href":"https:\/\/slowozycia.org\/index.php\/wp-json\/wp\/v2\/pages\/7\/revisions"}],"predecessor-version":[{"id":609,"href":"https:\/\/slowozycia.org\/index.php\/wp-json\/wp\/v2\/pages\/7\/revisions\/609"}],"wp:attachment":[{"href":"https:\/\/slowozycia.org\/index.php\/wp-json\/wp\/v2\/media?parent=7"}],"curies":[{"name":"wp","href":"https:\/\/api.w.org\/{rel}","templated":true}]}}