{"id":603,"date":"2025-10-21T15:14:33","date_gmt":"2025-10-21T13:14:33","guid":{"rendered":"https:\/\/slowozycia.org\/?page_id=603"},"modified":"2025-12-31T15:05:27","modified_gmt":"2025-12-31T14:05:27","slug":"grafik-2025","status":"publish","type":"page","link":"https:\/\/slowozycia.org\/index.php\/dla-wspolnoty\/grafik\/grafik-2025\/","title":{"rendered":"Grafik 2025"},"content":{"rendered":"\n<figure class=\"wp-block-table\"><table class=\"has-fixed-layout\"><tbody><tr><td><strong>Nabo\u017ce\u0144stwo\/modlitwa<\/strong><\/td><td><strong>G\u0142osz\u0105cy<\/strong><\/td><td><strong>Prowadz\u0105cy<\/strong><\/td><td><strong>Ofiara\/s\u0142owo<\/strong><\/td><td><strong>Inne<\/strong><\/td><\/tr><tr><td><mark style=\"background-color:#abb8c3;color:#000000\" class=\"has-inline-color\">29.06.2025 Nabo\u017ce\u0144stwo<\/mark><\/td><td><mark style=\"background-color:#abb8c3\" class=\"has-inline-color\">Leszek<\/mark><\/td><td><mark style=\"background-color:#abb8c3\" class=\"has-inline-color\">Magdalena<\/mark><\/td><td><mark style=\"background-color:#abb8c3\" class=\"has-inline-color\">-x-<\/mark><\/td><td><mark style=\"background-color:#abb8c3\" class=\"has-inline-color\">Ewangelizacja w parku<\/mark><\/td><\/tr><tr><td><mark style=\"background-color:#abb8c3\" class=\"has-inline-color\">4.07.2025 Modlitwa pt.<\/mark><\/td><td><mark style=\"background-color:#abb8c3\" class=\"has-inline-color\">Krzysztof<\/mark><\/td><td><\/td><td><\/td><td><\/td><\/tr><tr><td><mark style=\"background-color:#abb8c3;color:#000000\" class=\"has-inline-color\">6.07.2025 Nabo\u017ce\u0144stwo<\/mark><\/td><td><mark style=\"background-color:#abb8c3\" class=\"has-inline-color\">Krzysztof<\/mark><\/td><td><mark style=\"background-color:#abb8c3\" class=\"has-inline-color\">Ma\u0142gorzata <\/mark><\/td><td><mark style=\"background-color:#abb8c3\" class=\"has-inline-color\">-x-<\/mark><\/td><td><mark style=\"background-color:#abb8c3\" class=\"has-inline-color has-ast-global-color-1-color\">Wieczerza \/ Agape<\/mark><\/td><\/tr><tr><td><mark style=\"background-color:#abb8c3\" class=\"has-inline-color\">11.07.2025 Modlitwa pt.<\/mark><\/td><td><mark style=\"background-color:#abb8c3\" class=\"has-inline-color\">Gagik<\/mark><\/td><td><\/td><td><\/td><td><\/td><\/tr><tr><td><mark style=\"background-color:#abb8c3;color:#000000\" class=\"has-inline-color\">13.07.2025 Nabo\u017ce\u0144stwo<\/mark><\/td><td><mark style=\"background-color:#abb8c3\" class=\"has-inline-color\">Krzysztof<\/mark><\/td><td><mark style=\"background-color:#abb8c3\" class=\"has-inline-color\">Leszek<\/mark><\/td><td><mark style=\"background-color:#abb8c3\" class=\"has-inline-color\">Vitali<\/mark><\/td><td><mark style=\"background-color:#abb8c3\" class=\"has-inline-color\">Ewangelizacja w parku<\/mark><\/td><\/tr><tr><td><mark style=\"background-color:#abb8c3\" class=\"has-inline-color\">18.07.2025 Modlitwa pt<\/mark>.<\/td><td><mark style=\"background-color:#abb8c3\" class=\"has-inline-color\">Dave Orange<\/mark><\/td><td><\/td><td><\/td><td><\/td><\/tr><tr><td><mark style=\"background-color:#abb8c3;color:#000000\" class=\"has-inline-color\">20.07.2025 Nabo\u017ce\u0144stwo<\/mark><\/td><td><mark style=\"background-color:#abb8c3;color:#000000\" class=\"has-inline-color\">Dave Orange<\/mark><\/td><td><mark style=\"background-color:#abb8c3\" class=\"has-inline-color\">Krzysztof<\/mark><\/td><td><mark style=\"background-color:#abb8c3\" class=\"has-inline-color\">-x-<\/mark><\/td><td><mark style=\"background-color:#abb8c3\" class=\"has-inline-color\">Ewangelizacja w parku<\/mark><\/td><\/tr><tr><td><mark style=\"background-color:#abb8c3\" class=\"has-inline-color has-ast-global-color-8-color\">25.07.2025 Modlitwa pt.<\/mark><\/td><td><mark style=\"background-color:#abb8c3\" class=\"has-inline-color\">Gagik<\/mark><\/td><td><\/td><td><\/td><td><\/td><\/tr><tr><td><mark style=\"background-color:#abb8c3;color:#000000\" class=\"has-inline-color\">27.07.2025 Nabo\u017ce\u0144stwo<\/mark><\/td><td><mark style=\"background-color:#abb8c3\" class=\"has-inline-color\">Leszek<\/mark><\/td><td><mark style=\"background-color:#abb8c3\" class=\"has-inline-color\">Magdalena<\/mark><\/td><td><mark style=\"background-color:#abb8c3\" class=\"has-inline-color\">Ela<\/mark><\/td><td><\/td><\/tr><tr><td><mark style=\"background-color:#abb8c3\" class=\"has-inline-color has-ast-global-color-1-color\">1.08.2025 Modlitwa pt.<\/mark><\/td><td><mark style=\"background-color:#abb8c3\" class=\"has-inline-color\">Krzysztof<\/mark><\/td><td><\/td><td><\/td><td><\/td><\/tr><tr><td><mark style=\"background-color:#abb8c3;color:#000000\" class=\"has-inline-color\">3.08.2025 Nabo\u017ce\u0144stwo<\/mark><\/td><td><mark style=\"background-color:#abb8c3\" class=\"has-inline-color\">Krzysztof<\/mark><\/td><td><mark style=\"background-color:#abb8c3\" class=\"has-inline-color\">Leszek<\/mark><\/td><td><mark style=\"background-color:#abb8c3\" class=\"has-inline-color\">-x-<\/mark><\/td><td><mark style=\"background-color:#abb8c3\" class=\"has-inline-color has-ast-global-color-1-color\">Wieczerza \/ Agape<br>Ewangelizacja w parku<\/mark><\/td><\/tr><tr><td><mark style=\"background-color:#abb8c3\" class=\"has-inline-color\">8.08.2025 Modlitwa pt.<\/mark><\/td><td><mark style=\"background-color:#abb8c3\" class=\"has-inline-color\">Krzysztof<\/mark><\/td><td><\/td><td><\/td><td><\/td><\/tr><tr><td><mark style=\"background-color:#abb8c3;color:#000000\" class=\"has-inline-color\">10.08.2025 Nabo\u017ce\u0144stwo<\/mark><\/td><td><mark style=\"background-color:#abb8c3\" class=\"has-inline-color\">Krzysztof<\/mark><\/td><td><mark style=\"background-color:#abb8c3\" class=\"has-inline-color\">Ma\u0142gorzata<\/mark><\/td><td><mark style=\"background-color:#abb8c3\" class=\"has-inline-color\">Teresa<\/mark><\/td><td><\/td><\/tr><tr><td><mark style=\"background-color:#abb8c3\" class=\"has-inline-color\">15.08.2025 Modlitwa pt.<\/mark><\/td><td><mark style=\"background-color:#abb8c3\" class=\"has-inline-color\">Basia<\/mark><\/td><td><\/td><td><\/td><td><\/td><\/tr><tr><td><mark style=\"background-color:#abb8c3;color:#000000\" class=\"has-inline-color\">17.08.2025 Nabo\u017ce\u0144stwo<\/mark><\/td><td><mark style=\"background-color:#abb8c3\" class=\"has-inline-color\">Krzysztof<\/mark><\/td><td><mark style=\"background-color:#abb8c3\" class=\"has-inline-color\">Leszek<\/mark><\/td><td><mark style=\"background-color:#abb8c3\" class=\"has-inline-color\">-x-<\/mark><\/td><td><mark style=\"background-color:#abb8c3\" class=\"has-inline-color has-ast-global-color-8-color\">Ewangelizacja &#8211; Sok\u00f3\u0142ka<\/mark><\/td><\/tr><tr><td><mark style=\"background-color:#abb8c3\" class=\"has-inline-color\">22.08.2025 Modlitwa pt.<\/mark><\/td><td><mark style=\"background-color:#abb8c3\" class=\"has-inline-color\">Gagik<\/mark><\/td><td><\/td><td><\/td><td><\/td><\/tr><tr><td><mark style=\"background-color:#abb8c3;color:#000000\" class=\"has-inline-color\">24.08.2025 Nabo\u017ce\u0144stwo<\/mark><\/td><td><mark style=\"background-color:#abb8c3\" class=\"has-inline-color\">Leszek<\/mark><\/td><td><mark style=\"background-color:#abb8c3\" class=\"has-inline-color\">Ma\u0142gorzata<\/mark><\/td><td><mark style=\"background-color:#abb8c3\" class=\"has-inline-color\">Ela<\/mark><\/td><td><\/td><\/tr><tr><td><mark style=\"background-color:#abb8c3\" class=\"has-inline-color\">29.08.2025 Modlitwa pt.<\/mark><\/td><td><mark style=\"background-color:#abb8c3\" class=\"has-inline-color\">Vitali<\/mark><\/td><td><\/td><td><\/td><td><\/td><\/tr><tr><td><mark style=\"background-color:#abb8c3;color:#000000\" class=\"has-inline-color\">31.08.2025 Nabo\u017ce\u0144stwo<\/mark><\/td><td><mark style=\"background-color:#abb8c3;color:#000000\" class=\"has-inline-color\">Andrzej N\u0119dzusiak<\/mark><\/td><td><mark style=\"background-color:#abb8c3\" class=\"has-inline-color\">Magdalena<\/mark><\/td><td><mark style=\"background-color:#abb8c3\" class=\"has-inline-color\">-x-<\/mark><\/td><td><\/td><\/tr><tr><td><mark style=\"background-color:#abb8c3\" class=\"has-inline-color\">5.09.2025 Modlitwa pt.<\/mark><\/td><td><mark style=\"background-color:#abb8c3\" class=\"has-inline-color\">Gagik<\/mark><\/td><td><\/td><td><\/td><td><\/td><\/tr><tr><td><mark style=\"background-color:#abb8c3;color:#000000\" class=\"has-inline-color\">7.09.2025 Nabo\u017ce\u0144stwo<\/mark><\/td><td><mark style=\"background-color:#abb8c3\" class=\"has-inline-color\">Krzysztof<\/mark><\/td><td><mark style=\"background-color:#abb8c3\" class=\"has-inline-color\">Leszek<\/mark><\/td><td><mark style=\"background-color:#abb8c3\" class=\"has-inline-color\">Basia<\/mark><\/td><td><mark style=\"background-color:#abb8c3;color:#000000\" class=\"has-inline-color\">Wieczerza\/Agape<\/mark><\/td><\/tr><tr><td><mark style=\"background-color:#abb8c3\" class=\"has-inline-color\">12.09.2025 Modlitwa pt.<\/mark><\/td><td><mark style=\"background-color:#abb8c3\" class=\"has-inline-color\">Krzysztof<\/mark><\/td><td><\/td><td><\/td><td><\/td><\/tr><tr><td><mark style=\"background-color:#abb8c3;color:#000000\" class=\"has-inline-color\">14.09.2025 Nabo\u017ce\u0144stwo<\/mark><\/td><td><mark style=\"background-color:#abb8c3\" class=\"has-inline-color\">Gagik<\/mark><\/td><td><mark style=\"background-color:#abb8c3\" class=\"has-inline-color\">Ma\u0142gorzata<\/mark><\/td><td><mark style=\"background-color:#abb8c3\" class=\"has-inline-color\">-x-<\/mark><\/td><td><\/td><\/tr><tr><td><mark style=\"background-color:#abb8c3\" class=\"has-inline-color\">19.09.2025 Modlitwa pt.<\/mark><\/td><td><mark style=\"background-color:#abb8c3\" class=\"has-inline-color\">Basia<\/mark><\/td><td><\/td><td><\/td><td><\/td><\/tr><tr><td><mark style=\"background-color:#abb8c3;color:#000000\" class=\"has-inline-color\">21.09.2025 Nabo\u017ce\u0144stwo<\/mark><\/td><td><mark style=\"background-color:#abb8c3\" class=\"has-inline-color\">Leszek<\/mark><\/td><td><mark style=\"background-color:#abb8c3\" class=\"has-inline-color\">Magdalena<\/mark><\/td><td><mark style=\"background-color:#abb8c3\" class=\"has-inline-color\">Teresa<\/mark><\/td><td><\/td><\/tr><tr><td><mark style=\"background-color:#abb8c3\" class=\"has-inline-color\">26.09.2025 Modlitwa pt.<\/mark><\/td><td><mark style=\"background-color:#abb8c3\" class=\"has-inline-color\">Gagik<\/mark><\/td><td><\/td><td><\/td><td><\/td><\/tr><tr><td><mark style=\"background-color:#abb8c3;color:#000000\" class=\"has-inline-color\">27.09.2025 Sobota<\/mark><\/td><td><mark style=\"background-color:#abb8c3;color:#000000\" class=\"has-inline-color\">Modlitwa czuwania <\/mark><\/td><td><\/td><td><\/td><td><mark style=\"background-color:#abb8c3;color:#000000\" class=\"has-inline-color\">godz.18:00<\/mark><\/td><\/tr><tr><td><mark style=\"background-color:#abb8c3;color:#000000\" class=\"has-inline-color\">28.09.2025 Nabo\u017ce\u0144stwo<\/mark><\/td><td><mark style=\"background-color:#abb8c3\" class=\"has-inline-color\">Krzysztof<\/mark><\/td><td><mark style=\"background-color:#abb8c3\" class=\"has-inline-color\">Leszek<\/mark><\/td><td><mark style=\"background-color:#abb8c3\" class=\"has-inline-color\">-x-<\/mark><\/td><td><\/td><\/tr><tr><td><mark style=\"background-color:#abb8c3\" class=\"has-inline-color\">3.10.2025 Modlitwa Pt.<\/mark><\/td><td><mark style=\"background-color:#abb8c3\" class=\"has-inline-color\">Krzysztof<\/mark><\/td><td><\/td><td><\/td><td><\/td><\/tr><tr><td><mark style=\"background-color:#abb8c3;color:#000000\" class=\"has-inline-color\">5.10.2025 Nabo\u017ce\u0144stwo<\/mark><\/td><td><mark style=\"background-color:#abb8c3\" class=\"has-inline-color\">Krzysztof<\/mark><\/td><td><mark style=\"background-color:#abb8c3\" class=\"has-inline-color\">Ma\u0142gorzata<\/mark><\/td><td><mark style=\"background-color:#abb8c3\" class=\"has-inline-color has-ast-global-color-1-color\">Vitali &#8211; x<\/mark><\/td><td><mark style=\"background-color:#abb8c3;color:#000000\" class=\"has-inline-color\">Wieczerza\/Agape<\/mark><\/td><\/tr><tr><td><mark style=\"background-color:#abb8c3\" class=\"has-inline-color\">10.10.2025 Modlitwa Pt.<\/mark><\/td><td><mark style=\"background-color:#abb8c3\" class=\"has-inline-color\">Krzysztof<\/mark><\/td><td><\/td><td><\/td><td><\/td><\/tr><tr><td><mark style=\"background-color:#abb8c3;color:#000000\" class=\"has-inline-color\">12.10.2025 Nabo\u017ce\u0144stwo<\/mark><\/td><td><mark style=\"background-color:#abb8c3\" class=\"has-inline-color\">Leszek<\/mark><\/td><td><mark style=\"background-color:#abb8c3\" class=\"has-inline-color\">Magdalena<\/mark><\/td><td><mark style=\"background-color:#abb8c3\" class=\"has-inline-color\">-x-<\/mark><\/td><td><\/td><\/tr><tr><td><mark style=\"background-color:#abb8c3\" class=\"has-inline-color\">17.10.2025 Modlitwa Pt.<\/mark><\/td><td><mark style=\"background-color:#abb8c3\" class=\"has-inline-color\">Basia<\/mark><\/td><td><\/td><td><\/td><td><\/td><\/tr><tr><td><mark style=\"background-color:#abb8c3;color:#000000\" class=\"has-inline-color\">19.10.2025 Nabo\u017ce\u0144stwo<\/mark><\/td><td><mark style=\"background-color:#abb8c3\" class=\"has-inline-color\">Krzysztof<\/mark><\/td><td><mark style=\"background-color:#abb8c3\" class=\"has-inline-color\">Leszek<\/mark><\/td><td><mark style=\"background-color:#abb8c3\" class=\"has-inline-color\">Ela<\/mark><\/td><td><\/td><\/tr><tr><td><mark style=\"background-color:#abb8c3\" class=\"has-inline-color\">24.10.2025 Modlitwa Pt.<\/mark><\/td><td><mark style=\"background-color:#abb8c3\" class=\"has-inline-color\">Krzysztof<\/mark><\/td><td><\/td><td><\/td><td><\/td><\/tr><tr><td><mark style=\"background-color:#abb8c3;color:#000000\" class=\"has-inline-color\">26.10.2025 Nabo\u017ce\u0144stwo<\/mark><\/td><td><mark style=\"background-color:#abb8c3\" class=\"has-inline-color\">Gagik<\/mark><\/td><td><mark style=\"background-color:#abb8c3\" class=\"has-inline-color\">Ma\u0142gorzata<\/mark><\/td><td><mark style=\"background-color:#abb8c3\" class=\"has-inline-color\">-x-<\/mark><\/td><td><\/td><\/tr><tr><td><mark style=\"background-color:#abb8c3\" class=\"has-inline-color\">31.10.2025 Modlitwa Pt.<\/mark><\/td><td><mark style=\"background-color:#abb8c3\" class=\"has-inline-color\">Krzysztof<\/mark><\/td><td><\/td><td><\/td><td><\/td><\/tr><tr><td><mark style=\"background-color:#abb8c3;color:#000000\" class=\"has-inline-color\">2.11.2025 Nabo\u017ce\u0144stwo<\/mark><\/td><td><mark style=\"background-color:#abb8c3\" class=\"has-inline-color\">Krzysztof<\/mark><\/td><td><mark style=\"background-color:#abb8c3\" class=\"has-inline-color\">Leszek<\/mark><\/td><td><mark style=\"background-color:#abb8c3\" class=\"has-inline-color\">Basia<\/mark><\/td><td><mark style=\"background-color:#abb8c3;color:#000000\" class=\"has-inline-color\">Wieczerza\/Agape<\/mark><\/td><\/tr><tr><td><mark style=\"background-color:#abb8c3\" class=\"has-inline-color\">7.11.2025 Modlitwa Pt.<\/mark><\/td><td><mark style=\"background-color:#abb8c3\" class=\"has-inline-color\">Gagik<\/mark><\/td><td><\/td><td><\/td><td><\/td><\/tr><tr><td><mark style=\"background-color:#abb8c3;color:#000000\" class=\"has-inline-color\">9.11.2025 Nabo\u017ce\u0144stwo<\/mark><\/td><td><mark style=\"background-color:#abb8c3\" class=\"has-inline-color\">Krzysztof<\/mark><\/td><td><mark style=\"background-color:#abb8c3\" class=\"has-inline-color\">Magdalena<\/mark><\/td><td><mark style=\"background-color:#abb8c3\" class=\"has-inline-color\">x<\/mark><\/td><td><\/td><\/tr><tr><td><mark style=\"background-color:#abb8c3\" class=\"has-inline-color\">14.11.2025 Modlitwa Pt.<\/mark><\/td><td><mark style=\"background-color:#abb8c3\" class=\"has-inline-color\">Basia<\/mark><\/td><td><\/td><td><\/td><td><\/td><\/tr><tr><td><mark style=\"background-color:#abb8c3;color:#000000\" class=\"has-inline-color\">16.11.2025 Nabo\u017ce\u0144stwo<\/mark><\/td><td><mark style=\"background-color:#abb8c3\" class=\"has-inline-color\">Leszek<\/mark><\/td><td><mark style=\"background-color:#abb8c3\" class=\"has-inline-color\">Ma\u0142gorzata<\/mark><\/td><td><mark style=\"background-color:#abb8c3\" class=\"has-inline-color\">katarzyna<\/mark><\/td><td><\/td><\/tr><tr><td><mark style=\"background-color:#abb8c3\" class=\"has-inline-color\">21.11.2025 Modlitwa Pt.<\/mark><\/td><td><mark style=\"background-color:#abb8c3\" class=\"has-inline-color\">Krystyna<\/mark><\/td><td><\/td><td><\/td><td><\/td><\/tr><tr><td><mark style=\"background-color:#abb8c3;color:#000000\" class=\"has-inline-color\">23.11.2025 Nabo\u017ce\u0144stwo<\/mark><\/td><td><mark style=\"background-color:#abb8c3\" class=\"has-inline-color\">Krzysztof<\/mark><\/td><td><mark style=\"background-color:#abb8c3\" class=\"has-inline-color\">Leszek<\/mark><\/td><td><mark style=\"background-color:#abb8c3\" class=\"has-inline-color\">x<\/mark><\/td><td><\/td><\/tr><tr><td><mark style=\"background-color:#abb8c3\" class=\"has-inline-color\">28.11.2025 Modlitwa Pt.<\/mark><\/td><td><mark style=\"background-color:#abb8c3\" class=\"has-inline-color\">Magdalena<\/mark><\/td><td><\/td><td><\/td><td><\/td><\/tr><tr><td><mark style=\"background-color:#abb8c3;color:#000000\" class=\"has-inline-color\">30.11.2025 Nabo\u017ce\u0144stwo<\/mark><\/td><td><mark style=\"background-color:#abb8c3\" class=\"has-inline-color\">Krzysztof<\/mark><\/td><td><mark style=\"background-color:#abb8c3\" class=\"has-inline-color\">Magdalena<\/mark><\/td><td><mark style=\"background-color:#abb8c3\" class=\"has-inline-color\">Tereska<\/mark><\/td><td><\/td><\/tr><tr><td><mark style=\"background-color:#abb8c3\" class=\"has-inline-color\">5.12.2025 Modlitwa Pt.<\/mark><\/td><td><mark style=\"background-color:#abb8c3\" class=\"has-inline-color\">Gagik<\/mark><\/td><td><\/td><td><\/td><td><\/td><\/tr><tr><td><mark style=\"background-color:#abb8c3;color:#000000\" class=\"has-inline-color\">7.12.2025 Nabo\u017ce\u0144stwo<\/mark><\/td><td><mark style=\"background-color:#abb8c3\" class=\"has-inline-color\">Krzysztof<\/mark><\/td><td><mark style=\"background-color:#abb8c3\" class=\"has-inline-color\">Ma\u0142gorzata<\/mark><\/td><td><mark style=\"background-color:#abb8c3\" class=\"has-inline-color\">x<\/mark><\/td><td><mark style=\"background-color:#abb8c3;color:#000000\" class=\"has-inline-color\">Wieczerza\/Agape<\/mark><\/td><\/tr><tr><td><mark style=\"background-color:#abb8c3\" class=\"has-inline-color\">12.12.2025 Modlitwa Pt.<\/mark><\/td><td><mark style=\"background-color:#abb8c3\" class=\"has-inline-color\">Gagik<\/mark><\/td><td><\/td><td><\/td><td><\/td><\/tr><tr><td><mark style=\"background-color:#abb8c3;color:#000000\" class=\"has-inline-color\">14.12.2025 Nabo\u017ce\u0144stwo<\/mark><\/td><td><mark style=\"background-color:#abb8c3\" class=\"has-inline-color\">Leszek<\/mark><\/td><td><mark style=\"background-color:#abb8c3\" class=\"has-inline-color\">Magdalena<\/mark><\/td><td><mark style=\"background-color:#abb8c3\" class=\"has-inline-color\">Vitali<\/mark><\/td><td><\/td><\/tr><tr><td><mark style=\"background-color:#abb8c3\" class=\"has-inline-color\">19.12.2025 Modlitwa Pt.<\/mark><\/td><td><mark style=\"background-color:#abb8c3\" class=\"has-inline-color\">Basia<\/mark><\/td><td><\/td><td><\/td><td><\/td><\/tr><tr><td><mark style=\"background-color:#abb8c3;color:#000000\" class=\"has-inline-color\">21.12.2025 Nabo\u017ce\u0144stwo<\/mark><\/td><td><mark style=\"background-color:#abb8c3\" class=\"has-inline-color\">Gagik<\/mark><\/td><td><mark style=\"background-color:#abb8c3\" class=\"has-inline-color\">Leszek<\/mark><\/td><td><mark style=\"background-color:#abb8c3\" class=\"has-inline-color\">x<\/mark><\/td><td><\/td><\/tr><tr><td><mark style=\"background-color:#abb8c3\" class=\"has-inline-color\">25.12.2025 Czwartek<\/mark><\/td><td><mark style=\"background-color:#abb8c3\" class=\"has-inline-color\">Spotkanie \u015bwi\u0105teczne<\/mark><\/td><td><\/td><td><\/td><td><\/td><\/tr><tr><td><mark style=\"background-color:#abb8c3;color:#000000\" class=\"has-inline-color\">28.12.2025 Nabo\u017ce\u0144stwo<\/mark><\/td><td><mark style=\"background-color:#abb8c3\" class=\"has-inline-color\">Krzysztof<\/mark><\/td><td><mark style=\"background-color:#abb8c3\" class=\"has-inline-color\">Ma\u0142gorzata<\/mark><\/td><td><mark style=\"background-color:#abb8c3\" class=\"has-inline-color\">Basia<\/mark><\/td><td><\/td><\/tr><tr><td><mark style=\"background-color:#f78da7;color:#000000\" class=\"has-inline-color\">31.12.2025 Sylwester, \u015ar<\/mark><\/td><td>Nb 18:00, pastor<\/td><td>(\u015bwiadectwa)<\/td><td><\/td><td><\/td><\/tr><\/tbody><\/table><\/figure>\n\n\n\n<p><\/p>\n","protected":false},"excerpt":{"rendered":"<p>Nabo\u017ce\u0144stwo\/modlitwa G\u0142osz\u0105cy Prowadz\u0105cy Ofiara\/s\u0142owo Inne 29.06.2025 Nabo\u017ce\u0144stwo Leszek Magdalena -x- Ewangelizacja w parku 4.07.2025 Modlitwa pt. Krzysztof 6.07.2025 Nabo\u017ce\u0144stwo Krzysztof Ma\u0142gorzata -x- Wieczerza \/ Agape 11.07.2025 Modlitwa pt. Gagik 13.07.2025 Nabo\u017ce\u0144stwo Krzysztof Leszek Vitali Ewangelizacja w parku 18.07.2025 Modlitwa pt. Dave Orange 20.07.2025 Nabo\u017ce\u0144stwo Dave Orange Krzysztof -x- Ewangelizacja w parku 25.07.2025 Modlitwa pt. Gagik &hellip;<\/p>\n<p class=\"read-more\"> <a class=\"\" href=\"https:\/\/slowozycia.org\/index.php\/dla-wspolnoty\/grafik\/grafik-2025\/\"> <span class=\"screen-reader-text\">Grafik 2025<\/span> Read More &raquo;<\/a><\/p>\n","protected":false},"author":3,"featured_media":0,"parent":482,"menu_order":0,"comment_status":"closed","ping_status":"closed","template":"","meta":{"site-sidebar-layout":"default","site-content-layout":"default","ast-global-header-display":"","ast-main-header-display":"","ast-hfb-above-header-display":"","ast-hfb-below-header-display":"","ast-hfb-mobile-header-display":"","site-post-title":"","ast-breadcrumbs-content":"","ast-featured-img":"","footer-sml-layout":"","theme-transparent-header-meta":"","adv-header-id-meta":"","stick-header-meta":"","header-above-stick-meta":"","header-main-stick-meta":"","header-below-stick-meta":"","footnotes":""},"class_list":["post-603","page","type-page","status-publish","hentry"],"_links":{"self":[{"href":"https:\/\/slowozycia.org\/index.php\/wp-json\/wp\/v2\/pages\/603","targetHints":{"allow":["GET"]}}],"collection":[{"href":"https:\/\/slowozycia.org\/index.php\/wp-json\/wp\/v2\/pages"}],"about":[{"href":"https:\/\/slowozycia.org\/index.php\/wp-json\/wp\/v2\/types\/page"}],"author":[{"embeddable":true,"href":"https:\/\/slowozycia.org\/index.php\/wp-json\/wp\/v2\/users\/3"}],"replies":[{"embeddable":true,"href":"https:\/\/slowozycia.org\/index.php\/wp-json\/wp\/v2\/comments?post=603"}],"version-history":[{"count":6,"href":"https:\/\/slowozycia.org\/index.php\/wp-json\/wp\/v2\/pages\/603\/revisions"}],"predecessor-version":[{"id":662,"href":"https:\/\/slowozycia.org\/index.php\/wp-json\/wp\/v2\/pages\/603\/revisions\/662"}],"up":[{"embeddable":true,"href":"https:\/\/slowozycia.org\/index.php\/wp-json\/wp\/v2\/pages\/482"}],"wp:attachment":[{"href":"https:\/\/slowozycia.org\/index.php\/wp-json\/wp\/v2\/media?parent=603"}],"curies":[{"name":"wp","href":"https:\/\/api.w.org\/{rel}","templated":true}]}}