{"id":497,"date":"2025-07-01T10:39:15","date_gmt":"2025-07-01T08:39:15","guid":{"rendered":"https:\/\/slowozycia.org\/?page_id=497"},"modified":"2025-10-09T09:03:00","modified_gmt":"2025-10-09T07:03:00","slug":"dla-wspolnoty","status":"publish","type":"page","link":"https:\/\/slowozycia.org\/index.php\/dla-wspolnoty\/","title":{"rendered":"Dla wsp\u00f3lnoty"},"content":{"rendered":"\n<p>Zawarto\u015b\u0107 dla os\u00f3b zaanga\u017cowanych w \u017cycie wsp\u00f3lnoty &#8222;S\u0142owo \u017bycia&#8221;.<\/p>\n\n\n\n<ul class=\"wp-block-list\">\n<li><a href=\"https:\/\/slowozycia.org\/index.php\/dla-wspolnoty\/grafik\/\" data-type=\"page\" data-id=\"482\">Grafik g\u0142osze\u0144<\/a><\/li>\n\n\n\n<li><a href=\"https:\/\/slowozycia.org\/index.php\/dla-wspolnoty\/szkolka\/\" data-type=\"page\" data-id=\"506\">Szk\u00f3\u0142ka<\/a><\/li>\n<\/ul>\n\n\n\n<p><strong>Wszelkie ofiary i darowizny prosimy przesy\u0142a\u0107 na konto:<\/strong><br>Bank POKO BP o. Bia\u0142ystok 70 1020 1332 0000 1102 1635 5317<br>z dopiskiem &#8222;Darowizna na cele kultu religijnego&#8221;<\/p>\n\n\n\n<p><\/p>\n","protected":false},"excerpt":{"rendered":"<p>Zawarto\u015b\u0107 dla os\u00f3b zaanga\u017cowanych w \u017cycie wsp\u00f3lnoty &#8222;S\u0142owo \u017bycia&#8221;. Wszelkie ofiary i darowizny prosimy przesy\u0142a\u0107 na konto:Bank POKO BP o. Bia\u0142ystok 70 1020 1332 0000 1102 1635 5317z dopiskiem &#8222;Darowizna na cele kultu religijnego&#8221;<\/p>\n","protected":false},"author":3,"featured_media":0,"parent":0,"menu_order":0,"comment_status":"closed","ping_status":"closed","template":"","meta":{"site-sidebar-layout":"default","site-content-layout":"default","ast-global-header-display":"","ast-main-header-display":"","ast-hfb-above-header-display":"","ast-hfb-below-header-display":"","ast-hfb-mobile-header-display":"","site-post-title":"","ast-breadcrumbs-content":"","ast-featured-img":"","footer-sml-layout":"","theme-transparent-header-meta":"","adv-header-id-meta":"","stick-header-meta":"","header-above-stick-meta":"","header-main-stick-meta":"","header-below-stick-meta":"","footnotes":""},"class_list":["post-497","page","type-page","status-publish","hentry"],"_links":{"self":[{"href":"https:\/\/slowozycia.org\/index.php\/wp-json\/wp\/v2\/pages\/497","targetHints":{"allow":["GET"]}}],"collection":[{"href":"https:\/\/slowozycia.org\/index.php\/wp-json\/wp\/v2\/pages"}],"about":[{"href":"https:\/\/slowozycia.org\/index.php\/wp-json\/wp\/v2\/types\/page"}],"author":[{"embeddable":true,"href":"https:\/\/slowozycia.org\/index.php\/wp-json\/wp\/v2\/users\/3"}],"replies":[{"embeddable":true,"href":"https:\/\/slowozycia.org\/index.php\/wp-json\/wp\/v2\/comments?post=497"}],"version-history":[{"count":9,"href":"https:\/\/slowozycia.org\/index.php\/wp-json\/wp\/v2\/pages\/497\/revisions"}],"predecessor-version":[{"id":598,"href":"https:\/\/slowozycia.org\/index.php\/wp-json\/wp\/v2\/pages\/497\/revisions\/598"}],"wp:attachment":[{"href":"https:\/\/slowozycia.org\/index.php\/wp-json\/wp\/v2\/media?parent=497"}],"curies":[{"name":"wp","href":"https:\/\/api.w.org\/{rel}","templated":true}]}}