{"id":469,"date":"2025-05-26T08:12:28","date_gmt":"2025-05-26T06:12:28","guid":{"rendered":"https:\/\/slowozycia.org\/?page_id=469"},"modified":"2025-05-26T08:14:24","modified_gmt":"2025-05-26T06:14:24","slug":"bog-mnie-wybawil-i-powiedzial-pojdz-za-mna","status":"publish","type":"page","link":"https:\/\/slowozycia.org\/index.php\/swiadectwa\/bog-mnie-wybawil-i-powiedzial-pojdz-za-mna\/","title":{"rendered":"B\u00f3g mnie wybawi\u0142 i powiedzia\u0142: p\u00f3jd\u017a za mn\u0105."},"content":{"rendered":"\n<p><em><mark style=\"background-color:rgba(0, 0, 0, 0)\" class=\"has-inline-color has-ast-global-color-0-color\">Copyright \u00a9 Rozpowszechnianie i kopiowanie wy\u0142\u0105cznie za pozwoleniem KBWCH &#8222;S\u0142owo \u017bycia&#8221;.<\/mark><\/em><br><em><mark style=\"background-color:rgba(0, 0, 0, 0)\" class=\"has-inline-color has-ast-global-color-0-color\">Je\u017celi potrzebujesz modlitwy lub chcesz porozmawia\u0107 z Jarkiem, <a href=\"https:\/\/slowozycia.org\/index.php\/kontakt\/\" data-type=\"page\" data-id=\"17\">skontaktuj <\/a>si\u0119 z biurem ko\u015bcio\u0142a lub przez <a href=\"https:\/\/www.facebook.com\/SlowoZycia\/\" data-type=\"link\" data-id=\"https:\/\/www.facebook.com\/SlowoZycia\/\">facebook<\/a>.<\/mark><\/em><\/p>\n\n\n\n<p>Pochodz\u0119 z rodziny tzw. robotniczej, w kt\u00f3rej od najm\u0142odszych moich lat alkohol by\u0142 na porz\u0105dku dziennym. Wi\u0105za\u0142o si\u0119 to z awanturami, przemoc\u0105 domow\u0105, ci\u0105g\u0142ym niepokojem, wstydem i strachem. Tak w skr\u00f3cie to trudno jest mi sobie przypomnie\u0107 z mojego dzieci\u0144stwa mi\u0142e chwile, par\u0119 ich by\u0142o, ale zosta\u0142y one zatarte przez ci\u0105g\u0142e zmaganie si\u0119 z b\u00f3lem i cierpieniem. Pami\u0119tam dobrze nasz\u0105 modlitw\u0119 do naszych rodzic\u00f3w (moj\u0105 i mojej rok m\u0142odszej siostry) \u2013 cze\u015b\u0107, papa, do widzenia, nie zapomnij tylko przyj\u015b\u0107 i przyjd\u017a. Mogli\u015bmy latem wraca\u0107 p\u00f3\u017ano do domu, ale dziwnie by\u0142o s\u0142ysze\u0107 g\u0142osy innych rodzic\u00f3w nawo\u0142uj\u0105cych swoje dzieci, podczas gdy nas nikt nie wo\u0142a\u0142. W domu szybko k\u0142ad\u0142em si\u0119 do \u0142\u00f3\u017cka, przykrywa\u0142em si\u0119 ca\u0142y ko\u0142dr\u0105, aby nie s\u0142ysze\u0107 awantury, kt\u00f3ra by\u0142a prawie codzienno\u015bci\u0105. Niejednokrotnie mimo to by\u0142y s\u0142yszalne odg\u0142osy bicia i krzyki. Oboje rodzic\u00f3w wraca\u0142o ze swoich miejsc pracy pod wp\u0142ywem alkoholu, a ojciec stawa\u0142 si\u0119 w\u00f3wczas bardzo agresywny, bi\u0142 mam\u0119 i niejednokrotnie babci\u0119, kt\u00f3ra mieszka\u0142a z nami. S\u0142yszeli\u015bmy wielokrotnie od naszych rodzic\u00f3w, a szczeg\u00f3lnie ojca, \u017ce nic z nas nie wyro\u015bnie, \u017ce do niczego si\u0119 nie nadajemy. W takim poczuciu beznadziei \u017cy\u0142em, aby jako\u015b przetrwa\u0107 za\u0142o\u017cy\u0142em mask\u0119 \u2013 wszystko u mnie w porz\u0105dku, nie potrzebuj\u0119 nikogo.<\/p>\n\n\n\n<p>W szko\u0142ach stara\u0142em si\u0119 zawsze pokaza\u0107 jaki jestem luzak i co to nie ja, \u017ce si\u0119 nie myl\u0119 i w og\u00f3le \u017ce jestem taki super go\u015b\u0107. Zacz\u0119\u0142o to si\u0119 objawia\u0107 zarozumialstwem, przez co nie zjednywa\u0142em sobie przyjaci\u00f3\u0142, a raczej (jak w szkole \u015bredniej) by\u0142em obiektem prze\u015bladowa\u0144. Ta ci\u0105g\u0142a walka by\u0142a powodem frustracji i tego \u017ce si\u0119gn\u0105\u0142em po u\u017cywki \u2013 alkohol, papierosy, marihuana (raz te\u017c spr\u00f3bowa\u0142em kleju, na szcz\u0119\u015bcie nie spodoba\u0142o mi si\u0119). Zacz\u0105\u0142em te\u017c robi\u0107 co chc\u0119, wraca\u0107 bardzo p\u00f3\u017ano, albo czasem te\u017c nie wraca\u0107 na noc z tak zwanych balet\u00f3w. P\u00f3\u017aniej w doros\u0142ym \u017cyciu bywa\u0142o te\u017c tak \u017ce ju\u017c sam w domu pi\u0142em alkohol, a pi\u0105tek (weekend) kojarzy\u0142 si\u0119 z mo\u017cliwo\u015bci\u0105 napicia si\u0119. Mi\u0119dzy innymi przez to wyl\u0105dowa\u0142em na terapii. Przez takie prowadzenie si\u0119 i stres mia\u0142em wiele problem\u00f3w zdrowotnych.<\/p>\n\n\n\n<p>Moje wspomnienie Boga z najm\u0142odszych lat to niedzielne msze z rodzicami, a po mszy szli\u015bmy do restauracji, gdzie pracowa\u0142a siostra mamy. My z siostr\u0105 na krem, albo frytki, a rodzice na tzw. drinka. Opr\u00f3cz tego pami\u0119tam jeszcze ganianie nas do r\u00f3\u017ca\u0144ca przez babci\u0119 i nazywanie nas szatanami, gdy co\u015b przeskrobiemy. Ko\u015bci\u00f3\u0142 (budynek) raczej kojarzy\u0142 si\u0119 z tym, \u017ce musisz i\u015b\u0107, bo inaczej p\u00f3jdziesz do piek\u0142a. P\u00f3\u017aniej ju\u017c w \u017cyciu doros\u0142ym w og\u00f3le przesta\u0142em chodzi\u0107 na msze, a B\u00f3g by\u0142 dla mnie raczej czym\u015b odleg\u0142ym, i nie zainteresowanym naszym losem. M\u00f3wi\u0142em \u017ce wierz\u0119, ale tak naprawd\u0119 by\u0142y to chyba tylko puste s\u0142owa.<\/p>\n\n\n\n<p>Jednak B\u00f3g o mnie nie zapomnia\u0142, i wielokrotnie ratowa\u0142 mnie z opresji, a nawet \u015bmierci, teraz to wiem. W poprzednim roku w maju w poczuciu beznadziei, ogromnego stresu i narastaj\u0105cej frustracji w \u017cyciu prywatnym i zawodowym zacz\u0105\u0142em si\u0119 interesowa\u0107 fenomenem Biblii i tego co m\u00f3wi\u0105 o niej \u015bwieccy naukowcy \u2013 o jej przepowiedniach i o tym jak niepowtarzalnie jest napisana. Zacz\u0105\u0142em te\u017c mie\u0107 serdecznie do\u015b\u0107 k\u0142amstwa i ob\u0142udy, a jako cz\u0142owiek, kt\u00f3ry na tym \u015bwiecie zazna\u0142 prawie wszystkiego co on oferuje i nic z tego nie da\u0142o mi pokoju, ani uczucia spe\u0142nienia, postanowi\u0142em zwr\u00f3ci\u0107 si\u0119 o pomoc do Jezusa (w sumie to nawet nie bardzo liczy\u0142em na to co si\u0119 p\u00f3\u017aniej sta\u0142o) Wieczorem 12 czerwca poprzedniego roku ogl\u0105da\u0142em tik-toka, w kt\u00f3rym przychodzi ewangelista do domu m\u0142odego cz\u0142owieka i pyta go \u2013 czy s\u0105dzi pan czy jest zbawiony. Filmik trwa\u0142 oko\u0142o 10 minut, by\u0142a w nim zawarta dobra nowina na temat naszego zbawienia w Jezusie Chrystusie. Powtarza\u0142em za nim, \u017ce \u017ca\u0142uj\u0119 za grzechy, \u017ce wierz\u0119 w to i\u017c Jezus umar\u0142 , zosta\u0142 pogrzebany i trzeciego dnia zmartwychwsta\u0142, aby zosta\u0142y odpuszczone nam nasze wszystkie winy i aby\u015bmy dost\u0105pili zbawienia, i \u017ce wystarczy uwierzy\u0107 sercem, i wyzna\u0107 to ustami. Takie proste? Na serio? Zrobi\u0142o mi si\u0119 bardzo ciep\u0142o, wi\u0119c pomy\u015bla\u0142em \u017ce to gor\u0105czka i postanowi\u0142em si\u0119 po\u0142o\u017cy\u0107 spa\u0107. Nast\u0119pnego dnia po przebudzeniu wszed\u0142em do kuchni, czu\u0142em si\u0119 inaczej, w pewnym momencie co\u015b mi spad\u0142o i swoim zwyk\u0142ym zwyczajem chcia\u0142em siarczy\u015bcie zakl\u0105\u0107 i s\u0142owa uwi\u0119z\u0142y mi w gardle (nie potrafi\u0142em, nie chcia\u0142em, nie musia\u0142em). Jezus, teraz to wiem zabra\u0142 mi ca\u0142y stres, niepok\u00f3j o jutro, my\u015bli o niedoli, a da\u0142 mi swoj\u0105 mi\u0142o\u015b\u0107, pok\u00f3j i poczucie \u017ce nigdy mnie nie opu\u015bci, ani nie ok\u0142amie. Znalaz\u0142em wreszcie ukojenie dla starganej duszy i wiedzia\u0142em \u017ce nie chc\u0119, aby to min\u0119\u0142o, aby si\u0119 sko\u0144czy\u0142o, wprost przeciwnie poczu\u0142em \u017ce chc\u0119 wi\u0119cej, bardziej mocniej, i \u017ce to jest najcudowniejsze co mnie w \u017cyciu spotka\u0142o.<\/p>\n\n\n\n<p>Ten dzie\u0144 12 czerwca 2024 roku jest najszcz\u0119\u015bliwsz\u0105 chwil\u0105 w moim dotychczasowym \u017cyciu. I ka\u017cdego dnia pragn\u0119 dzi\u0119kowa\u0107 Jezusowi za okazan\u0105 mi \u0142ask\u0119.<\/p>\n\n\n\n<p>B\u00f3g te\u017c pokaza\u0142 mi wsp\u00f3lnot\u0119 ewangelick\u0105. Pokierowa\u0142 mnie do ko\u015bcio\u0142a S\u0142owo\u017bycia na Warszawskiej 43 w Bia\u0142ymstoku, w kt\u00f3rym pozna\u0142em cudownych braci i siostry, kt\u00f3rzy obdarzyli mnie Swoj\u0105 mi\u0142o\u015bci\u0105 i wsparciem. Wiem \u017ce z tymi lud\u017ami mog\u0119 nie obawia\u0107 si\u0119 \u017cadnych przeciwno\u015bci, \u017ce zawsze pomog\u0105, dodadz\u0105 si\u0142y aby kroczy\u0107 wiernie Bo\u017c\u0105 drog\u0105. Dzi\u0119kuj\u0119 Bogu za nich i za to \u017ce mia\u0142em przyjemno\u015b\u0107 ich pozna\u0107 i mog\u0119 z nimi poznawa\u0107 Boga i wzrasta\u0107 w Jezusie Chrystusie Panu naszym.<\/p>\n\n\n\n<p>Dzi\u015b wiem \u017ce B\u00f3g, \u017ce Jezus Chrystus uratowa\u0142 mnie nie tylko od stresu, u\u017cywek i innych problem\u00f3w, On uratowa\u0142 moje \u017cycie. Poczu\u0142em si\u0119 doceniony, wiem \u017ce Jezus jest tylko dobry i ma dla mnie cudowne obietnice, \u017ce jestem dla Niego wa\u017cny. W ko\u0144cu jest kto\u015b, komu mog\u0119 bez obawy zaufa\u0107 i odda\u0107 swoje \u017cycie i \u017ce Jezus ma dla mnie cudowne, szcz\u0119\u015bliwe, i spe\u0142nione \u017cycie jeszcze tu na tej ziemi. Jezus da\u0142 mi now\u0105 to\u017csamo\u015b\u0107, Swoj\u0105 to\u017csamo\u015b\u0107. Wiem \u017ce cho\u0107bym szed\u0142 ciemn\u0105 dolin\u0105, z\u0142a si\u0119 nie ul\u0119kn\u0119, bo Ty jeste\u015b ze mn\u0105<\/p>\n\n\n\n<p>Dzi\u0119kuj\u0119 te\u017c Bogu, \u017ce wybawi\u0142 moj\u0105 siostr\u0119, kt\u00f3ra jest mi najbli\u017csz\u0105 osob\u0105 na \u015bwiecie (wybacz siostrzyczko, ale najbli\u017csz\u0105 po Jezusie).<\/p>\n\n\n\n<p>Dzi\u0119kuj\u0119 Mu za ka\u017cd\u0105 chwil\u0119 mojego \u017cycia z Nim. W Jezusie mam wszystko czego potrzebuj\u0119. Pragn\u0119 tylko Jego woli w moim \u017cyciu. Jezus jest dla mnie wszystkim, wiem komu to wszystko zawdzi\u0119czam, a moim ulubionym wersetem z Biblii jest:<\/p>\n\n\n\n<p>W\u00f3wczas us\u0142ysza\u0142em g\u0142os Pana, kogo po\u015bl\u0119, kto mi p\u00f3jdzie, i odpowiedzia\u0142em oto jestem, po\u015blij mnie.<\/p>\n\n\n\n<p>Bardzo te\u017c pragn\u0119 drogi czytelniku, aby\u015b je\u015bli jeszcze nie pozna\u0142e\u015b takiego Boga, jakiego pozna\u0142em ja, a zmagasz si\u0119 z podobnymi problemami, zawo\u0142a\u0142 do Niego, do Jezusa Chrystusa, a On Ci\u0119 wys\u0142ucha, nie odtr\u0105ci, Jezus tylko czeka na ka\u017cdego z nas, On ka\u017cdego z nas kocha mi\u0142o\u015bci\u0105 tak pe\u0142n\u0105 i doskona\u0142\u0105, \u017ce umar\u0142 za nas na krzy\u017cu. W Jezusie i tylko w Nim jest nasze zwyci\u0119stwo.<\/p>\n\n\n\n<p>Je\u015bli masz pytania zach\u0119cam do kontaktu.<br>Jarek<\/p>\n\n\n\n<p><\/p>\n","protected":false},"excerpt":{"rendered":"<p>Copyright \u00a9 Rozpowszechnianie i kopiowanie wy\u0142\u0105cznie za pozwoleniem KBWCH &#8222;S\u0142owo \u017bycia&#8221;.Je\u017celi potrzebujesz modlitwy lub chcesz porozmawia\u0107 z Jarkiem, skontaktuj si\u0119 z biurem ko\u015bcio\u0142a lub przez facebook. Pochodz\u0119 z rodziny tzw. robotniczej, w kt\u00f3rej od najm\u0142odszych moich lat alkohol by\u0142 na porz\u0105dku dziennym. Wi\u0105za\u0142o si\u0119 to z awanturami, przemoc\u0105 domow\u0105, ci\u0105g\u0142ym niepokojem, wstydem i strachem. Tak &hellip;<\/p>\n<p class=\"read-more\"> <a class=\"\" href=\"https:\/\/slowozycia.org\/index.php\/swiadectwa\/bog-mnie-wybawil-i-powiedzial-pojdz-za-mna\/\"> <span class=\"screen-reader-text\">B\u00f3g mnie wybawi\u0142 i powiedzia\u0142: p\u00f3jd\u017a za mn\u0105.<\/span> Read More &raquo;<\/a><\/p>\n","protected":false},"author":3,"featured_media":0,"parent":21,"menu_order":0,"comment_status":"closed","ping_status":"closed","template":"","meta":{"site-sidebar-layout":"default","site-content-layout":"default","ast-global-header-display":"","ast-main-header-display":"","ast-hfb-above-header-display":"","ast-hfb-below-header-display":"","ast-hfb-mobile-header-display":"","site-post-title":"","ast-breadcrumbs-content":"","ast-featured-img":"","footer-sml-layout":"","theme-transparent-header-meta":"","adv-header-id-meta":"","stick-header-meta":"","header-above-stick-meta":"","header-main-stick-meta":"","header-below-stick-meta":"","footnotes":""},"class_list":["post-469","page","type-page","status-publish","hentry"],"_links":{"self":[{"href":"https:\/\/slowozycia.org\/index.php\/wp-json\/wp\/v2\/pages\/469","targetHints":{"allow":["GET"]}}],"collection":[{"href":"https:\/\/slowozycia.org\/index.php\/wp-json\/wp\/v2\/pages"}],"about":[{"href":"https:\/\/slowozycia.org\/index.php\/wp-json\/wp\/v2\/types\/page"}],"author":[{"embeddable":true,"href":"https:\/\/slowozycia.org\/index.php\/wp-json\/wp\/v2\/users\/3"}],"replies":[{"embeddable":true,"href":"https:\/\/slowozycia.org\/index.php\/wp-json\/wp\/v2\/comments?post=469"}],"version-history":[{"count":1,"href":"https:\/\/slowozycia.org\/index.php\/wp-json\/wp\/v2\/pages\/469\/revisions"}],"predecessor-version":[{"id":470,"href":"https:\/\/slowozycia.org\/index.php\/wp-json\/wp\/v2\/pages\/469\/revisions\/470"}],"up":[{"embeddable":true,"href":"https:\/\/slowozycia.org\/index.php\/wp-json\/wp\/v2\/pages\/21"}],"wp:attachment":[{"href":"https:\/\/slowozycia.org\/index.php\/wp-json\/wp\/v2\/media?parent=469"}],"curies":[{"name":"wp","href":"https:\/\/api.w.org\/{rel}","templated":true}]}}