{"id":460,"date":"2024-09-16T20:35:48","date_gmt":"2024-09-16T18:35:48","guid":{"rendered":"https:\/\/slowozycia.org\/?page_id=460"},"modified":"2024-09-16T20:37:10","modified_gmt":"2024-09-16T18:37:10","slug":"swiadectwo-bozej-ochrony","status":"publish","type":"page","link":"https:\/\/slowozycia.org\/index.php\/swiadectwa\/swiadectwo-bozej-ochrony\/","title":{"rendered":"\u015awiadectwo Bo\u017cej ochrony"},"content":{"rendered":"\n<p><em><mark style=\"background-color:rgba(0, 0, 0, 0)\" class=\"has-inline-color has-ast-global-color-0-color\">Copyright \u00a9 Rozpowszechnianie i kopiowanie wy\u0142\u0105cznie za pozwoleniem KBWCH &#8222;S\u0142owo \u017bycia&#8221;.<\/mark><\/em><br><em><mark style=\"background-color:rgba(0, 0, 0, 0)\" class=\"has-inline-color has-ast-global-color-0-color\">Je\u017celi potrzebujesz modlitwy lub chcesz porozmawia\u0107 z Krzysztofem, <a href=\"https:\/\/slowozycia.org\/index.php\/kontakt\/\" data-type=\"page\" data-id=\"17\">skontaktuj <\/a>si\u0119 z biurem ko\u015bcio\u0142a lub przez <a href=\"https:\/\/www.facebook.com\/SlowoZycia\/\" data-type=\"link\" data-id=\"https:\/\/www.facebook.com\/SlowoZycia\/\">facebook<\/a>.<\/mark><\/em><\/p>\n\n\n\n<p>Jednej nocy mia\u0142am bardzo wyra\u017any sen. <br>Widzia\u0142am sw\u00f3j dom, pod kt\u00f3ry podjecha\u0142a p\u00f3\u0142ci\u0119\u017car\u00f3wka, a z domu w po\u015bpiechu wynoszone by\u0142y cenne rzeczy. Wiedzia\u0142am \u017ce to kradzie\u017c. Zacz\u0119\u0142am odczuwa\u0107 z\u0142o\u015b\u0107, b\u00f3l i bezsilno\u015b\u0107. Wtedy us\u0142ysza\u0142am wyra\u017any g\u0142os, kt\u00f3ry powiedzia\u0142 do mnie: \u201eSta\u0142o si\u0119 to, poniewa\u017c kto\u015b podrobi\u0142 klucze\u201d.<br>Wiedzia\u0142am te\u017c, \u017ce dom by\u0142 przez jaki\u015b czas obserwowany. Sen by\u0142 wyra\u017any i niepokoj\u0105cy. Modli\u0142am si\u0119 o ochron\u0119 Bo\u017c\u0105 oraz prosi\u0142am o wsparcie ko\u015bci\u00f3\u0142.<br>Po oko\u0142o 10 dniach m\u00f3j syn wr\u00f3ci\u0142 ze szko\u0142y i oznajmi\u0142, \u017ce kto\u015b ukrad\u0142 mu portfel z dokumentami. Spyta\u0142am, czy mia\u0142 tam klucze. Odpar\u0142, \u017ce tak.<br>Po 2-ch dniach portfel odnalaz\u0142 si\u0119, jednak ja ostrze\u017cona przez sen, zleci\u0142am wymian\u0119 zamk\u00f3w na nowe w obu drzwiach naszego domu.<br>Przez dwa, trzy miesi\u0105ce nic si\u0119 nie dzia\u0142o. Wszyscy zapomnieli\u015bmy o \u015bnie, gdy jednej niedzieli (pami\u0119tam, \u017ce tego dnia by\u0142a akurat prawos\u0142awna wielkanoc) wr\u00f3cili\u015bmy jak zwykle z ko\u015bcio\u0142a i nie mogli\u015bmy otworzy\u0107 domu, poniewa\u017c zamki obu drzwi by\u0142y uszkodzone i kr\u0119ci\u0142y si\u0119 w nich klucze. Policja stwierdzi\u0142a pr\u00f3b\u0119 w\u0142amania, jednak z\u0142odziejom nie uda\u0142o si\u0119 dosta\u0107 do \u015brodka.<br>B\u00f3g strze\u017ce swoich wybranych. Psalm 16,1 m\u00f3wi: \u201eStrze\u017c mnie, o Bo\u017ce, bo tobie ufam.\u201d<br>Wiem, \u017ce tego dnia przyszli z\u0142odzieje z podrobionymi kluczami, a na uliczce obok czeka\u0142a p\u00f3\u0142ci\u0119\u017car\u00f3wka, dok\u0142adnie tak, jak B\u00f3g pokaza\u0142 to we \u015bnie.<br>Dom nasz by\u0142 te\u017c obserwowany, poniewa\u017c kradzie\u017c zosta\u0142a zaplanowana na niedziel\u0119 rano, kiedy zwykle wszyscy jeste\u015bmy w ko\u015bciele.<br>Z\u0142odzieje liczyli na \u0142atwe wej\u015bcie do naszego domu. Gdy ich z\u0142y plan zosta\u0142 pokrzy\u017cowany przez ingerencj\u0119 Bo\u017c\u0105, pr\u00f3bowali w\u0142amania wytrychem, ale nieskutecznie.<br>Dzi\u0119kuj\u0119 Bogu za Jego ochron\u0119 i powtarzam za \u015bwi\u0119tym Paw\u0142em:<br>\u201eC\u00f3\u017c wi\u0119c powiemy? Je\u017celi B\u00f3g za nami, to kt\u00f3\u017c przeciwko nam?\u201d<br>Ma\u0142gorzata<\/p>\n","protected":false},"excerpt":{"rendered":"<p>Copyright \u00a9 Rozpowszechnianie i kopiowanie wy\u0142\u0105cznie za pozwoleniem KBWCH &#8222;S\u0142owo \u017bycia&#8221;.Je\u017celi potrzebujesz modlitwy lub chcesz porozmawia\u0107 z Krzysztofem, skontaktuj si\u0119 z biurem ko\u015bcio\u0142a lub przez facebook. Jednej nocy mia\u0142am bardzo wyra\u017any sen. Widzia\u0142am sw\u00f3j dom, pod kt\u00f3ry podjecha\u0142a p\u00f3\u0142ci\u0119\u017car\u00f3wka, a z domu w po\u015bpiechu wynoszone by\u0142y cenne rzeczy. Wiedzia\u0142am \u017ce to kradzie\u017c. Zacz\u0119\u0142am odczuwa\u0107 z\u0142o\u015b\u0107, &hellip;<\/p>\n<p class=\"read-more\"> <a class=\"\" href=\"https:\/\/slowozycia.org\/index.php\/swiadectwa\/swiadectwo-bozej-ochrony\/\"> <span class=\"screen-reader-text\">\u015awiadectwo Bo\u017cej ochrony<\/span> Read More &raquo;<\/a><\/p>\n","protected":false},"author":3,"featured_media":0,"parent":21,"menu_order":0,"comment_status":"closed","ping_status":"closed","template":"","meta":{"site-sidebar-layout":"default","site-content-layout":"default","ast-global-header-display":"","ast-main-header-display":"","ast-hfb-above-header-display":"","ast-hfb-below-header-display":"","ast-hfb-mobile-header-display":"","site-post-title":"","ast-breadcrumbs-content":"","ast-featured-img":"","footer-sml-layout":"","theme-transparent-header-meta":"","adv-header-id-meta":"","stick-header-meta":"","header-above-stick-meta":"","header-main-stick-meta":"","header-below-stick-meta":"","footnotes":""},"class_list":["post-460","page","type-page","status-publish","hentry"],"_links":{"self":[{"href":"https:\/\/slowozycia.org\/index.php\/wp-json\/wp\/v2\/pages\/460","targetHints":{"allow":["GET"]}}],"collection":[{"href":"https:\/\/slowozycia.org\/index.php\/wp-json\/wp\/v2\/pages"}],"about":[{"href":"https:\/\/slowozycia.org\/index.php\/wp-json\/wp\/v2\/types\/page"}],"author":[{"embeddable":true,"href":"https:\/\/slowozycia.org\/index.php\/wp-json\/wp\/v2\/users\/3"}],"replies":[{"embeddable":true,"href":"https:\/\/slowozycia.org\/index.php\/wp-json\/wp\/v2\/comments?post=460"}],"version-history":[{"count":2,"href":"https:\/\/slowozycia.org\/index.php\/wp-json\/wp\/v2\/pages\/460\/revisions"}],"predecessor-version":[{"id":462,"href":"https:\/\/slowozycia.org\/index.php\/wp-json\/wp\/v2\/pages\/460\/revisions\/462"}],"up":[{"embeddable":true,"href":"https:\/\/slowozycia.org\/index.php\/wp-json\/wp\/v2\/pages\/21"}],"wp:attachment":[{"href":"https:\/\/slowozycia.org\/index.php\/wp-json\/wp\/v2\/media?parent=460"}],"curies":[{"name":"wp","href":"https:\/\/api.w.org\/{rel}","templated":true}]}}