{"id":437,"date":"2024-09-16T18:55:58","date_gmt":"2024-09-16T16:55:58","guid":{"rendered":"https:\/\/slowozycia.org\/?page_id=437"},"modified":"2024-09-16T19:49:05","modified_gmt":"2024-09-16T17:49:05","slug":"swiadectwo-uzdrowienia-karolina","status":"publish","type":"page","link":"https:\/\/slowozycia.org\/index.php\/swiadectwa\/swiadectwo-uzdrowienia-karolina\/","title":{"rendered":"\u015awiadectwo uzdrowienia &#8211; Karolina"},"content":{"rendered":"\n<p><mark style=\"background-color:rgba(0, 0, 0, 0)\" class=\"has-inline-color has-ast-global-color-0-color\"><em>Copyright \u00a9 Rozpowszechnianie i kopiowanie wy\u0142\u0105cznie za pozwoleniem KBWCH &#8222;S\u0142owo \u017bycia&#8221;.<\/em><br><em>Je\u017celi potrzebujesz modlitwy lub chcesz porozmawia\u0107 z Karolin\u0105, <a href=\"https:\/\/slowozycia.org\/index.php\/kontakt\/\" data-type=\"page\" data-id=\"17\">skontaktuj<\/a> si\u0119 z biurem ko\u015bcio\u0142a lub przez <a href=\"https:\/\/www.facebook.com\/SlowoZycia\/\" data-type=\"link\" data-id=\"https:\/\/www.facebook.com\/SlowoZycia\/\">facebook<\/a>.<\/em><\/mark><\/p>\n\n\n\n<p>\u015awiadectwo uzdrowienia i przyj\u0119cia Jezusa &#8211; Karolina<\/p>\n\n\n\n<p>W zesz\u0142ym roku w lipcu moja bliska kole\u017canka opowiada\u0142a mi o wydarzeniu chrze\u015bcija\u0144skim, na kt\u00f3rym by\u0142a we Wroc\u0142awiu. Zainteresowa\u0142o mnie to, gdy\u017c popsu\u0142o mi si\u0119 zdr\u00f3wko. Wi\u0119c w\u0142\u0105czy\u0142am YouTube i zacz\u0119\u0142am ogl\u0105da\u0107 przekaz online, w\u00f3wczas podczas modlitwy mia\u0142am zamkni\u0119te oczy i ukaza\u0142 mi si\u0119 kszta\u0142t twarzy Jezusa Chrystusa w bardzo jasnej po\u015bwiecie. Jak otworzy\u0142am oczy, nad synem tak\u017ce by\u0142a taka po\u015bwiata oraz w ca\u0142ym mieszkaniu i poczu\u0142am ciep\u0142o w sercu. <br>Gdy nadszed\u0142 23 lipca i badanie USG wykaza\u0142o, \u017ce mam wielotorbielowato\u015b\u0107 lewej nerki i nerka nie funkcjonuje. Za\u0142ama\u0142am si\u0119. Wszystko zacz\u0119\u0142am widzie\u0107 w ciemnych barwach. Moja kole\u017canka bardzo mnie pociesza\u0142a i m\u00f3wi\u0142a, \u017ce Jezus uzdrawia, ale trzeba wierzy\u0107. Za jaki\u015b czas m\u00f3wi\u0142a, \u017ce chodzi do ko\u015bcio\u0142a charyzmatycznego na ul. Warszawskiej 43 i zach\u0119ca\u0142a, abym posz\u0142a razem z ni\u0105. I tak namawia\u0142a, a\u017c nam\u00f3wi\u0142a i posz\u0142am. Bardzo mi si\u0119 spodoba\u0142o. P\u00f3\u017aniej by\u0142a grupa domowa u Eli i Leszka, i u nich na pocz\u0105tku czerwca 2024r przyj\u0119\u0142am Jezusa Chrystusa do swojego serca i zacz\u0119\u0142am i\u015b\u0107 Jego drog\u0105.<\/p>\n\n\n\n<p>Tydzie\u0144 p\u00f3\u017aniej zacz\u0119\u0142y si\u0119 modlitwy o uzdrowienie mojej krwi, nerek i sk\u00f3ry r\u0105k od \u0142uszczycy. Zacz\u0119\u0142am ucz\u0119szcza\u0107 na wszystkie grupy oraz nabo\u017ce\u0144stwa. 5 lipca zrobi\u0142am wyniki krwi i wyniki by\u0142y bardzo dobre, tak\u017ce wynik filtracji nerek. W dniu 8 lipca urolog stwierdzi\u0142, \u017ce s\u0105 torbiele, ale nerka podj\u0119\u0142a prac\u0119. Powiedzia\u0142, \u017ce trzeba zrobi\u0107 tomografi\u0119 komputerow\u0105. W dniu 24.08. zrobi\u0142am, ale ca\u0142y czas by\u0142y modlitwy o uzdrowienie. <strong>Po miesi\u0105cu odebra\u0142am wynik, a tam nie ma ani s\u0142owa o torbielach na nerce.<\/strong> <strong>Pe\u0142ne uzdrowienie nerek, krwi oraz \u0142uszczycy<\/strong>. Dzi\u0119kuj\u0119 Bogu i chwal\u0119 Pana codziennie za to,  \u017ce jestem w pe\u0142ni zdrowa. Alleluja Alleluja. Amen!<br><\/p>\n","protected":false},"excerpt":{"rendered":"<p>Copyright \u00a9 Rozpowszechnianie i kopiowanie wy\u0142\u0105cznie za pozwoleniem KBWCH &#8222;S\u0142owo \u017bycia&#8221;.Je\u017celi potrzebujesz modlitwy lub chcesz porozmawia\u0107 z Karolin\u0105, skontaktuj si\u0119 z biurem ko\u015bcio\u0142a lub przez facebook. \u015awiadectwo uzdrowienia i przyj\u0119cia Jezusa &#8211; Karolina W zesz\u0142ym roku w lipcu moja bliska kole\u017canka opowiada\u0142a mi o wydarzeniu chrze\u015bcija\u0144skim, na kt\u00f3rym by\u0142a we Wroc\u0142awiu. Zainteresowa\u0142o mnie to, gdy\u017c &hellip;<\/p>\n<p class=\"read-more\"> <a class=\"\" href=\"https:\/\/slowozycia.org\/index.php\/swiadectwa\/swiadectwo-uzdrowienia-karolina\/\"> <span class=\"screen-reader-text\">\u015awiadectwo uzdrowienia &#8211; Karolina<\/span> Read More &raquo;<\/a><\/p>\n","protected":false},"author":3,"featured_media":0,"parent":21,"menu_order":0,"comment_status":"closed","ping_status":"closed","template":"","meta":{"site-sidebar-layout":"default","site-content-layout":"default","ast-global-header-display":"","ast-main-header-display":"","ast-hfb-above-header-display":"","ast-hfb-below-header-display":"","ast-hfb-mobile-header-display":"","site-post-title":"","ast-breadcrumbs-content":"","ast-featured-img":"","footer-sml-layout":"","theme-transparent-header-meta":"","adv-header-id-meta":"","stick-header-meta":"","header-above-stick-meta":"","header-main-stick-meta":"","header-below-stick-meta":"","footnotes":""},"class_list":["post-437","page","type-page","status-publish","hentry"],"_links":{"self":[{"href":"https:\/\/slowozycia.org\/index.php\/wp-json\/wp\/v2\/pages\/437","targetHints":{"allow":["GET"]}}],"collection":[{"href":"https:\/\/slowozycia.org\/index.php\/wp-json\/wp\/v2\/pages"}],"about":[{"href":"https:\/\/slowozycia.org\/index.php\/wp-json\/wp\/v2\/types\/page"}],"author":[{"embeddable":true,"href":"https:\/\/slowozycia.org\/index.php\/wp-json\/wp\/v2\/users\/3"}],"replies":[{"embeddable":true,"href":"https:\/\/slowozycia.org\/index.php\/wp-json\/wp\/v2\/comments?post=437"}],"version-history":[{"count":5,"href":"https:\/\/slowozycia.org\/index.php\/wp-json\/wp\/v2\/pages\/437\/revisions"}],"predecessor-version":[{"id":459,"href":"https:\/\/slowozycia.org\/index.php\/wp-json\/wp\/v2\/pages\/437\/revisions\/459"}],"up":[{"embeddable":true,"href":"https:\/\/slowozycia.org\/index.php\/wp-json\/wp\/v2\/pages\/21"}],"wp:attachment":[{"href":"https:\/\/slowozycia.org\/index.php\/wp-json\/wp\/v2\/media?parent=437"}],"curies":[{"name":"wp","href":"https:\/\/api.w.org\/{rel}","templated":true}]}}