{"id":390,"date":"2024-09-14T18:07:51","date_gmt":"2024-09-14T16:07:51","guid":{"rendered":"https:\/\/slowozycia.org\/?page_id=390"},"modified":"2024-09-14T18:10:05","modified_gmt":"2024-09-14T16:10:05","slug":"pomoc-duchowa","status":"publish","type":"page","link":"https:\/\/slowozycia.org\/index.php\/inicjatywy\/pomoc-duchowa\/","title":{"rendered":"Pomoc duchowa"},"content":{"rendered":"\n<div class=\"wp-block-media-text has-media-on-the-right is-stacked-on-mobile\" style=\"grid-template-columns:auto 33%\"><div class=\"wp-block-media-text__content\">\n<p>Pomoc duchowa to nic innego jak Bo\u017ca pomoc dla wszystkich, kt\u00f3rzy jej potrzebuj\u0105. Nasze \u017cyciowe oraz duchowe do\u015bwiadczenie wskazuj\u0105, \u017ce za wieloma problemami (na\u0142ogami, przekle\u0144stwami, s\u0142abo\u015bciami) kryj\u0105 si\u0119 nie tylko przyczyny naturalne ale tak\u017ce maj\u0105 one korzenie duchowe. Nie musisz chodzi\u0107 ze swoim brzemieniem i problemem sam, gdy\u017c ch\u0119tnie ci pomo\u017cemy, oczywi\u015bcie bezp\u0142atnie.<\/p>\n\n\n\n<ul class=\"wp-block-list\">\n<li>rozmowy<\/li>\n\n\n\n<li>modlitwy<\/li>\n\n\n\n<li>poradnictwo<\/li>\n<\/ul>\n<\/div><figure class=\"wp-block-media-text__media\"><img loading=\"lazy\" decoding=\"async\" width=\"1024\" height=\"768\" src=\"https:\/\/slowozycia.org\/wp-content\/uploads\/2024\/09\/349333350_278511501317851_2203373856953323783_n-1024x768.jpg\" alt=\"\" class=\"wp-image-391 size-full\" srcset=\"https:\/\/slowozycia.org\/wp-content\/uploads\/2024\/09\/349333350_278511501317851_2203373856953323783_n-1024x768.jpg 1024w, https:\/\/slowozycia.org\/wp-content\/uploads\/2024\/09\/349333350_278511501317851_2203373856953323783_n-300x225.jpg 300w, https:\/\/slowozycia.org\/wp-content\/uploads\/2024\/09\/349333350_278511501317851_2203373856953323783_n-768x576.jpg 768w, https:\/\/slowozycia.org\/wp-content\/uploads\/2024\/09\/349333350_278511501317851_2203373856953323783_n-1536x1152.jpg 1536w, https:\/\/slowozycia.org\/wp-content\/uploads\/2024\/09\/349333350_278511501317851_2203373856953323783_n.jpg 2048w\" sizes=\"auto, (max-width: 1024px) 100vw, 1024px\" \/><\/figure><\/div>\n","protected":false},"excerpt":{"rendered":"","protected":false},"author":3,"featured_media":0,"parent":19,"menu_order":0,"comment_status":"closed","ping_status":"closed","template":"","meta":{"site-sidebar-layout":"default","site-content-layout":"default","ast-global-header-display":"","ast-main-header-display":"","ast-hfb-above-header-display":"","ast-hfb-below-header-display":"","ast-hfb-mobile-header-display":"","site-post-title":"","ast-breadcrumbs-content":"","ast-featured-img":"","footer-sml-layout":"","theme-transparent-header-meta":"","adv-header-id-meta":"","stick-header-meta":"","header-above-stick-meta":"","header-main-stick-meta":"","header-below-stick-meta":"","footnotes":""},"class_list":["post-390","page","type-page","status-publish","hentry"],"_links":{"self":[{"href":"https:\/\/slowozycia.org\/index.php\/wp-json\/wp\/v2\/pages\/390","targetHints":{"allow":["GET"]}}],"collection":[{"href":"https:\/\/slowozycia.org\/index.php\/wp-json\/wp\/v2\/pages"}],"about":[{"href":"https:\/\/slowozycia.org\/index.php\/wp-json\/wp\/v2\/types\/page"}],"author":[{"embeddable":true,"href":"https:\/\/slowozycia.org\/index.php\/wp-json\/wp\/v2\/users\/3"}],"replies":[{"embeddable":true,"href":"https:\/\/slowozycia.org\/index.php\/wp-json\/wp\/v2\/comments?post=390"}],"version-history":[{"count":3,"href":"https:\/\/slowozycia.org\/index.php\/wp-json\/wp\/v2\/pages\/390\/revisions"}],"predecessor-version":[{"id":395,"href":"https:\/\/slowozycia.org\/index.php\/wp-json\/wp\/v2\/pages\/390\/revisions\/395"}],"up":[{"embeddable":true,"href":"https:\/\/slowozycia.org\/index.php\/wp-json\/wp\/v2\/pages\/19"}],"wp:attachment":[{"href":"https:\/\/slowozycia.org\/index.php\/wp-json\/wp\/v2\/media?parent=390"}],"curies":[{"name":"wp","href":"https:\/\/api.w.org\/{rel}","templated":true}]}}