{"id":380,"date":"2024-09-14T17:54:44","date_gmt":"2024-09-14T15:54:44","guid":{"rendered":"https:\/\/slowozycia.org\/?page_id=380"},"modified":"2024-09-14T17:54:44","modified_gmt":"2024-09-14T15:54:44","slug":"szkolka-niedzielna","status":"publish","type":"page","link":"https:\/\/slowozycia.org\/index.php\/inicjatywy\/szkolka-niedzielna\/","title":{"rendered":"Szk\u00f3\u0142ka niedzielna"},"content":{"rendered":"\n<div class=\"wp-block-media-text is-stacked-on-mobile\" style=\"grid-template-columns:26% auto\"><figure class=\"wp-block-media-text__media\"><img loading=\"lazy\" decoding=\"async\" width=\"720\" height=\"960\" src=\"https:\/\/slowozycia.org\/wp-content\/uploads\/2024\/09\/336694118_690540992871821_2368201576499688136_n.jpg\" alt=\"\" class=\"wp-image-374 size-full\" srcset=\"https:\/\/slowozycia.org\/wp-content\/uploads\/2024\/09\/336694118_690540992871821_2368201576499688136_n.jpg 720w, https:\/\/slowozycia.org\/wp-content\/uploads\/2024\/09\/336694118_690540992871821_2368201576499688136_n-225x300.jpg 225w\" sizes=\"auto, (max-width: 720px) 100vw, 720px\" \/><\/figure><div class=\"wp-block-media-text__content\">\n<p>Zapraszamy dzieci na szk\u00f3\u0142k\u0119 niedzieln\u0105, jest to dobry czas nauki i zabawy. Mamy tak\u017ce miejsce dla maluch\u00f3w, gdzie opiekunowie mog\u0105 ogl\u0105da\u0107 nabo\u017ce\u0144stwo na tv. <\/p>\n\n\n\n<figure class=\"wp-block-gallery has-nested-images columns-default is-cropped wp-block-gallery-1 is-layout-flex wp-block-gallery-is-layout-flex\">\n<figure class=\"wp-block-image size-large\"><img loading=\"lazy\" decoding=\"async\" width=\"1024\" height=\"768\" data-id=\"376\" src=\"https:\/\/slowozycia.org\/wp-content\/uploads\/2024\/09\/287711711_10228841469405595_8465966950471510548_n-1024x768.jpg\" alt=\"\" class=\"wp-image-376\" srcset=\"https:\/\/slowozycia.org\/wp-content\/uploads\/2024\/09\/287711711_10228841469405595_8465966950471510548_n-1024x768.jpg 1024w, https:\/\/slowozycia.org\/wp-content\/uploads\/2024\/09\/287711711_10228841469405595_8465966950471510548_n-300x225.jpg 300w, https:\/\/slowozycia.org\/wp-content\/uploads\/2024\/09\/287711711_10228841469405595_8465966950471510548_n-768x576.jpg 768w, https:\/\/slowozycia.org\/wp-content\/uploads\/2024\/09\/287711711_10228841469405595_8465966950471510548_n-1536x1152.jpg 1536w, https:\/\/slowozycia.org\/wp-content\/uploads\/2024\/09\/287711711_10228841469405595_8465966950471510548_n.jpg 2048w\" sizes=\"auto, (max-width: 1024px) 100vw, 1024px\" \/><\/figure>\n\n\n\n<figure class=\"wp-block-image size-large\"><img loading=\"lazy\" decoding=\"async\" width=\"1024\" height=\"768\" data-id=\"377\" src=\"https:\/\/slowozycia.org\/wp-content\/uploads\/2024\/09\/289480031_10228841468845581_9061952937716769396_n-1024x768.jpg\" alt=\"\" class=\"wp-image-377\" srcset=\"https:\/\/slowozycia.org\/wp-content\/uploads\/2024\/09\/289480031_10228841468845581_9061952937716769396_n-1024x768.jpg 1024w, https:\/\/slowozycia.org\/wp-content\/uploads\/2024\/09\/289480031_10228841468845581_9061952937716769396_n-300x225.jpg 300w, https:\/\/slowozycia.org\/wp-content\/uploads\/2024\/09\/289480031_10228841468845581_9061952937716769396_n-768x576.jpg 768w, https:\/\/slowozycia.org\/wp-content\/uploads\/2024\/09\/289480031_10228841468845581_9061952937716769396_n-1536x1152.jpg 1536w, https:\/\/slowozycia.org\/wp-content\/uploads\/2024\/09\/289480031_10228841468845581_9061952937716769396_n.jpg 2048w\" sizes=\"auto, (max-width: 1024px) 100vw, 1024px\" \/><\/figure>\n\n\n\n<figure class=\"wp-block-image size-large\"><img loading=\"lazy\" decoding=\"async\" width=\"720\" height=\"960\" data-id=\"375\" src=\"https:\/\/slowozycia.org\/wp-content\/uploads\/2024\/09\/336698296_209710395043057_3399430818308031004_n-1.jpg\" alt=\"\" class=\"wp-image-375\" srcset=\"https:\/\/slowozycia.org\/wp-content\/uploads\/2024\/09\/336698296_209710395043057_3399430818308031004_n-1.jpg 720w, https:\/\/slowozycia.org\/wp-content\/uploads\/2024\/09\/336698296_209710395043057_3399430818308031004_n-1-225x300.jpg 225w\" sizes=\"auto, (max-width: 720px) 100vw, 720px\" \/><\/figure>\n<\/figure>\n<\/div><\/div>\n","protected":false},"excerpt":{"rendered":"","protected":false},"author":3,"featured_media":0,"parent":19,"menu_order":0,"comment_status":"closed","ping_status":"closed","template":"","meta":{"site-sidebar-layout":"default","site-content-layout":"default","ast-global-header-display":"","ast-main-header-display":"","ast-hfb-above-header-display":"","ast-hfb-below-header-display":"","ast-hfb-mobile-header-display":"","site-post-title":"","ast-breadcrumbs-content":"","ast-featured-img":"","footer-sml-layout":"","theme-transparent-header-meta":"","adv-header-id-meta":"","stick-header-meta":"","header-above-stick-meta":"","header-main-stick-meta":"","header-below-stick-meta":"","footnotes":""},"class_list":["post-380","page","type-page","status-publish","hentry"],"_links":{"self":[{"href":"https:\/\/slowozycia.org\/index.php\/wp-json\/wp\/v2\/pages\/380","targetHints":{"allow":["GET"]}}],"collection":[{"href":"https:\/\/slowozycia.org\/index.php\/wp-json\/wp\/v2\/pages"}],"about":[{"href":"https:\/\/slowozycia.org\/index.php\/wp-json\/wp\/v2\/types\/page"}],"author":[{"embeddable":true,"href":"https:\/\/slowozycia.org\/index.php\/wp-json\/wp\/v2\/users\/3"}],"replies":[{"embeddable":true,"href":"https:\/\/slowozycia.org\/index.php\/wp-json\/wp\/v2\/comments?post=380"}],"version-history":[{"count":1,"href":"https:\/\/slowozycia.org\/index.php\/wp-json\/wp\/v2\/pages\/380\/revisions"}],"predecessor-version":[{"id":381,"href":"https:\/\/slowozycia.org\/index.php\/wp-json\/wp\/v2\/pages\/380\/revisions\/381"}],"up":[{"embeddable":true,"href":"https:\/\/slowozycia.org\/index.php\/wp-json\/wp\/v2\/pages\/19"}],"wp:attachment":[{"href":"https:\/\/slowozycia.org\/index.php\/wp-json\/wp\/v2\/media?parent=380"}],"curies":[{"name":"wp","href":"https:\/\/api.w.org\/{rel}","templated":true}]}}