{"id":334,"date":"2024-09-14T16:51:26","date_gmt":"2024-09-14T14:51:26","guid":{"rendered":"https:\/\/slowozycia.org\/?page_id=334"},"modified":"2024-09-14T18:22:23","modified_gmt":"2024-09-14T16:22:23","slug":"rekreacja","status":"publish","type":"page","link":"https:\/\/slowozycia.org\/index.php\/inicjatywy\/rekreacja\/","title":{"rendered":"Rekreacja"},"content":{"rendered":"\n<div class=\"wp-block-media-text is-stacked-on-mobile\" style=\"grid-template-columns:32% auto\"><figure class=\"wp-block-media-text__media\"><img loading=\"lazy\" decoding=\"async\" width=\"1024\" height=\"768\" src=\"https:\/\/slowozycia.org\/wp-content\/uploads\/2024\/09\/367426961_2290211624702161_2677978815443397078_n-1024x768.jpg\" alt=\"\" class=\"wp-image-403 size-full\" srcset=\"https:\/\/slowozycia.org\/wp-content\/uploads\/2024\/09\/367426961_2290211624702161_2677978815443397078_n-1024x768.jpg 1024w, https:\/\/slowozycia.org\/wp-content\/uploads\/2024\/09\/367426961_2290211624702161_2677978815443397078_n-300x225.jpg 300w, https:\/\/slowozycia.org\/wp-content\/uploads\/2024\/09\/367426961_2290211624702161_2677978815443397078_n-768x576.jpg 768w, https:\/\/slowozycia.org\/wp-content\/uploads\/2024\/09\/367426961_2290211624702161_2677978815443397078_n-1536x1152.jpg 1536w, https:\/\/slowozycia.org\/wp-content\/uploads\/2024\/09\/367426961_2290211624702161_2677978815443397078_n.jpg 2048w\" sizes=\"auto, (max-width: 1024px) 100vw, 1024px\" \/><\/figure><div class=\"wp-block-media-text__content\">\n<p>Organizujemy wycieczki oraz wsp\u00f3lne iwenty ko\u015bcielne, grille, sp\u0142ywy itp. atrakcje.<\/p>\n\n\n\n<p>&#8211; sp\u0142ywy kajakowe po Narwi i Supra\u015bli, sp\u0142yw tratwami po Biebrzy<br>&#8211; wycieczki nad wod\u0119 (Siemian\u00f3wka, Czarna Bia\u0142ostocka)<br>&#8211; imprezy w budynku ko\u015bcielnym, np. spotkanie noworoczne<br>&#8211; i inne<\/p>\n<\/div><\/div>\n\n\n\n<ul class=\"wp-block-list\"><\/ul>\n\n\n\n<figure class=\"wp-block-gallery has-nested-images columns-default is-cropped wp-block-gallery-1 is-layout-flex wp-block-gallery-is-layout-flex\">\n<figure class=\"wp-block-image size-large\"><img loading=\"lazy\" decoding=\"async\" width=\"768\" height=\"1024\" data-id=\"339\" src=\"https:\/\/slowozycia.org\/wp-content\/uploads\/2024\/09\/448186106_8099089820155258_5695751990212609979_n-768x1024.jpg\" alt=\"\" class=\"wp-image-339\" srcset=\"https:\/\/slowozycia.org\/wp-content\/uploads\/2024\/09\/448186106_8099089820155258_5695751990212609979_n-768x1024.jpg 768w, https:\/\/slowozycia.org\/wp-content\/uploads\/2024\/09\/448186106_8099089820155258_5695751990212609979_n-225x300.jpg 225w, https:\/\/slowozycia.org\/wp-content\/uploads\/2024\/09\/448186106_8099089820155258_5695751990212609979_n-1152x1536.jpg 1152w, https:\/\/slowozycia.org\/wp-content\/uploads\/2024\/09\/448186106_8099089820155258_5695751990212609979_n.jpg 1536w\" sizes=\"auto, (max-width: 768px) 100vw, 768px\" \/><\/figure>\n\n\n\n<figure class=\"wp-block-image size-large\"><img loading=\"lazy\" decoding=\"async\" width=\"768\" height=\"1024\" data-id=\"337\" src=\"https:\/\/slowozycia.org\/wp-content\/uploads\/2024\/09\/448440176_8099046706826236_1803247059728766870_n-768x1024.jpg\" alt=\"\" class=\"wp-image-337\" srcset=\"https:\/\/slowozycia.org\/wp-content\/uploads\/2024\/09\/448440176_8099046706826236_1803247059728766870_n-768x1024.jpg 768w, https:\/\/slowozycia.org\/wp-content\/uploads\/2024\/09\/448440176_8099046706826236_1803247059728766870_n-225x300.jpg 225w, https:\/\/slowozycia.org\/wp-content\/uploads\/2024\/09\/448440176_8099046706826236_1803247059728766870_n-1152x1536.jpg 1152w, https:\/\/slowozycia.org\/wp-content\/uploads\/2024\/09\/448440176_8099046706826236_1803247059728766870_n.jpg 1536w\" sizes=\"auto, (max-width: 768px) 100vw, 768px\" \/><\/figure>\n\n\n\n<figure class=\"wp-block-image size-large\"><img loading=\"lazy\" decoding=\"async\" width=\"768\" height=\"1024\" data-id=\"336\" src=\"https:\/\/slowozycia.org\/wp-content\/uploads\/2024\/09\/448481501_8099085520155688_2297724485669387834_n-768x1024.jpg\" alt=\"\" class=\"wp-image-336\" srcset=\"https:\/\/slowozycia.org\/wp-content\/uploads\/2024\/09\/448481501_8099085520155688_2297724485669387834_n-768x1024.jpg 768w, https:\/\/slowozycia.org\/wp-content\/uploads\/2024\/09\/448481501_8099085520155688_2297724485669387834_n-225x300.jpg 225w, https:\/\/slowozycia.org\/wp-content\/uploads\/2024\/09\/448481501_8099085520155688_2297724485669387834_n-1152x1536.jpg 1152w, https:\/\/slowozycia.org\/wp-content\/uploads\/2024\/09\/448481501_8099085520155688_2297724485669387834_n.jpg 1536w\" sizes=\"auto, (max-width: 768px) 100vw, 768px\" \/><\/figure>\n\n\n\n<figure class=\"wp-block-image size-large\"><img loading=\"lazy\" decoding=\"async\" width=\"768\" height=\"1024\" data-id=\"338\" src=\"https:\/\/slowozycia.org\/wp-content\/uploads\/2024\/09\/448484446_8099046190159621_3053229726380153982_n-768x1024.jpg\" alt=\"\" class=\"wp-image-338\" srcset=\"https:\/\/slowozycia.org\/wp-content\/uploads\/2024\/09\/448484446_8099046190159621_3053229726380153982_n-768x1024.jpg 768w, https:\/\/slowozycia.org\/wp-content\/uploads\/2024\/09\/448484446_8099046190159621_3053229726380153982_n-225x300.jpg 225w, https:\/\/slowozycia.org\/wp-content\/uploads\/2024\/09\/448484446_8099046190159621_3053229726380153982_n-1152x1536.jpg 1152w, https:\/\/slowozycia.org\/wp-content\/uploads\/2024\/09\/448484446_8099046190159621_3053229726380153982_n.jpg 1536w\" sizes=\"auto, (max-width: 768px) 100vw, 768px\" \/><\/figure>\n\n\n\n<figure class=\"wp-block-image size-large\"><img loading=\"lazy\" decoding=\"async\" width=\"768\" height=\"1024\" data-id=\"340\" src=\"https:\/\/slowozycia.org\/wp-content\/uploads\/2024\/09\/448499626_8099088203488753_5732291729984624607_n-768x1024.jpg\" alt=\"\" class=\"wp-image-340\" srcset=\"https:\/\/slowozycia.org\/wp-content\/uploads\/2024\/09\/448499626_8099088203488753_5732291729984624607_n-768x1024.jpg 768w, https:\/\/slowozycia.org\/wp-content\/uploads\/2024\/09\/448499626_8099088203488753_5732291729984624607_n-225x300.jpg 225w, https:\/\/slowozycia.org\/wp-content\/uploads\/2024\/09\/448499626_8099088203488753_5732291729984624607_n-1152x1536.jpg 1152w, https:\/\/slowozycia.org\/wp-content\/uploads\/2024\/09\/448499626_8099088203488753_5732291729984624607_n.jpg 1536w\" sizes=\"auto, (max-width: 768px) 100vw, 768px\" \/><\/figure>\n<\/figure>\n","protected":false},"excerpt":{"rendered":"<p>Organizujemy wycieczki oraz wsp\u00f3lne iwenty ko\u015bcielne, grille, sp\u0142ywy itp. atrakcje. &#8211; sp\u0142ywy kajakowe po Narwi i Supra\u015bli, sp\u0142yw tratwami po Biebrzy&#8211; wycieczki nad wod\u0119 (Siemian\u00f3wka, Czarna Bia\u0142ostocka)&#8211; imprezy w budynku ko\u015bcielnym, np. spotkanie noworoczne&#8211; i inne<\/p>\n","protected":false},"author":3,"featured_media":0,"parent":19,"menu_order":0,"comment_status":"closed","ping_status":"closed","template":"","meta":{"site-sidebar-layout":"default","site-content-layout":"default","ast-global-header-display":"","ast-main-header-display":"","ast-hfb-above-header-display":"","ast-hfb-below-header-display":"","ast-hfb-mobile-header-display":"","site-post-title":"","ast-breadcrumbs-content":"","ast-featured-img":"","footer-sml-layout":"","theme-transparent-header-meta":"","adv-header-id-meta":"","stick-header-meta":"","header-above-stick-meta":"","header-main-stick-meta":"","header-below-stick-meta":"","footnotes":""},"class_list":["post-334","page","type-page","status-publish","hentry"],"_links":{"self":[{"href":"https:\/\/slowozycia.org\/index.php\/wp-json\/wp\/v2\/pages\/334","targetHints":{"allow":["GET"]}}],"collection":[{"href":"https:\/\/slowozycia.org\/index.php\/wp-json\/wp\/v2\/pages"}],"about":[{"href":"https:\/\/slowozycia.org\/index.php\/wp-json\/wp\/v2\/types\/page"}],"author":[{"embeddable":true,"href":"https:\/\/slowozycia.org\/index.php\/wp-json\/wp\/v2\/users\/3"}],"replies":[{"embeddable":true,"href":"https:\/\/slowozycia.org\/index.php\/wp-json\/wp\/v2\/comments?post=334"}],"version-history":[{"count":6,"href":"https:\/\/slowozycia.org\/index.php\/wp-json\/wp\/v2\/pages\/334\/revisions"}],"predecessor-version":[{"id":405,"href":"https:\/\/slowozycia.org\/index.php\/wp-json\/wp\/v2\/pages\/334\/revisions\/405"}],"up":[{"embeddable":true,"href":"https:\/\/slowozycia.org\/index.php\/wp-json\/wp\/v2\/pages\/19"}],"wp:attachment":[{"href":"https:\/\/slowozycia.org\/index.php\/wp-json\/wp\/v2\/media?parent=334"}],"curies":[{"name":"wp","href":"https:\/\/api.w.org\/{rel}","templated":true}]}}