{"id":311,"date":"2024-09-13T16:16:08","date_gmt":"2024-09-13T14:16:08","guid":{"rendered":"https:\/\/slowozycia.org\/?page_id=311"},"modified":"2024-09-14T21:13:21","modified_gmt":"2024-09-14T19:13:21","slug":"modlitwy","status":"publish","type":"page","link":"https:\/\/slowozycia.org\/index.php\/inicjatywy\/modlitwy\/","title":{"rendered":"Modlitwy"},"content":{"rendered":"\n<div class=\"wp-block-media-text is-stacked-on-mobile\" style=\"grid-template-columns:40% auto\"><figure class=\"wp-block-media-text__media\"><img loading=\"lazy\" decoding=\"async\" width=\"1024\" height=\"576\" src=\"https:\/\/slowozycia.org\/wp-content\/uploads\/2024\/09\/prayer-1024x576.jpg\" alt=\"\" class=\"wp-image-312 size-full\" srcset=\"https:\/\/slowozycia.org\/wp-content\/uploads\/2024\/09\/prayer-1024x576.jpg 1024w, https:\/\/slowozycia.org\/wp-content\/uploads\/2024\/09\/prayer-300x169.jpg 300w, https:\/\/slowozycia.org\/wp-content\/uploads\/2024\/09\/prayer-768x432.jpg 768w, https:\/\/slowozycia.org\/wp-content\/uploads\/2024\/09\/prayer.jpg 1536w\" sizes=\"auto, (max-width: 1024px) 100vw, 1024px\" \/><\/figure><div class=\"wp-block-media-text__content\">\n<p>Prowadzimy dwa spotkania modlitewne w tygodniu, we wtorki odbywa si\u0119 spotkanie <strong>grupy wstawienniczej<\/strong>, a w pi\u0105tek <strong>modlitwa ko\u015bcio\u0142a<\/strong> po\u0142\u0105czona z nauczaniem. Co jaki\u015b czas ustalamy wsp\u00f3lne okresy <strong>postu i modlitwy<\/strong>.<br>Grupa wstawiennicza to zamkni\u0119ta modlitwa dla os\u00f3b, kt\u00f3re maj\u0105 szczeg\u00f3lne powo\u0142anie do modlitwy, a je\u017celi chcia\u0142by\u015b w niej uczestniczy\u0107 musisz wcze\u015bniej to zg\u0142osi\u0107. Modlimy si\u0119 o ko\u015bci\u00f3\u0142, o Polsk\u0119 i r\u00f3\u017cne og\u00f3lne potrzeby, kt\u00f3re otrzymujemy.<br>Pi\u0105tkowa modlitwa ko\u015bcio\u0142a i nauczanie to spotkanie otwarte dla wszystkich ch\u0119tnych, gdzie modlimy si\u0119 o r\u00f3\u017cne potrzeby i siebie nawzajem.<\/p>\n<\/div><\/div>\n","protected":false},"excerpt":{"rendered":"<p>Prowadzimy dwa spotkania modlitewne w tygodniu, we wtorki odbywa si\u0119 spotkanie grupy wstawienniczej, a w pi\u0105tek modlitwa ko\u015bcio\u0142a po\u0142\u0105czona z nauczaniem. Co jaki\u015b czas ustalamy wsp\u00f3lne okresy postu i modlitwy.Grupa wstawiennicza to zamkni\u0119ta modlitwa dla os\u00f3b, kt\u00f3re maj\u0105 szczeg\u00f3lne powo\u0142anie do modlitwy, a je\u017celi chcia\u0142by\u015b w niej uczestniczy\u0107 musisz wcze\u015bniej to zg\u0142osi\u0107. Modlimy si\u0119 o &hellip;<\/p>\n<p class=\"read-more\"> <a class=\"\" href=\"https:\/\/slowozycia.org\/index.php\/inicjatywy\/modlitwy\/\"> <span class=\"screen-reader-text\">Modlitwy<\/span> Read More &raquo;<\/a><\/p>\n","protected":false},"author":3,"featured_media":0,"parent":19,"menu_order":0,"comment_status":"closed","ping_status":"closed","template":"","meta":{"site-sidebar-layout":"default","site-content-layout":"default","ast-global-header-display":"","ast-main-header-display":"","ast-hfb-above-header-display":"","ast-hfb-below-header-display":"","ast-hfb-mobile-header-display":"","site-post-title":"","ast-breadcrumbs-content":"","ast-featured-img":"","footer-sml-layout":"","theme-transparent-header-meta":"","adv-header-id-meta":"","stick-header-meta":"","header-above-stick-meta":"","header-main-stick-meta":"","header-below-stick-meta":"","footnotes":""},"class_list":["post-311","page","type-page","status-publish","hentry"],"_links":{"self":[{"href":"https:\/\/slowozycia.org\/index.php\/wp-json\/wp\/v2\/pages\/311","targetHints":{"allow":["GET"]}}],"collection":[{"href":"https:\/\/slowozycia.org\/index.php\/wp-json\/wp\/v2\/pages"}],"about":[{"href":"https:\/\/slowozycia.org\/index.php\/wp-json\/wp\/v2\/types\/page"}],"author":[{"embeddable":true,"href":"https:\/\/slowozycia.org\/index.php\/wp-json\/wp\/v2\/users\/3"}],"replies":[{"embeddable":true,"href":"https:\/\/slowozycia.org\/index.php\/wp-json\/wp\/v2\/comments?post=311"}],"version-history":[{"count":6,"href":"https:\/\/slowozycia.org\/index.php\/wp-json\/wp\/v2\/pages\/311\/revisions"}],"predecessor-version":[{"id":419,"href":"https:\/\/slowozycia.org\/index.php\/wp-json\/wp\/v2\/pages\/311\/revisions\/419"}],"up":[{"embeddable":true,"href":"https:\/\/slowozycia.org\/index.php\/wp-json\/wp\/v2\/pages\/19"}],"wp:attachment":[{"href":"https:\/\/slowozycia.org\/index.php\/wp-json\/wp\/v2\/media?parent=311"}],"curies":[{"name":"wp","href":"https:\/\/api.w.org\/{rel}","templated":true}]}}