{"id":27,"date":"2022-11-15T23:26:49","date_gmt":"2022-11-15T22:26:49","guid":{"rendered":"http:\/\/slowozycia.org\/?page_id=27"},"modified":"2023-12-30T10:17:43","modified_gmt":"2023-12-30T09:17:43","slug":"media","status":"publish","type":"page","link":"https:\/\/slowozycia.org\/index.php\/media\/","title":{"rendered":"Media"},"content":{"rendered":"\n<h2 class=\"wp-block-heading has-vivid-red-color has-text-color\">Media<\/h2>\n\n\n\n<p class=\"has-black-color has-text-color has-link-color has-medium-font-size wp-elements-ca4cd1b1e58e8fd6743f3a3e28c0293e\"><strong>Zapraszamy do uczestniczenia na nabo\u017ce\u0144stwach online. <br>W ka\u017cd\u0105 niedziel\u0119 prowadzimy transmisj\u0119 na grupie <a href=\"https:\/\/www.facebook.com\/SlowoZycia\" data-type=\"link\" data-id=\"https:\/\/www.facebook.com\/SlowoZycia\" target=\"_blank\" rel=\"noreferrer noopener\">facebook<\/a> , gdzie mo\u017cna ods\u0142ucha\u0107 innych naszych naucza\u0144 i kaza\u0144. Zapraszamy<\/strong><\/p>\n\n\n\n<p class=\"has-medium-font-size\"><strong>Ciekawe tematy:<\/strong><\/p>\n\n\n\n<p class=\"has-medium-font-size\"><a href=\"http:\/\/slowozycia.org\/index.php\/chrzest-wodny\/\" data-type=\"URL\" data-id=\"http:\/\/slowozycia.org\/index.php\/chrzest-wodny\/\">Chrzest wodny<\/a><\/p>\n\n\n\n<p><\/p>\n","protected":false},"excerpt":{"rendered":"<p>Media Zapraszamy do uczestniczenia na nabo\u017ce\u0144stwach online. W ka\u017cd\u0105 niedziel\u0119 prowadzimy transmisj\u0119 na grupie facebook , gdzie mo\u017cna ods\u0142ucha\u0107 innych naszych naucza\u0144 i kaza\u0144. Zapraszamy Ciekawe tematy: Chrzest wodny<\/p>\n","protected":false},"author":3,"featured_media":0,"parent":0,"menu_order":0,"comment_status":"closed","ping_status":"closed","template":"","meta":{"site-sidebar-layout":"default","site-content-layout":"default","ast-global-header-display":"","ast-main-header-display":"","ast-hfb-above-header-display":"","ast-hfb-below-header-display":"","ast-hfb-mobile-header-display":"","site-post-title":"disabled","ast-breadcrumbs-content":"","ast-featured-img":"","footer-sml-layout":"","theme-transparent-header-meta":"","adv-header-id-meta":"","stick-header-meta":"","header-above-stick-meta":"","header-main-stick-meta":"","header-below-stick-meta":"","footnotes":""},"class_list":["post-27","page","type-page","status-publish","hentry"],"_links":{"self":[{"href":"https:\/\/slowozycia.org\/index.php\/wp-json\/wp\/v2\/pages\/27","targetHints":{"allow":["GET"]}}],"collection":[{"href":"https:\/\/slowozycia.org\/index.php\/wp-json\/wp\/v2\/pages"}],"about":[{"href":"https:\/\/slowozycia.org\/index.php\/wp-json\/wp\/v2\/types\/page"}],"author":[{"embeddable":true,"href":"https:\/\/slowozycia.org\/index.php\/wp-json\/wp\/v2\/users\/3"}],"replies":[{"embeddable":true,"href":"https:\/\/slowozycia.org\/index.php\/wp-json\/wp\/v2\/comments?post=27"}],"version-history":[{"count":12,"href":"https:\/\/slowozycia.org\/index.php\/wp-json\/wp\/v2\/pages\/27\/revisions"}],"predecessor-version":[{"id":220,"href":"https:\/\/slowozycia.org\/index.php\/wp-json\/wp\/v2\/pages\/27\/revisions\/220"}],"wp:attachment":[{"href":"https:\/\/slowozycia.org\/index.php\/wp-json\/wp\/v2\/media?parent=27"}],"curies":[{"name":"wp","href":"https:\/\/api.w.org\/{rel}","templated":true}]}}