{"id":267,"date":"2024-09-11T15:43:12","date_gmt":"2024-09-11T13:43:12","guid":{"rendered":"https:\/\/slowozycia.org\/?page_id=267"},"modified":"2024-09-16T19:06:47","modified_gmt":"2024-09-16T17:06:47","slug":"uzdrowienie-kregoslupa-tereska","status":"publish","type":"page","link":"https:\/\/slowozycia.org\/index.php\/swiadectwa\/uzdrowienie-kregoslupa-tereska\/","title":{"rendered":"Uzdrowienie kr\u0119gos\u0142upa &#8211; Tereska"},"content":{"rendered":"\n<p><mark style=\"background-color:rgba(0, 0, 0, 0)\" class=\"has-inline-color has-ast-global-color-0-color\"><em>Copyright \u00a9 Rozpowszechnianie i kopiowanie wy\u0142\u0105cznie za pozwoleniem KBWCH &#8222;S\u0142owo \u017bycia&#8221;.<\/em><\/mark><br><mark style=\"background-color:rgba(0, 0, 0, 0)\" class=\"has-inline-color has-ast-global-color-0-color\"><em>Je\u017celi potrzebujesz modlitwy lub chcesz porozmawia\u0107 z Teresk\u0105, <a href=\"https:\/\/slowozycia.org\/index.php\/kontakt\/\" data-type=\"page\" data-id=\"17\">skontaktuj <\/a>si\u0119 z biurem ko\u015bcio\u0142a lub przez <a href=\"https:\/\/www.facebook.com\/SlowoZycia\/\" data-type=\"link\" data-id=\"https:\/\/www.facebook.com\/SlowoZycia\/\">facebook<\/a>.<\/em><br><\/mark><br>Gdy przed laty nawr\u00f3ci\u0142am si\u0119, a by\u0142 to dla mnie czas nadzwyczajny, uroczysty wr\u0119cz niezwyk\u0142y, co najwa\u017cniejsze nowy w ka\u017cdym calu. Podczas rozm\u00f3w ze starszymi bra\u0107mi i siostrami i z literatury chrze\u015bcija\u0144skiej, dowiedzia\u0142am, odkry\u0142am, \u017ce Pan Jezus uzdrawia r\u00f3wnie\u017c dzi\u015b, podobnie jak to si\u0119 dzia\u0142o dwa tysi\u0105ce lat temu gdy chodzi\u0142 po ziemi. Cudowna wiadomo\u015b\u0107! Cudowna nowina jak dla kogo\u015b kto od lat cierpia\u0142 silny b\u00f3l! Mia\u0142am w\u00f3wczas 33 lata. By\u0142am jeszcze m\u0142od\u0105 kobiet\u0105, kt\u00f3rej od lat dokucza\u0142 bardzo silny b\u00f3l kr\u0119gos\u0142upa w odcinku piersiowym. By\u0142o to spowodowane siln\u0105 skolioz\u0105 boczn\u0105. Na u\u015bmierzenie b\u00f3lu nie pomaga\u0142y uci\u0105\u017cliwe rehabilitacje, ani tabletki p\/b\u00f3lowe. Bardzo to utrudnia\u0142o moje \u017cycie. Zrezygnowa\u0142am z makija\u017cu, gdy\u017c ciekn\u0105ce z b\u00f3lu \u0142zy zmywa\u0142y go.<br>Gdy w kuchni my\u0142am naczynia, musia\u0142am mie\u0107 obie r\u0119ce wyci\u0105gni\u0119te przed siebie, w\u00f3wczas b\u00f3l by\u0142 przeszywaj\u0105cy. W trakcie jednego mycia naczy\u0144 musia\u0142am trzy, cztery razy t\u0119 czynno\u015b\u0107 przerywa\u0107, \u017ceby po\u0142o\u017cy\u0107 si\u0119 na par\u0119 minut na p\u0142askim \u0142\u00f3\u017cku, w oczekiwaniu a\u017c b\u00f3l minie. To by\u0142o przygn\u0119biaj\u0105ce. Lekarze bezradnie rozk\u0142adali r\u0119ce. A tu nagle taka dobra wiadomo\u015b\u0107 o MOCY PANA JEZUSA, kt\u00f3ra dzia\u0142a r\u00f3wnie\u017c dzisiaj mimo up\u0142ywu lat od Jego ofiary<br>na krzy\u017cu! Zapewniono mnie, \u017ce w\u00f3wczas Pan Jezus r\u00f3wnie\u017c wzi\u0105\u0142 na krzy\u017c nasze choroby, aby uwolni\u0107 nas od cierpienia. W tym czasie, od moich przyjaci\u00f3\u0142 dowiedzia\u0142am si\u0119, \u017ce we Wroc\u0142awiu prowadzi ko\u015bci\u00f3\u0142 pastor Frank Olszewski, kt\u00f3ry ma dar \u0142aski od Pana Jezusa, &#8211; szczeg\u00f3lne namaszczenie do do modlitwy o uzdrowienie uk\u0142adu kostnego cz\u0142owieka. Cudowna wiadomo\u015b\u0107! Bezzw\u0142ocznie zorganizowa\u0142am wyjazd do Wroc\u0142awia. W podr\u00f3\u017cy towarzyszy\u0142a mi siostra z ko\u015bcio\u0142a i przyjaci\u00f3\u0142ka Basia. Ca\u0142\u0105 podr\u00f3\u017c poci\u0105giem z Warszawy do Wroc\u0142awia jecha\u0142am z ogromn\u0105 wiar\u0105. Ju\u017c w samym ko\u015bciele, gdy odbywa\u0142o si\u0119 nabo\u017ce\u0144stwo niedzielne, modli\u0142am si\u0119 w ogromnym skupieniu i uwielbia\u0142am Pana w oczekiwaniu na cud! Gdy pod koniec nabo\u017ce\u0144stwa pastor Frank Olszewski zapyta\u0142 zgromadzonych w ko\u015bciele, czy mo\u017ce kto\u015b ma jak\u0105\u015b potrzeb\u0119 modlitwy, natychmiast podnios\u0142am wysoko r\u0119k\u0119. Pastor poprosi\u0142 mnie na \u015brodek. Zacz\u0105\u0142 si\u0119 modli\u0107. Modli\u0142 si\u0119 d\u0142ugo i z ogromnym zaanga\u017cowaniem. Ja trwa\u0142am w ogromnym napi\u0119ciu, \u0142zy wzruszenia lecia\u0142y mi z oczu. Pod koniec modlitwy, oboje wraz z pastorem dzi\u0119kowali\u015bmy za uzdrowienie, kt\u00f3re ja przyj\u0119\u0142am jako pewnik. Wracaj\u0105c do domu poci\u0105giem wci\u0105\u017c dzi\u0119kowa\u0142am Panu Jezusowi i uwielbia\u0142am GO. Od tej pory, od tego wydarzenia min\u0119\u0142o 35 lat. Przez ten czas kr\u0119gos\u0142up w odcinku piersiowym ani razu mnie nie zabola\u0142! Ja uznaj\u0119 to za cud, gdy\u017c wystarczy\u0142a jedna modlitwa do naszego Pana! Cz\u0119sto dzi\u0119kuj\u0119 Panu Jezusowi za to uzdrowienie. Przyznaj\u0119, nie znam takiej tabletki, ani zastrzyka przeciw b\u00f3lowego, kt\u00f3re po jednej aplikacji dzia\u0142a\u0142yby przez 35 lat! A w moim przypadku, mam nadziej\u0119, \u017ce i d\u0142u\u017cej.<\/p>\n\n\n\n<p><\/p>\n","protected":false},"excerpt":{"rendered":"<p>Copyright \u00a9 Rozpowszechnianie i kopiowanie wy\u0142\u0105cznie za pozwoleniem KBWCH &#8222;S\u0142owo \u017bycia&#8221;.Je\u017celi potrzebujesz modlitwy lub chcesz porozmawia\u0107 z Teresk\u0105, skontaktuj si\u0119 z biurem ko\u015bcio\u0142a lub przez facebook.Gdy przed laty nawr\u00f3ci\u0142am si\u0119, a by\u0142 to dla mnie czas nadzwyczajny, uroczysty wr\u0119cz niezwyk\u0142y, co najwa\u017cniejsze nowy w ka\u017cdym calu. Podczas rozm\u00f3w ze starszymi bra\u0107mi i siostrami i z &hellip;<\/p>\n<p class=\"read-more\"> <a class=\"\" href=\"https:\/\/slowozycia.org\/index.php\/swiadectwa\/uzdrowienie-kregoslupa-tereska\/\"> <span class=\"screen-reader-text\">Uzdrowienie kr\u0119gos\u0142upa &#8211; Tereska<\/span> Read More &raquo;<\/a><\/p>\n","protected":false},"author":3,"featured_media":0,"parent":21,"menu_order":0,"comment_status":"closed","ping_status":"closed","template":"","meta":{"site-sidebar-layout":"default","site-content-layout":"default","ast-global-header-display":"","ast-main-header-display":"","ast-hfb-above-header-display":"","ast-hfb-below-header-display":"","ast-hfb-mobile-header-display":"","site-post-title":"","ast-breadcrumbs-content":"","ast-featured-img":"","footer-sml-layout":"","theme-transparent-header-meta":"","adv-header-id-meta":"","stick-header-meta":"","header-above-stick-meta":"","header-main-stick-meta":"","header-below-stick-meta":"","footnotes":""},"class_list":["post-267","page","type-page","status-publish","hentry"],"_links":{"self":[{"href":"https:\/\/slowozycia.org\/index.php\/wp-json\/wp\/v2\/pages\/267","targetHints":{"allow":["GET"]}}],"collection":[{"href":"https:\/\/slowozycia.org\/index.php\/wp-json\/wp\/v2\/pages"}],"about":[{"href":"https:\/\/slowozycia.org\/index.php\/wp-json\/wp\/v2\/types\/page"}],"author":[{"embeddable":true,"href":"https:\/\/slowozycia.org\/index.php\/wp-json\/wp\/v2\/users\/3"}],"replies":[{"embeddable":true,"href":"https:\/\/slowozycia.org\/index.php\/wp-json\/wp\/v2\/comments?post=267"}],"version-history":[{"count":6,"href":"https:\/\/slowozycia.org\/index.php\/wp-json\/wp\/v2\/pages\/267\/revisions"}],"predecessor-version":[{"id":453,"href":"https:\/\/slowozycia.org\/index.php\/wp-json\/wp\/v2\/pages\/267\/revisions\/453"}],"up":[{"embeddable":true,"href":"https:\/\/slowozycia.org\/index.php\/wp-json\/wp\/v2\/pages\/21"}],"wp:attachment":[{"href":"https:\/\/slowozycia.org\/index.php\/wp-json\/wp\/v2\/media?parent=267"}],"curies":[{"name":"wp","href":"https:\/\/api.w.org\/{rel}","templated":true}]}}