{"id":21,"date":"2022-11-15T23:25:14","date_gmt":"2022-11-15T22:25:14","guid":{"rendered":"http:\/\/slowozycia.org\/?page_id=21"},"modified":"2025-10-09T08:59:55","modified_gmt":"2025-10-09T06:59:55","slug":"swiadectwa","status":"publish","type":"page","link":"https:\/\/slowozycia.org\/index.php\/swiadectwa\/","title":{"rendered":"\u015awiadectwa"},"content":{"rendered":"<h2 style=\"margin-bottom:var(--wp--preset--spacing--60);\" class=\"wp-block-post-title has-text-color has-vivid-red-color\">\u015awiadectwa<\/h2>\n\n\n<ul class=\"wp-block-list has-ast-global-color-0-color has-text-color\">\n<li><a href=\"http:\/\/slowozycia.org\/index.php\/uzdrowienie-z-raka\/\" data-type=\"URL\" data-id=\"http:\/\/slowozycia.org\/index.php\/uzdrowienie-z-raka\/\">Uzdrowienie z raka &#8211; Agata<\/a><\/li>\n\n\n\n<li><a href=\"http:\/\/slowozycia.org\/index.php\/swiadectwa\/swiadectwo-uzdrowienia-wewnetrznego-magda\/\" data-type=\"page\" data-id=\"174\">\u015awiadectwo uzdrowienia wewn\u0119trznego &#8211; Magda<\/a><\/li>\n\n\n\n<li><a href=\"http:\/\/slowozycia.org\/index.php\/swiadectwa\/moja-droga-do-boga-krzysztof\/\" data-type=\"page\" data-id=\"179\">Moja droga do Boga &#8211; Krzysztof<\/a><\/li>\n\n\n\n<li><a href=\"http:\/\/slowozycia.org\/index.php\/swiadectwa\/swiadectwa-uzdrowienia-malgorzata\/\" data-type=\"page\" data-id=\"187\">\u015awiadectwa uzdrowienia &#8211; Ma\u0142gorzata<\/a><\/li>\n\n\n\n<li><a href=\"http:\/\/slowozycia.org\/index.php\/swiadectwa\/swiadectwo-nawrocenia-irena\/\" data-type=\"page\" data-id=\"194\">\u015awiadectwo nawr\u00f3cenia &#8211; Irena<\/a><\/li>\n\n\n\n<li><a href=\"https:\/\/slowozycia.org\/index.php\/swiadectwa\/uzdrowienie-kregoslupa-tereska\/\" data-type=\"page\" data-id=\"267\">Uzdrowienia kr\u0119gos\u0142upa &#8211; Tereska<\/a><\/li>\n\n\n\n<li><a href=\"https:\/\/slowozycia.org\/index.php\/swiadectwa\/swiadectwo-uzdrowienia-karolina\/\" data-type=\"page\" data-id=\"437\">Uzdrowienie nerek (i inne) &#8211; Karolina<\/a> <\/li>\n\n\n\n<li><a href=\"https:\/\/slowozycia.org\/index.php\/swiadectwa\/swiadectwo-bozej-ochrony\/\" data-type=\"page\" data-id=\"460\">\u015awiadectwo Bo\u017cej ochrony przed w\u0142amaniem<\/a><\/li>\n\n\n\n<li><a href=\"https:\/\/slowozycia.org\/index.php\/swiadectwa\/bog-mnie-wybawil-i-powiedzial-pojdz-za-mna\/\" data-type=\"page\" data-id=\"469\">B\u00f3g mnie wybawi\u0142 i powiedzia\u0142 p\u00f3jd\u017a za mn\u0105 &#8211; Jarek<\/a><\/li>\n\n\n\n<li><mark style=\"background-color:rgba(0, 0, 0, 0)\" class=\"has-inline-color has-ast-global-color-1-color\"><a href=\"https:\/\/slowozycia.org\/index.php\/swiadectwa\/moje-duchowe-uzdrowienie-ania\/\" data-type=\"page\" data-id=\"593\">Moje duchowe uzdrowienie &#8211; Ania<\/a><\/mark><\/li>\n<\/ul>\n\n\n\n<div class=\"wp-block-media-text is-stacked-on-mobile\" style=\"grid-template-columns:18% auto\"><figure class=\"wp-block-media-text__media\"><img loading=\"lazy\" decoding=\"async\" width=\"841\" height=\"1024\" src=\"https:\/\/slowozycia.org\/wp-content\/uploads\/2024\/09\/pngPastor-841x1024.png\" alt=\"\" class=\"wp-image-423 size-full\" srcset=\"https:\/\/slowozycia.org\/wp-content\/uploads\/2024\/09\/pngPastor-841x1024.png 841w, https:\/\/slowozycia.org\/wp-content\/uploads\/2024\/09\/pngPastor-246x300.png 246w, https:\/\/slowozycia.org\/wp-content\/uploads\/2024\/09\/pngPastor-768x935.png 768w, https:\/\/slowozycia.org\/wp-content\/uploads\/2024\/09\/pngPastor.png 887w\" sizes=\"auto, (max-width: 841px) 100vw, 841px\" \/><\/figure><div class=\"wp-block-media-text__content\">\n<p> <mark style=\"background-color:rgba(0, 0, 0, 0)\" class=\"has-inline-color has-ast-global-color-0-color\"><em>&#8222;Na \u015bwiecie jest wiele miejsc, do kt\u00f3rych udajemy si\u0119, aby odpocz\u0105\u0107, prze\u017cy\u0107 przygod\u0119,  do\u015bwiadczy\u0107 nowego. Lubimy przebywa\u0107 w pi\u0119knych miejscach, zachwyca\u0107 si\u0119 architektur\u0105, czy podziwia\u0107 pi\u0119kno przyrody. Robimy tak, gdy\u017c nasza dusza szuka spokoju, pi\u0119kna i odpocznienia. Jednak to wszystko co Ciebie otacza odejdzie kiedy\u015b w niepami\u0119\u0107, zostanie tylko chwil\u0105 i wspomnieniem. Jezus powiedzia\u0142 &#8222;\u017ce cho\u0107by\u015b ca\u0142y \u015bwiat pozyska\u0142, a na duszy swojej szkod\u0119 poni\u00f3s\u0142, nic ci to nie pomo\u017ce&#8221;. Dlatego tak wa\u017cne jest, aby\u015b znalaz\u0142 drog\u0119 do wiecznego Kr\u00f3lestwa, aby\u015b otworzy\u0142 swoje serce na Jezusa, kt\u00f3ry jest jedyn\u0105 drog\u0105 do Boga Ojca. Dzisiaj Jezus zaprasza Ciebie, aby\u015b znalaz\u0142 miejsce odpocznienia dla swojej duszy, aby\u015b nie zmarnowa\u0142 okazji do pokuty i znalaz\u0142 sw\u00f3j dom.&#8221; <\/em><\/mark><br><mark style=\"background-color:rgba(0, 0, 0, 0)\" class=\"has-inline-color has-ast-global-color-0-color\"><em><strong>pastor Krzysztof Gola<\/strong><\/em><\/mark><\/p>\n<\/div><\/div>\n\n\n\n<p class=\"has-medium-font-size\"><\/p>\n\n\n\n<p><\/p>\n","protected":false},"excerpt":{"rendered":"<p>&#8222;Na \u015bwiecie jest wiele miejsc, do kt\u00f3rych udajemy si\u0119, aby odpocz\u0105\u0107, prze\u017cy\u0107 przygod\u0119, do\u015bwiadczy\u0107 nowego. Lubimy przebywa\u0107 w pi\u0119knych miejscach, zachwyca\u0107 si\u0119 architektur\u0105, czy podziwia\u0107 pi\u0119kno przyrody. Robimy tak, gdy\u017c nasza dusza szuka spokoju, pi\u0119kna i odpocznienia. Jednak to wszystko co Ciebie otacza odejdzie kiedy\u015b w niepami\u0119\u0107, zostanie tylko chwil\u0105 i wspomnieniem. Jezus powiedzia\u0142 &#8222;\u017ce &hellip;<\/p>\n<p class=\"read-more\"> <a class=\"\" href=\"https:\/\/slowozycia.org\/index.php\/swiadectwa\/\"> <span class=\"screen-reader-text\">\u015awiadectwa<\/span> Read More &raquo;<\/a><\/p>\n","protected":false},"author":3,"featured_media":0,"parent":0,"menu_order":0,"comment_status":"closed","ping_status":"closed","template":"","meta":{"site-sidebar-layout":"default","site-content-layout":"default","ast-global-header-display":"","ast-main-header-display":"","ast-hfb-above-header-display":"","ast-hfb-below-header-display":"","ast-hfb-mobile-header-display":"","site-post-title":"disabled","ast-breadcrumbs-content":"","ast-featured-img":"","footer-sml-layout":"","theme-transparent-header-meta":"","adv-header-id-meta":"","stick-header-meta":"","header-above-stick-meta":"","header-main-stick-meta":"","header-below-stick-meta":"","footnotes":""},"class_list":["post-21","page","type-page","status-publish","hentry"],"_links":{"self":[{"href":"https:\/\/slowozycia.org\/index.php\/wp-json\/wp\/v2\/pages\/21","targetHints":{"allow":["GET"]}}],"collection":[{"href":"https:\/\/slowozycia.org\/index.php\/wp-json\/wp\/v2\/pages"}],"about":[{"href":"https:\/\/slowozycia.org\/index.php\/wp-json\/wp\/v2\/types\/page"}],"author":[{"embeddable":true,"href":"https:\/\/slowozycia.org\/index.php\/wp-json\/wp\/v2\/users\/3"}],"replies":[{"embeddable":true,"href":"https:\/\/slowozycia.org\/index.php\/wp-json\/wp\/v2\/comments?post=21"}],"version-history":[{"count":29,"href":"https:\/\/slowozycia.org\/index.php\/wp-json\/wp\/v2\/pages\/21\/revisions"}],"predecessor-version":[{"id":597,"href":"https:\/\/slowozycia.org\/index.php\/wp-json\/wp\/v2\/pages\/21\/revisions\/597"}],"wp:attachment":[{"href":"https:\/\/slowozycia.org\/index.php\/wp-json\/wp\/v2\/media?parent=21"}],"curies":[{"name":"wp","href":"https:\/\/api.w.org\/{rel}","templated":true}]}}