{"id":194,"date":"2023-12-15T11:16:23","date_gmt":"2023-12-15T10:16:23","guid":{"rendered":"http:\/\/slowozycia.org\/?page_id=194"},"modified":"2024-09-16T19:04:08","modified_gmt":"2024-09-16T17:04:08","slug":"swiadectwo-nawrocenia-irena","status":"publish","type":"page","link":"https:\/\/slowozycia.org\/index.php\/swiadectwa\/swiadectwo-nawrocenia-irena\/","title":{"rendered":"\u015awiadectwo nawr\u00f3cenia &#8211; Irena"},"content":{"rendered":"\n<p class=\"has-ast-global-color-0-color has-text-color has-link-color wp-elements-896b0370069a0c5763aad8aae388aa4b\"><em>Copyright \u00a9 Rozpowszechnianie i kopiowanie wy\u0142\u0105cznie za pozwoleniem KBWCH &#8222;S\u0142owo \u017bycia&#8221;.<\/em><br><em>Je\u017celi potrzebujesz modlitwy lub chcesz porozmawia\u0107 z Iren\u0105, <a href=\"https:\/\/slowozycia.org\/index.php\/kontakt\/\" data-type=\"page\" data-id=\"17\">skontaktuj<\/a> si\u0119 z biurem ko\u015bcio\u0142a lub przez <a href=\"https:\/\/www.facebook.com\/SlowoZycia\/\" data-type=\"link\" data-id=\"https:\/\/www.facebook.com\/SlowoZycia\/\">facebook<\/a>.<\/em><\/p>\n\n\n\n<p>Urodzi\u0142am si\u0119 na Bia\u0142orusi w Grodnie . Pewnego dnia do naszego miasta przybyli ludzie z Ameryki . Byli to chrze\u015bcijanie, kt\u00f3rzy czcili \u017cywego Boga . Wszyscy zostali zaproszeni do modlitwy o pokut\u0119 i pojednanie z Bogiem . Odm\u00f3wi\u0142am modlitw\u0119 pokutn\u0105 . Amerykanie odeszli , ale we mnie pojawi\u0142o si\u0119 pragnienie poznania i poszukiwania Boga . By\u0142am katoliczk\u0105, ale wiedzia\u0142am, \u017ce chc\u0119 g\u0142\u0119bszej relacji z Bogiem, chc\u0119, \u017ceby B\u00f3g by\u0142 moim przyjacielem i najbli\u017cszym. Zacz\u0119\u0142am si\u0119 modli\u0107, aby B\u00f3g pokaza\u0142, gdzie s\u0105 ludzie, kt\u00f3rzy znaj\u0105 \u017cywego Boga i s\u0105 z nim przyjaci\u00f3\u0142mi . Pewnego dnia posz\u0142am z moj\u0105 przyjaci\u00f3\u0142k\u0105 na \u015bwi\u0119to miasta, by\u0142o tam wielu ludzi, by\u0142y pi\u0119kne fajerwerki . Podesz\u0142o do mnie kilka modnych os\u00f3b i powiedzieli, \u017ce B\u00f3g mnie kocha. Tak si\u0119 ucieszy\u0142am, \u017ce to us\u0142ysza\u0142am ! Zrozumia\u0142am, \u017ce znalaz\u0142am to, czego szuka\u0142am i zacz\u0119\u0142am przychodzi\u0107 do ko\u015bcio\u0142a na spotkania . By\u0142a tam g\u0142\u00f3wnie m\u0142odzie\u017c, to by\u0142o dla mnie niesamowite, \u017ce m\u0142odzi ludzie naprawd\u0119 kochaj\u0105 Boga i czcz\u0105 Go. B\u00f3g otoczy\u0142 mnie wielk\u0105 trosk\u0105 i mi\u0142o\u015bci\u0105 ! Zrozumia\u0142am, \u017ce jestem jego c\u00f3rk\u0105 i ma dla mnie sw\u00f3j plan . Ten plan jest dla mnie najlepszy ! Stopniowo Pan zacz\u0105\u0142 odkrywa\u0107 dla mnie to , co zamierza\u0142. Wcze\u015bniej by\u0142em nie\u015bmia\u0142\u0105 i niepewn\u0105 dziewczyn\u0105 , ale po rozpocz\u0119ciu przyja\u017ani z Bogiem zda\u0142am sobie spraw\u0119, \u017ce jestem jego c\u00f3rk\u0105, a on mnie kocha i strze\u017ce ! Moje \u017cycie ca\u0142kowicie si\u0119 zmieni\u0142o , grzech nie by\u0142 dla mnie przyjemny, moje warto\u015bci w \u017cyciu sta\u0142y si\u0119 inne . A ten facet, kt\u00f3ry powiedzia\u0142 mi o Bogu, zosta\u0142 moim m\u0119\u017cem<\/p>\n","protected":false},"excerpt":{"rendered":"<p>Copyright \u00a9 Rozpowszechnianie i kopiowanie wy\u0142\u0105cznie za pozwoleniem KBWCH &#8222;S\u0142owo \u017bycia&#8221;.Je\u017celi potrzebujesz modlitwy lub chcesz porozmawia\u0107 z Iren\u0105, skontaktuj si\u0119 z biurem ko\u015bcio\u0142a lub przez facebook. Urodzi\u0142am si\u0119 na Bia\u0142orusi w Grodnie . Pewnego dnia do naszego miasta przybyli ludzie z Ameryki . Byli to chrze\u015bcijanie, kt\u00f3rzy czcili \u017cywego Boga . Wszyscy zostali zaproszeni do &hellip;<\/p>\n<p class=\"read-more\"> <a class=\"\" href=\"https:\/\/slowozycia.org\/index.php\/swiadectwa\/swiadectwo-nawrocenia-irena\/\"> <span class=\"screen-reader-text\">\u015awiadectwo nawr\u00f3cenia &#8211; Irena<\/span> Read More &raquo;<\/a><\/p>\n","protected":false},"author":3,"featured_media":0,"parent":21,"menu_order":0,"comment_status":"closed","ping_status":"closed","template":"","meta":{"site-sidebar-layout":"default","site-content-layout":"default","ast-global-header-display":"","ast-main-header-display":"","ast-hfb-above-header-display":"","ast-hfb-below-header-display":"","ast-hfb-mobile-header-display":"","site-post-title":"","ast-breadcrumbs-content":"","ast-featured-img":"","footer-sml-layout":"","theme-transparent-header-meta":"","adv-header-id-meta":"","stick-header-meta":"","header-above-stick-meta":"","header-main-stick-meta":"","header-below-stick-meta":"","footnotes":""},"class_list":["post-194","page","type-page","status-publish","hentry"],"_links":{"self":[{"href":"https:\/\/slowozycia.org\/index.php\/wp-json\/wp\/v2\/pages\/194","targetHints":{"allow":["GET"]}}],"collection":[{"href":"https:\/\/slowozycia.org\/index.php\/wp-json\/wp\/v2\/pages"}],"about":[{"href":"https:\/\/slowozycia.org\/index.php\/wp-json\/wp\/v2\/types\/page"}],"author":[{"embeddable":true,"href":"https:\/\/slowozycia.org\/index.php\/wp-json\/wp\/v2\/users\/3"}],"replies":[{"embeddable":true,"href":"https:\/\/slowozycia.org\/index.php\/wp-json\/wp\/v2\/comments?post=194"}],"version-history":[{"count":5,"href":"https:\/\/slowozycia.org\/index.php\/wp-json\/wp\/v2\/pages\/194\/revisions"}],"predecessor-version":[{"id":449,"href":"https:\/\/slowozycia.org\/index.php\/wp-json\/wp\/v2\/pages\/194\/revisions\/449"}],"up":[{"embeddable":true,"href":"https:\/\/slowozycia.org\/index.php\/wp-json\/wp\/v2\/pages\/21"}],"wp:attachment":[{"href":"https:\/\/slowozycia.org\/index.php\/wp-json\/wp\/v2\/media?parent=194"}],"curies":[{"name":"wp","href":"https:\/\/api.w.org\/{rel}","templated":true}]}}