{"id":19,"date":"2022-11-15T23:24:50","date_gmt":"2022-11-15T22:24:50","guid":{"rendered":"http:\/\/slowozycia.org\/?page_id=19"},"modified":"2025-07-01T10:40:22","modified_gmt":"2025-07-01T08:40:22","slug":"inicjatywy","status":"publish","type":"page","link":"https:\/\/slowozycia.org\/index.php\/inicjatywy\/","title":{"rendered":"Inicjatywy"},"content":{"rendered":"\n<h2 class=\"wp-block-heading has-vivid-red-color has-text-color\" style=\"margin-bottom:var(--wp--preset--spacing--50)\">Inicjatywy<\/h2>\n\n\n\n<ul class=\"wp-block-list\">\n<li><a href=\"https:\/\/slowozycia.org\/index.php\/inicjatywy\/modlitwy\/\" data-type=\"page\" data-id=\"311\">Modlitwy<\/a> &#8211; r\u00f3\u017cne spotkania modlitewne<\/li>\n\n\n\n<li><a href=\"https:\/\/slowozycia.org\/index.php\/inicjatywy\/grupy-domowe\/\" data-type=\"page\" data-id=\"326\">Grupy domowe<\/a> &#8211; spotkania w ma\u0142ych grupach<\/li>\n\n\n\n<li><a href=\"http:\/\/slowozycia.org\/index.php\/inicjatywy\/kurs-biblijny\/\" data-type=\"link\" data-id=\"http:\/\/slowozycia.org\/index.php\/inicjatywy\/kurs-biblijny\/\">Fundamenty Wiary<\/a> &#8211; kurs biblijny <\/li>\n\n\n\n<li><a href=\"https:\/\/slowozycia.org\/index.php\/inicjatywy\/szkolka-niedzielna\/\" data-type=\"page\" data-id=\"380\">Dla dzieci<\/a> &#8211; szk\u00f3\u0142ka niedzielna<\/li>\n\n\n\n<li><a href=\"https:\/\/slowozycia.org\/index.php\/inicjatywy\/pomoc-duchowa\/\" data-type=\"page\" data-id=\"390\">Pomoc duchowa<\/a> &#8211; doradztwo, modlitwa<\/li>\n\n\n\n<li><a href=\"https:\/\/slowozycia.org\/index.php\/inicjatywy\/ewangelizacja\/\" data-type=\"page\" data-id=\"356\">Ewangelizacje<\/a> uliczne &#8222;Bli\u017cej Jezusa&#8221; i &#8222;Przystanek Jezus&#8221;<\/li>\n\n\n\n<li>&#8222;<a href=\"https:\/\/slowozycia.org\/index.php\/inicjatywy\/rekreacja\/\" data-type=\"page\" data-id=\"334\">Rekreacja<\/a>&#8221; &#8211; wsp\u00f3lne wycieczki, ogniska, gra w ping-ponga, siatk\u00f3wka, itp.<\/li>\n<\/ul>\n\n\n\n<h2 class=\"wp-block-heading has-vivid-red-color has-text-color\" style=\"margin-bottom:var(--wp--preset--spacing--50)\">Agendy i s\u0142u\u017cby<\/h2>\n\n\n\n<ul class=\"wp-block-list\">\n<li>Ksi\u0119garnia i biblioteka<\/li>\n\n\n\n<li>S\u0142u\u017cba muzyczna<\/li>\n\n\n\n<li>S\u0142u\u017cba techniczna<\/li>\n\n\n\n<li>Kafeteria<\/li>\n\n\n\n<li>S\u0142u\u017cba porz\u0105dkowa \/ sprz\u0105tanie<\/li>\n<\/ul>\n\n\n\n<figure class=\"wp-block-gallery has-nested-images columns-default is-cropped wp-block-gallery-1 is-layout-flex wp-block-gallery-is-layout-flex\">\n<figure class=\"wp-block-image size-large wp-duotone-magenta-yellow\"><img loading=\"lazy\" decoding=\"async\" width=\"768\" height=\"1024\" data-id=\"409\" src=\"https:\/\/slowozycia.org\/wp-content\/uploads\/2024\/09\/383170352_965663424521433_5331602113004741169_n-768x1024.jpg\" alt=\"\" class=\"wp-image-409\" srcset=\"https:\/\/slowozycia.org\/wp-content\/uploads\/2024\/09\/383170352_965663424521433_5331602113004741169_n-768x1024.jpg 768w, https:\/\/slowozycia.org\/wp-content\/uploads\/2024\/09\/383170352_965663424521433_5331602113004741169_n-225x300.jpg 225w, https:\/\/slowozycia.org\/wp-content\/uploads\/2024\/09\/383170352_965663424521433_5331602113004741169_n-1152x1536.jpg 1152w, https:\/\/slowozycia.org\/wp-content\/uploads\/2024\/09\/383170352_965663424521433_5331602113004741169_n.jpg 1536w\" sizes=\"auto, (max-width: 768px) 100vw, 768px\" \/><\/figure>\n\n\n\n<figure class=\"wp-block-image size-large wp-duotone-midnight\"><img loading=\"lazy\" decoding=\"async\" width=\"1024\" height=\"768\" data-id=\"403\" src=\"https:\/\/slowozycia.org\/wp-content\/uploads\/2024\/09\/367426961_2290211624702161_2677978815443397078_n-1024x768.jpg\" alt=\"\" class=\"wp-image-403\" srcset=\"https:\/\/slowozycia.org\/wp-content\/uploads\/2024\/09\/367426961_2290211624702161_2677978815443397078_n-1024x768.jpg 1024w, https:\/\/slowozycia.org\/wp-content\/uploads\/2024\/09\/367426961_2290211624702161_2677978815443397078_n-300x225.jpg 300w, https:\/\/slowozycia.org\/wp-content\/uploads\/2024\/09\/367426961_2290211624702161_2677978815443397078_n-768x576.jpg 768w, https:\/\/slowozycia.org\/wp-content\/uploads\/2024\/09\/367426961_2290211624702161_2677978815443397078_n-1536x1152.jpg 1536w, https:\/\/slowozycia.org\/wp-content\/uploads\/2024\/09\/367426961_2290211624702161_2677978815443397078_n.jpg 2048w\" sizes=\"auto, (max-width: 1024px) 100vw, 1024px\" \/><\/figure>\n\n\n\n<figure class=\"wp-block-image size-large wp-duotone-purple-green\"><img loading=\"lazy\" decoding=\"async\" width=\"1024\" height=\"768\" data-id=\"386\" src=\"https:\/\/slowozycia.org\/wp-content\/uploads\/2024\/09\/457628681_3644110982518754_7891264232923285251_n-2-1024x768.jpg\" alt=\"\" class=\"wp-image-386\" srcset=\"https:\/\/slowozycia.org\/wp-content\/uploads\/2024\/09\/457628681_3644110982518754_7891264232923285251_n-2-1024x768.jpg 1024w, https:\/\/slowozycia.org\/wp-content\/uploads\/2024\/09\/457628681_3644110982518754_7891264232923285251_n-2-300x225.jpg 300w, https:\/\/slowozycia.org\/wp-content\/uploads\/2024\/09\/457628681_3644110982518754_7891264232923285251_n-2-768x576.jpg 768w, https:\/\/slowozycia.org\/wp-content\/uploads\/2024\/09\/457628681_3644110982518754_7891264232923285251_n-2-1536x1152.jpg 1536w, https:\/\/slowozycia.org\/wp-content\/uploads\/2024\/09\/457628681_3644110982518754_7891264232923285251_n-2.jpg 2048w\" sizes=\"auto, (max-width: 1024px) 100vw, 1024px\" \/><\/figure>\n<\/figure>\n\n\n\n<p><\/p>\n","protected":false},"excerpt":{"rendered":"<p>Inicjatywy Agendy i s\u0142u\u017cby<\/p>\n","protected":false},"author":3,"featured_media":0,"parent":0,"menu_order":0,"comment_status":"closed","ping_status":"closed","template":"","meta":{"site-sidebar-layout":"default","site-content-layout":"default","ast-global-header-display":"","ast-main-header-display":"","ast-hfb-above-header-display":"","ast-hfb-below-header-display":"","ast-hfb-mobile-header-display":"","site-post-title":"disabled","ast-breadcrumbs-content":"","ast-featured-img":"","footer-sml-layout":"","theme-transparent-header-meta":"","adv-header-id-meta":"","stick-header-meta":"","header-above-stick-meta":"","header-main-stick-meta":"","header-below-stick-meta":"","footnotes":""},"class_list":["post-19","page","type-page","status-publish","hentry"],"_links":{"self":[{"href":"https:\/\/slowozycia.org\/index.php\/wp-json\/wp\/v2\/pages\/19","targetHints":{"allow":["GET"]}}],"collection":[{"href":"https:\/\/slowozycia.org\/index.php\/wp-json\/wp\/v2\/pages"}],"about":[{"href":"https:\/\/slowozycia.org\/index.php\/wp-json\/wp\/v2\/types\/page"}],"author":[{"embeddable":true,"href":"https:\/\/slowozycia.org\/index.php\/wp-json\/wp\/v2\/users\/3"}],"replies":[{"embeddable":true,"href":"https:\/\/slowozycia.org\/index.php\/wp-json\/wp\/v2\/comments?post=19"}],"version-history":[{"count":22,"href":"https:\/\/slowozycia.org\/index.php\/wp-json\/wp\/v2\/pages\/19\/revisions"}],"predecessor-version":[{"id":501,"href":"https:\/\/slowozycia.org\/index.php\/wp-json\/wp\/v2\/pages\/19\/revisions\/501"}],"wp:attachment":[{"href":"https:\/\/slowozycia.org\/index.php\/wp-json\/wp\/v2\/media?parent=19"}],"curies":[{"name":"wp","href":"https:\/\/api.w.org\/{rel}","templated":true}]}}