{"id":187,"date":"2023-12-15T11:10:59","date_gmt":"2023-12-15T10:10:59","guid":{"rendered":"http:\/\/slowozycia.org\/?page_id=187"},"modified":"2024-09-16T19:00:55","modified_gmt":"2024-09-16T17:00:55","slug":"swiadectwa-uzdrowienia-malgorzata","status":"publish","type":"page","link":"https:\/\/slowozycia.org\/index.php\/swiadectwa\/swiadectwa-uzdrowienia-malgorzata\/","title":{"rendered":"\u015awiadectwa uzdrowienia &#8211; Ma\u0142gorzata"},"content":{"rendered":"\n<p class=\"has-ast-global-color-0-color has-text-color has-link-color wp-elements-1b0ef274f37ec3aa932de7dc57e0c02f\"><em>Copyright \u00a9 Rozpowszechnianie i kopiowanie wy\u0142\u0105cznie za pozwoleniem KBWCH &#8222;S\u0142owo \u017bycia&#8221;.<\/em><br><em>Je\u017celi potrzebujesz modlitwy lub chcesz porozmawia\u0107 z Ma\u0142gorzat\u0105, <a href=\"https:\/\/slowozycia.org\/index.php\/kontakt\/\" data-type=\"page\" data-id=\"17\">skontaktuj<\/a> si\u0119 z biurem ko\u015bcio\u0142a lub przez <a href=\"https:\/\/www.facebook.com\/SlowoZycia\/\" data-type=\"link\" data-id=\"https:\/\/www.facebook.com\/SlowoZycia\/\">facebook<\/a>.<\/em><\/p>\n\n\n\n<p>Trzy uzdrowienia z 2018<\/p>\n\n\n\n<p><strong>Uzdrowienie z guza tarczycy<\/strong><\/p>\n\n\n\n<p>W mojej rodzinie kilka os\u00f3b choruje na guzowato\u015b\u0107 tarczycy. W wyniku takiego wywiadu rodzinnego, lekarz zaleci\u0142 mi wykonanie USG tego organu. USG wykona\u0142am w styczniu 2018 roku, i wykaza\u0142o ono guz prawego p\u0142atu tarczycy o wymiarach 11mmx 5mm, uwieczniony na zdj\u0119ciu z USG . Dosta\u0142am skierowanie do endokrynologa na wykonanie biopsji oraz dalsze leczenie. Na wizyt\u0119 zapisano mnie na lipiec. W tym czasie modli\u0142am si\u0119 do Boga o uzdrowienie. Przed sam\u0105 wizyt\u0105 u lekarza prosi\u0142am osoby obecne na spotkaniu modlitewnym ko\u015bcio\u0142a o wsparcie mnie, gdy\u017c nie chc\u0119 mie\u0107 ani biopsji, ani guz\u00f3w. W\u0142o\u017cono na mnie r\u0119ce i modlono si\u0119 o ca\u0142kowite uleczenie.<\/p>\n\n\n\n<p>Pani doktor endokrynolog przed biopsj\u0105 wykonywa\u0142a kolejne usg. Ze zdziwieniem stwierdzi\u0142a, \u017ce nie mo\u017ce znale\u017a\u0107 \u017cadnej zmiany w mojej tarczycy i nie wie, co tam widzia\u0142a pani radiolog. Na to pokaza\u0142am jej poprzednie usg z uwiecznion\u0105 na nim zmian\u0105 i wtedy pani doktor powiedzia\u0142a \u2013 no tak, ale tego teraz nie ma, pani tarczyca jest obecnie jednorodna.<\/p>\n\n\n\n<p>Wdzi\u0119czna jestem Panu Bogu, \u017ce oszcz\u0119dzi\u0142 mi b\u00f3lu, cierpienia i niepokoju.<\/p>\n\n\n\n<p><strong>Uzdrowienie z naro\u015bli na strunach g\u0142osowych.<\/strong><\/p>\n\n\n\n<p>Podczas rutynowego badania gard\u0142a w szpitalnej izbie przyj\u0119\u0107 laryngolog zauwa\u017cy\u0142 zmian\u0119 na strunach g\u0142osowych. Dosta\u0142am skierowanie do laryngologa. Pani laryngolog poinformowa\u0142a mnie, \u017ce nie ma na to leczenia, a jedynie chirurgiczne usuni\u0119cie, co b\u0119dzie konieczne, poniewa\u017c zmiana mo\u017ce z czasem zrakowacie\u0107. Nie chcia\u0142am mie\u0107 operacji. Postanowi\u0142am modli\u0107 si\u0119. W modlitwie wspiera\u0142 mnie te\u017c ko\u015bci\u00f3\u0142. K\u0142ada\u0142am r\u0119ce na gard\u0142o i og\u0142asza\u0142am, \u017ce poprzez ofiar\u0119, jak\u0105 poni\u00f3s\u0142 Pan Jezus na krzy\u017cu zosta\u0142am uzdrowiona. Na nast\u0119pn\u0105 wizyt\u0119 posz\u0142am za 4 tygodnie. Przyj\u0119\u0142a mnie starsza pani dokt\u00f3r, kt\u00f3ra ogl\u0105daj\u0105c moje struny g\u0142osowe stwierdzi\u0142a, \u017ce dosz\u0142o do pomy\u0142ki, poniewa\u017c s\u0105 one zdrowe. Powiedzia\u0142am wtedy, w jaki spos\u00f3b dosz\u0142o do uzdrowienia ze zmian patologicznych. Wtedy pani dokt\u00f3r zacz\u0119\u0142a krzycze\u0107 na mnie, \u017ce opowiadam jej bzdury, a ona przez 30 lat swojej pracy laryngologicznej nie widzia\u0142a, \u017ceby taka zmniana zagin\u0119\u0142a sama. Na dow\u00f3d tego, \u017ce dosz\u0142o do cudu, wyj\u0119\u0142am wypis z karty szpitalnej z opisem oraz zapis z karty z przychodni. Dw\u00f3ch laryngolog\u00f3w stwierdzi\u0142o naro\u015bl na strunach, kt\u00f3rej obecnie nie ma. Ku mojemu zdziwieniu pani dokt\u00f3r nie by\u0142a zadowolona i wola\u0142a wierzy\u0107 w pomy\u0142k\u0119. Obecnie dw\u00f3ch kolejnych laryngolog\u00f3w potwierdzi\u0142o, \u017ce moje struny g\u0142osowe s\u0105 ca\u0142kowicie zdrowe.<\/p>\n\n\n\n<p><strong>Uzdrowienie z tocznia rumieniowatego.<\/strong><\/p>\n\n\n\n<p>Od pewnego czasu \u017ale si\u0119 czu\u0142am i w ko\u0144cu trafi\u0142am do szpitala na oddzia\u0142 alergologii i chor\u00f3b wewn\u0119trznych. Diagnoza by\u0142a druzgocz\u0105ca. Tocze\u0144 rumieniowaty uk\u0142adowy, posta\u0107 nerkowa agresywna. Dosta\u0142am leczenie &#8222;ko\u0144sk\u0105&#8221; dawk\u0105 steryd\u00f3w i skierowanie do dalszego leczenie u reumatologa. M\u00f3j ratunek by\u0142 tylko u Boga, poniewa\u017c jest to choroba nieuleczalna, lekami si\u0119 j\u0105 tylko przygasza, aby w\u0142asny uk\u0142ad immunologiczny nie niszczy\u0142 organ\u00f3w wewn\u0119trznych.<\/p>\n\n\n\n<p>Prosi\u0142am o modlitw\u0119 w ko\u015bciele i pastor modli\u0142 si\u0119 o mnie z namaszczeniem olejem. Czu\u0142am wtedy obecno\u015b\u0107 Ducha \u015awi\u0119tego i moc Bo\u017c\u0105 i dosta\u0142am wewn\u0119trzne przekonanie, \u017ce zosta\u0142am uzdrowiona. W ko\u015bciele przez wiar\u0119 z\u0142o\u017cy\u0142am \u015bwiadectwo, \u017ce jestem zdrowa i wiem, \u017ce nast\u0119pne badania to wyka\u017c\u0105. Pami\u0119tam, \u017ce jak czyta\u0142am w tym czasie, jak straszna jest to choroba, s\u0142ysza\u0142am wewn\u0105trz siebie wyra\u017any g\u0142os \u2013 &#8222;Ty tego nie masz&#8221;. Dzi\u0119kowa\u0142am wtedy Bogu i g\u0142o\u015bno m\u00f3wi\u0142am \u2013 &#8222;Jestem zdrowa&#8221;.<\/p>\n\n\n\n<p>Czeka\u0142am na badania. Na pocz\u0105tek okre\u015blono w mojej krwi poziom ANA, kt\u00f3ry pokazuje, w jakim obecnie nasileniu jest choroba autoimmunologiczna. Pani dokt\u00f3r z niedowierzaniem patrzy\u0142a na moje stare wyniki i obecne. Do tej pory by\u0142o miano silnie dodatnie, obecne by\u0142o ujemne, co wyklucza\u0142o istnienie jakiejkolwiek choroby autoimmunologicznej w moim organizmie. Wyniki zaprzecza\u0142y si\u0119. Zlecono znowu badania na obecno\u015b\u0107 tocznia i tak\u017ce wysz\u0142y ujemne. M\u00f3wi\u0142am pani dokt\u00f3r o Bo\u017cym uzdrowieniu, ale stwierdzi\u0142a, \u017ce wcze\u015bniejsze moje wyniki s\u0105 tak niepokoj\u0105ce, \u017ce pozostawia mnie pod dalsz\u0105 obserwacj\u0105.<\/p>\n\n\n\n<p>Jestem pewna swojego uzdrowienia, dlatego nie mam zamiaru dalej kontynuowa\u0107 wizyt w poradni reumatologicznej. Ust\u0105pi\u0142y mi wszystkie objawy tocznia, wygas\u0142y tak\u017ce chroniczne i bardzo bolesne stany zapalne staw\u00f3w, kt\u00f3re towarzysz\u0105 tej chorobie.<\/p>\n\n\n\n<p>Dzi\u0119kuj\u0119 bardzo mojemu Bogu i zawsze przepe\u0142nia mnie szcz\u0119\u015bcie i dzi\u0119kczynienie, gdy pomy\u015bl\u0119, co dla mnie zrobi\u0142.<\/p>\n","protected":false},"excerpt":{"rendered":"<p>Copyright \u00a9 Rozpowszechnianie i kopiowanie wy\u0142\u0105cznie za pozwoleniem KBWCH &#8222;S\u0142owo \u017bycia&#8221;.Je\u017celi potrzebujesz modlitwy lub chcesz porozmawia\u0107 z Ma\u0142gorzat\u0105, skontaktuj si\u0119 z biurem ko\u015bcio\u0142a lub przez facebook. Trzy uzdrowienia z 2018 Uzdrowienie z guza tarczycy W mojej rodzinie kilka os\u00f3b choruje na guzowato\u015b\u0107 tarczycy. W wyniku takiego wywiadu rodzinnego, lekarz zaleci\u0142 mi wykonanie USG tego organu. &hellip;<\/p>\n<p class=\"read-more\"> <a class=\"\" href=\"https:\/\/slowozycia.org\/index.php\/swiadectwa\/swiadectwa-uzdrowienia-malgorzata\/\"> <span class=\"screen-reader-text\">\u015awiadectwa uzdrowienia &#8211; Ma\u0142gorzata<\/span> Read More &raquo;<\/a><\/p>\n","protected":false},"author":3,"featured_media":0,"parent":21,"menu_order":0,"comment_status":"closed","ping_status":"closed","template":"","meta":{"site-sidebar-layout":"default","site-content-layout":"default","ast-global-header-display":"","ast-main-header-display":"","ast-hfb-above-header-display":"","ast-hfb-below-header-display":"","ast-hfb-mobile-header-display":"","site-post-title":"","ast-breadcrumbs-content":"","ast-featured-img":"","footer-sml-layout":"","theme-transparent-header-meta":"","adv-header-id-meta":"","stick-header-meta":"","header-above-stick-meta":"","header-main-stick-meta":"","header-below-stick-meta":"","footnotes":""},"class_list":["post-187","page","type-page","status-publish","hentry"],"_links":{"self":[{"href":"https:\/\/slowozycia.org\/index.php\/wp-json\/wp\/v2\/pages\/187","targetHints":{"allow":["GET"]}}],"collection":[{"href":"https:\/\/slowozycia.org\/index.php\/wp-json\/wp\/v2\/pages"}],"about":[{"href":"https:\/\/slowozycia.org\/index.php\/wp-json\/wp\/v2\/types\/page"}],"author":[{"embeddable":true,"href":"https:\/\/slowozycia.org\/index.php\/wp-json\/wp\/v2\/users\/3"}],"replies":[{"embeddable":true,"href":"https:\/\/slowozycia.org\/index.php\/wp-json\/wp\/v2\/comments?post=187"}],"version-history":[{"count":5,"href":"https:\/\/slowozycia.org\/index.php\/wp-json\/wp\/v2\/pages\/187\/revisions"}],"predecessor-version":[{"id":445,"href":"https:\/\/slowozycia.org\/index.php\/wp-json\/wp\/v2\/pages\/187\/revisions\/445"}],"up":[{"embeddable":true,"href":"https:\/\/slowozycia.org\/index.php\/wp-json\/wp\/v2\/pages\/21"}],"wp:attachment":[{"href":"https:\/\/slowozycia.org\/index.php\/wp-json\/wp\/v2\/media?parent=187"}],"curies":[{"name":"wp","href":"https:\/\/api.w.org\/{rel}","templated":true}]}}