{"id":179,"date":"2023-12-15T11:03:12","date_gmt":"2023-12-15T10:03:12","guid":{"rendered":"http:\/\/slowozycia.org\/?page_id=179"},"modified":"2024-09-16T18:59:13","modified_gmt":"2024-09-16T16:59:13","slug":"moja-droga-do-boga-krzysztof","status":"publish","type":"page","link":"https:\/\/slowozycia.org\/index.php\/swiadectwa\/moja-droga-do-boga-krzysztof\/","title":{"rendered":"Moja droga do Boga &#8211; Krzysztof"},"content":{"rendered":"\n<p><em><mark style=\"background-color:rgba(0, 0, 0, 0)\" class=\"has-inline-color has-ast-global-color-0-color\">Copyright \u00a9 Rozpowszechnianie i kopiowanie wy\u0142\u0105cznie za pozwoleniem KBWCH &#8222;S\u0142owo \u017bycia&#8221;.<\/mark><\/em><br><em><mark style=\"background-color:rgba(0, 0, 0, 0)\" class=\"has-inline-color has-ast-global-color-0-color\">Je\u017celi potrzebujesz modlitwy lub chcesz porozmawia\u0107 z Krzysztofem, <a href=\"https:\/\/slowozycia.org\/index.php\/kontakt\/\" data-type=\"page\" data-id=\"17\">skontaktuj <\/a>si\u0119 z biurem ko\u015bcio\u0142a lub przez <a href=\"https:\/\/www.facebook.com\/SlowoZycia\/\" data-type=\"link\" data-id=\"https:\/\/www.facebook.com\/SlowoZycia\/\">facebook<\/a>.<\/mark><\/em><\/p>\n\n\n\n<p>Moja droga do Boga \u2013 \u015bwiadectwo Krzysztofa<\/p>\n\n\n\n<p>Jako m\u0142ody ch\u0142opak szuka\u0142em swojej drogi \u017cycia poprzez &#8222;pr\u00f3bowanie&#8221; wszystkiego, co oferuje ten \u015bwiat. B\u00f3g w\u00f3wczas by\u0142 dla mnie jedynie wytworem ludzkiej fantazji, raczej nie wierzy\u0142em w Jego istnienie. Co wi\u0119cej, przypatruj\u0105c si\u0119 \u017cyciu ludzi, kt\u00f3rzy mienili si\u0119 chrze\u015bcijanami, utwierdza\u0142o si\u0119 we mnie przekonanie, \u017ce wi\u0119kszo\u015b\u0107 tych ludzi wraz z instytucj\u0105 ko\u015bcio\u0142a to hipokryci. Nie oznacza\u0142o to, \u017ce mia\u0142em jaki\u015b zwichrowany kr\u0119gos\u0142up moralny, by\u0142em po prostu obserwatorem wyci\u0105gaj\u0105cym wnioski. Niestety, to co wdzia\u0142em w szeroko rozumianym ko\u015bciele, nastawi\u0142o mnie niech\u0119ci\u0105 do niego samego, a tak\u017ce do osoby Jezusa.<\/p>\n\n\n\n<p>Jako nastolatek buntowa\u0142em si\u0119, szukaj\u0105c w\u0142asnej drogi \u017cycia. By\u0142em min. kibicem Jagiellonii, je\u017adzi\u0142em na tzw. wyjazdy. Po jakim\u015b czasie, ucz\u0105c si\u0119 w technikum, skr\u0119ci\u0142em w stron\u0119 muzyki alternatywnej i zacz\u0105\u0142em s\u0142ucha\u0107 punk rocka, po\u017aniej reggae i tym podobnych klimat\u00f3w. Podoba\u0142o mi si\u0119 to. Ubiera\u0142em si\u0119 inaczej, nosi\u0142em irokeza, my\u015bla\u0142em inaczej ni\u017c inni. Wydawa\u0142o si\u0119, \u017ce znalaz\u0142em swoj\u0105 drog\u0119, odnajdywa\u0142em si\u0119 w tym otoczeniu i ideologii. Chodzi\u0142em na koncerty, je\u017adzi\u0142em do Jarocina, na imprezy, wszystkie te rzeczy sprawia\u0142y, \u017ce nauka i rodzina stawa\u0142y si\u0119 dla mnie nieistotne.<br>Palenie, picie alkoholu, marihuana, inne specyfiki, przyja\u017anie damskie, to zaczyna\u0142o mi ju\u017c nie wystarcza\u0107. Pomimo tych wszystkich u\u017cywek, zacz\u0105\u0142em odczuwa\u0107, \u017ce czego\u015b mi brakuje. Mia\u0142em koleg\u00f3w, s\u0142ucha\u0142em muzyki, chodzi\u0142em na imprezy, ale pojawiaj\u0105ca si\u0119 coraz cz\u0119\u015bciej pustka wywo\u0142ywa\u0142a pytanie o sens mojego \u017cycia. To sprawi\u0142o, \u017ce zacz\u0105\u0142em powa\u017cnie my\u015ble\u0107 o braniu mocniejszych narkotyk\u00f3w.<br>Kiedy\u015b, po jakiej\u015b imprezie, bardzo \u017ale si\u0119 poczu\u0142em. Nie mog\u0142em wr\u00f3ci\u0107 do domu, wi\u0119c wszed\u0142em do jakiego\u015b bloku i po\u0142o\u017cy\u0142em si\u0119 w piwnicy pod schodami. Ca\u0142y \u015bwiat mi wirowa\u0142, trwa\u0142o to kilka godzin, my\u015b\u0142a\u0142em, \u017ce umr\u0119. I w\u00f3wczas zdarzy\u0142o si\u0119 co\u015b dziwnego. Us\u0142ysza\u0142em g\u0142os: &#8222;Nie umrzesz, ale b\u0119dziesz czyni\u0142 wielkie rzeczy Bo\u017ce&#8221;. Jak wytrze\u017awia\u0142em zachowa\u0142em to w swojej pami\u0119ci, ale nie wiedzia\u0142m co z tym zrobi\u0107, mo\u017ce to moja wyobra\u017ania, \u2026 \u017cy\u0142em jak dotychczas.<br>Poprzez alkohol i jakie\u015b tam tabletki, ma\u0142o co nie starci\u0142em nerek i znalaz\u0142em si\u0119 w szpitalu z powodu ich niewydolno\u015bci. Cudem si\u0119 uda\u0142o, \u017ce nerki zacz\u0119\u0142y dzia\u0142a\u0107, ale ja si\u0119 nie zmienia\u0142em. Po jakim\u015b czasie znowu przez alkohol i tabletki p\u0119k\u0142o mi co\u015b w prze\u0142ku, zala\u0142em ca\u0142y dom wymiotuj\u0105c krwi\u0105. B\u00f3g znowu mnie ochroni\u0142 i prze\u017cy\u0142em. Niestety to nie zmienia\u0142o mego serca. Wiedzia\u0142em, \u017ce stoj\u0119 na r\u00f3wni pochy\u0142ej i \u015bwiadomie id\u0119 w d\u00f3\u0142. Podj\u0105\u0142em w sercu dezyj\u0119, aby wyjecha\u0107 za granic\u0119 i zakotwiczy\u0107 si\u0119 w jakiej\u015b komunie w Holandii. Mia\u0142em wtedy 19 lat.<\/p>\n\n\n\n<p>W mi\u0119dzyczasie moja mama, widz\u0105c ca\u0142e to moje m\u0142odzie\u0144cze \u017cycie, zwr\u00f3ci\u0142a si\u0119 do Boga i modli\u0142a si\u0119 o mnie. Jak dzi\u015b m\u00f3wi, nie by\u0142y to modlitwy klepane, ale pochodzi\u0142y z serca. Wtedy zacz\u0119\u0142o si\u0119 dzia\u0107 co\u015b dziwnego.<br>Pami\u0119tam, \u017ce kilka razy wracaj\u0105c w nocy z koncert\u00f3w czy imprez, przechodzi\u0142em przez cmentarz. By\u0142o po p\u00f3\u0142nocy, siadywa\u0142em przy grobach i patrzy\u0142em na te figury i my\u015b\u0142a\u0142em \u2013 Jak by\u0142oby dobrze, gdyby ten Jezus by\u0142 prawdziwy. Dosta\u0142em od kogo\u015b obrazek Jezusa, ale ja chcia\u0142em czego\u015b, co jest \u017cywe i realne. Troszeczk\u0119 zacz\u0105\u0142em interesowa\u0107 si\u0119 Bogiem, min. przez kapele (Armia, Izrael), w kt\u00f3rych tekstach pojawia\u0142y si\u0119 zwroty np. &#8222;Dobry B\u00f3g puka do twego serca, On naprawd\u0119 kocha Ci\u0119, tylko On mo\u017ce da\u0107 ci t\u0105 si\u0142\u0119, aby\u015b m\u00f3g\u0142 wyzwoli\u0107 si\u0119&#8221; (1). Potrzebowa\u0142em uwolnienia, a sam by\u0142em za s\u0142aby by sobie z tym poradzi\u0107. Zauwa\u017cy\u0142em, \u017ce na mie\u015bcie s\u0105 jakie\u015b plakaty o ewangelizacji &#8222;Jezus \u017cyje&#8221; i my\u015b\u0142a\u0142em, \u017ce s\u0105 przecie\u017c jakie\u015b grupy ludzi wierz\u0105cych, kt\u00f3rzy nie wygl\u0105daj\u0105 jak reszta niedzielnych chrze\u015bcijan.<\/p>\n\n\n\n<p>By\u0142 rok 1994, wiosna. Szli\u015bmy z kolegami parkiem, wcze\u015bniej pili\u015bmy i palili\u015bmy marihuan\u0119, wydawa\u0142o si\u0119, \u017ce wszystko jest ok. Nagle zauwa\u017cy\u0142em grupk\u0119 radosnych ludzi \u015bpiewajacych Bogu pie\u015bni. Przy nich sta\u0142 nasz dawny kolega, z kt\u00f3rym s\u0142ucha\u0142em tej samej muzyki, je\u017adzi\u0142em do Jarocina, ale jaki\u015b czas temu si\u0119 nawr\u00f3ci\u0142. I ten kolega da\u0142 nam zaproszenie na ewangelizacj\u0119 i odszed\u0142. Pomy\u015bla\u0142em sobie \u2013 Kurcze, ja tu musz\u0119 pi\u0107, pali\u0107, s\u0142ucham muzy, aby mie\u0107 dobry nastr\u00f3j, a tu stoj\u0105 ludzie i maj\u0105 to co\u015b, jakie\u015b szcz\u0119\u015bcie \u2026 za darmo.<br>Po kilku dniach wzi\u0105\u0142em z sob\u0105 kilku koleg\u00f3w i pojechali\u015bmy na to spotkanie ewangelizacyjne. Byli\u015bmy w sk\u00f3rach i glanach, ale to nikomu nie przeszkadza\u0142o. Nigdy nie s\u0142ysza\u0142em takich s\u0142\u00f3w, takiego m\u00f3wienia o Bogu, wiedzia\u0142em, \u017ce ci ludzie znali Boga, a B\u00f3g by\u0142 obecny. Nie ma miejsca na opisywanie tego, co si\u0119 dok\u0142adnie wydarzy\u0142o, ale kiedy tam siedzia\u0142em i s\u0142ucha\u0142em o Bogu, w sercu swym postanowi\u0142em &#8211; Ja chc\u0119 tego Boga, chc\u0119 Jezusa! G\u0142osi\u0142 w\u00f3wczas zaproszony go\u015b\u0107, by\u0142 nim ju\u017c nie\u017cyj\u0105cy pastor Micha\u0142 Hydzik. Pod koniec pad\u0142o wezwanie &#8211; Czy chcesz przyj\u0105\u0107 Jezusa? Przyjd\u017a do przodu! Wyszed\u0142em, a ze mn\u0105 te\u017c moi koledzy. Pomodli\u0142em si\u0119 prost\u0105 modlitw\u0105, odda\u0142em swoje \u017cycie Jezusowi i wiem, \u017ce On mnie przyj\u0105\u0142. Co\u015b si\u0119 zmieni\u0142o!<br>Kiedy wyszed\u0142em z ewngelizacji, moi koledzy spojrzeli po sobie i powiedzieli &#8211; Co zapalimy? Powiedzia\u0142em \u2013 Nie, ja tego ju\u017c nie potrzebuj\u0119. Wyrzuci\u0142em prawie ca\u0142\u0105 ramk\u0119 papieros\u00f3w do \u015bmietnika. A oni &#8211; Stary co robisz? B\u0119dziesz nas zaraz prosi\u0142! Nigdy nie prosi\u0142em.<\/p>\n\n\n\n<p>Zacz\u0105\u0142em chodzi\u0107 na spotkania, kt\u00f3re prowadzi\u0142 pastor &#8211; misjonarz z Brazylii. B\u00f3g zmienia\u0142 mnie ka\u017cdego dnia, a S\u0142owo Bo\u017ce &#8211; biblia by\u0142a taka prosta, tak zrozumia\u0142a i tak bardzo zmieniaj\u0105ca moje \u017cycie. Dziwi\u0142em si\u0119, dlaczego tak ma\u0142o os\u00f3b zna Boga? To by\u0142o realne, przesta\u0142em zak\u0142ada\u0107 swoj\u0105 mask\u0119, by\u0142em sob\u0105. Zacz\u0105\u0142\u0119m bardziej kocha\u0107 ludzi, sw\u00f3j kraj i pragn\u0105\u0142em m\u00f3wi\u0107 o tym, kim jest Jezus. B\u00f3g zabra\u0142 mi pragnienie palenia papieros\u00f3w, picia alkoholu oraz brania innych u\u017cywek. Przesta\u0142em przeklina\u0107 i szuka\u0107 zwi\u0105zk\u00f3w z kobietami. B\u00f3g da\u0142 mi niezwyk\u0142y pok\u00f3j, swoj\u0105 obecno\u015b\u0107, wiedzia\u0142em kim jestem i gdzie id\u0119.<br>M\u00f3wi\u0142em o Jezusie swoim kolegom, nawet skinheadom. Na jedn\u0105 z ewangelizacji namiotowych przyszed\u0142 m\u00f3j sasi\u0105d i s\u0142ucha\u0142 i patrzy\u0142 na mnie dziwnym wzrokiem. P\u00f3\u017aniej podszed\u0142 i powiedzia\u0142 &#8211; Wiesz my\u015bla\u0142em, \u017ce przyszed\u0142e\u015b tu, aby to zniszczy\u0107, zak\u0142\u00f3ci\u0107 czy wy\u015bmia\u0107, ale widz\u0119, \u017ce naprawd\u0119 spotka\u0142e\u015b Boga. Napisa\u0142 mi na gedeonitce takie zdanie &#8211; &#8222;Wiele cud\u00f3w wydarzy\u0142o si\u0119 na tym \u015bwiecie, ale ja widzia\u0142em tylko jeden &#8211; \u017ce ty zawr\u00f3ci\u0142e\u015b z tej drogi i odda\u0142e\u015b swoje \u017cycie Bogu, \u2026&#8221;.<br>Z mizernego ucznia sta\u0142em si\u0119 w miar\u0119 dobrym, na tyle, \u017ce nosi\u0142em sztandar szko\u0142y. Po sko\u0144czeniu technikum pojecha\u0142em do szko\u0142y biblijnej. Po jej uko\u0144czeniu o\u017ceni\u0142em si\u0119 i urodzi\u0142o si\u0119 nam troje dzieci. B\u00f3g pob\u0142ogos\u0142awi\u0142 mnie i zaopatrzy\u0142. Zawsze s\u0142u\u017cy\u0142em Bogu, a od 2005 roku jestem pastorem KBwCh &#8222;S\u0142owo \u017bycia&#8221; w Bia\u0142ymstoku.<br>To wszystko z \u0142aski Boga. Dzi\u015b wiem, \u017ce B\u00f3g istnieje i jest dobry. Wiem te\u017c, \u017ce wielu ludzi tak jak ja ma problemy, szuka swojej drogi, ma zwichrowany i b\u0142\u0119dny obraz Boga. Nie patrz na ludzi czy organizacje religijne, ale zwr\u00f3\u0107 si\u0119 do Jezusa. On Ciebie poprowadzi i zmieni twoje \u017cycie.<br>Co zrobi\u0142 dla mnie \u2013 zrobi i dla Ciebie.<br>To wszystko przez wiar\u0119 w Jezusa, nie z naszych uczynk\u00f3w, ale z \u0142aski Boga.<\/p>\n\n\n\n<p class=\"has-ast-global-color-0-color has-text-color has-link-color wp-elements-c2b21d5bd589252107fda094732f1790\"><\/p>\n","protected":false},"excerpt":{"rendered":"<p>Copyright \u00a9 Rozpowszechnianie i kopiowanie wy\u0142\u0105cznie za pozwoleniem KBWCH &#8222;S\u0142owo \u017bycia&#8221;.Je\u017celi potrzebujesz modlitwy lub chcesz porozmawia\u0107 z Krzysztofem, skontaktuj si\u0119 z biurem ko\u015bcio\u0142a lub przez facebook. Moja droga do Boga \u2013 \u015bwiadectwo Krzysztofa Jako m\u0142ody ch\u0142opak szuka\u0142em swojej drogi \u017cycia poprzez &#8222;pr\u00f3bowanie&#8221; wszystkiego, co oferuje ten \u015bwiat. B\u00f3g w\u00f3wczas by\u0142 dla mnie jedynie wytworem ludzkiej &hellip;<\/p>\n<p class=\"read-more\"> <a class=\"\" href=\"https:\/\/slowozycia.org\/index.php\/swiadectwa\/moja-droga-do-boga-krzysztof\/\"> <span class=\"screen-reader-text\">Moja droga do Boga &#8211; Krzysztof<\/span> Read More &raquo;<\/a><\/p>\n","protected":false},"author":3,"featured_media":0,"parent":21,"menu_order":0,"comment_status":"closed","ping_status":"closed","template":"","meta":{"site-sidebar-layout":"default","site-content-layout":"default","ast-global-header-display":"","ast-main-header-display":"","ast-hfb-above-header-display":"","ast-hfb-below-header-display":"","ast-hfb-mobile-header-display":"","site-post-title":"","ast-breadcrumbs-content":"","ast-featured-img":"","footer-sml-layout":"","theme-transparent-header-meta":"","adv-header-id-meta":"","stick-header-meta":"","header-above-stick-meta":"","header-main-stick-meta":"","header-below-stick-meta":"","footnotes":""},"class_list":["post-179","page","type-page","status-publish","hentry"],"_links":{"self":[{"href":"https:\/\/slowozycia.org\/index.php\/wp-json\/wp\/v2\/pages\/179","targetHints":{"allow":["GET"]}}],"collection":[{"href":"https:\/\/slowozycia.org\/index.php\/wp-json\/wp\/v2\/pages"}],"about":[{"href":"https:\/\/slowozycia.org\/index.php\/wp-json\/wp\/v2\/types\/page"}],"author":[{"embeddable":true,"href":"https:\/\/slowozycia.org\/index.php\/wp-json\/wp\/v2\/users\/3"}],"replies":[{"embeddable":true,"href":"https:\/\/slowozycia.org\/index.php\/wp-json\/wp\/v2\/comments?post=179"}],"version-history":[{"count":6,"href":"https:\/\/slowozycia.org\/index.php\/wp-json\/wp\/v2\/pages\/179\/revisions"}],"predecessor-version":[{"id":442,"href":"https:\/\/slowozycia.org\/index.php\/wp-json\/wp\/v2\/pages\/179\/revisions\/442"}],"up":[{"embeddable":true,"href":"https:\/\/slowozycia.org\/index.php\/wp-json\/wp\/v2\/pages\/21"}],"wp:attachment":[{"href":"https:\/\/slowozycia.org\/index.php\/wp-json\/wp\/v2\/media?parent=179"}],"curies":[{"name":"wp","href":"https:\/\/api.w.org\/{rel}","templated":true}]}}