{"id":174,"date":"2023-12-15T10:44:06","date_gmt":"2023-12-15T09:44:06","guid":{"rendered":"http:\/\/slowozycia.org\/?page_id=174"},"modified":"2024-09-16T19:03:34","modified_gmt":"2024-09-16T17:03:34","slug":"swiadectwo-uzdrowienia-wewnetrznego-magda","status":"publish","type":"page","link":"https:\/\/slowozycia.org\/index.php\/swiadectwa\/swiadectwo-uzdrowienia-wewnetrznego-magda\/","title":{"rendered":"\u015awiadectwo uzdrowienia wewn\u0119trznego &#8211; Magda"},"content":{"rendered":"\n<p><mark style=\"background-color:rgba(0, 0, 0, 0)\" class=\"has-inline-color has-ast-global-color-0-color\"><em>Copyright \u00a9 Rozpowszechnianie i kopiowanie wy\u0142\u0105cznie za pozwoleniem KBWCH &#8222;S\u0142owo \u017bycia&#8221;.<\/em><br><em>Je\u017celi potrzebujesz modlitwy lub chcesz porozmawia\u0107 z Magd\u0105, <a href=\"https:\/\/slowozycia.org\/index.php\/kontakt\/\" data-type=\"page\" data-id=\"17\">skontaktuj<\/a> si\u0119 z biurem ko\u015bcio\u0142a lub przez <a href=\"https:\/\/www.facebook.com\/SlowoZycia\/\" data-type=\"link\" data-id=\"https:\/\/www.facebook.com\/SlowoZycia\/\">facebook<\/a>.<\/em><\/mark><\/p>\n\n\n\n<p>\u015awiadectwo uzdrowienia wewn\u0119trznego (ze stan\u00f3w depresyjnych)<br>Moje poznanie mi\u0142o\u015bci Bo\u017cej mia\u0142o miejsce w takim momencie w moim \u017cyciu, gdy straci\u0142am wszystkie nadzieje na to, \u017ce cokolwiek dobrego mnie mo\u017ce jeszcze czeka\u0107 w przysz\u0142o\u015bci, a wielkimi krokami wchodzi\u0142am w to co nazywamy depresj\u0105. Zna\u0142am ten temat bardzo dobrze z otoczenia swojej najbli\u017cszej rodziny, w kt\u00f3rej mia\u0142y miejsce pr\u00f3by samob\u00f3jcze (jedna niestety udana) i wieloletnie depresje.<br>By\u0142am osob\u0105 o bardzo niskiej samoocenie, czerpi\u0105c\u0105 swoje g\u0142\u00f3wne \u017ar\u00f3d\u0142o szcz\u0119\u015bcia z tego co s\u0105dzi na m\u00f3j temat i jaki jest dla mnie m\u00f3j partner \u017cyciowy oraz tego jak si\u0119 uk\u0142adaj\u0105 nasze wsp\u00f3lne plany na przysz\u0142o\u015b\u0107 &#8211; za\u0142o\u017cenie rodziny itp. Nosi\u0142am w sobie pustk\u0119, kt\u00f3r\u0105 stara\u0142am si\u0119 wype\u0142nia\u0107 r\u00f3\u017cnymi zainteresowaniami, podr\u00f3\u017cami, wycieczkami w g\u00f3ry, co dawa\u0142o silne bod\u017ace potrafi\u0105ce j\u0105 na kr\u00f3tki moment zag\u0142uszy\u0107. Jako \u017ce zawsze marzy\u0142am o ma\u0142\u017ce\u0144stwie, du\u017cej rodzinie, to gdy w wieku 33 lat kolejny m\u00f3j zwi\u0105zek okaza\u0142 si\u0119 ogromnym niepowodzeniem i przyni\u00f3s\u0142 mi du\u017co goryczy, b\u00f3lu, poczucia bycia oszukan\u0105, wykorzystan\u0105 &#8211; wp\u0142yn\u0119\u0142o to w bardzo destrukcyjny spos\u00f3b na moj\u0105 psychik\u0119. Otoczenie &#8211; rodzina, praca, gdzie wszyscy wok\u00f3\u0142 mieli to o czym ja od dawna marzy\u0142am &#8211; nie pomaga\u0142o. W tamtym okresie czasu w czasie rozpadaj\u0105cego si\u0119 zwi\u0105zku, sama z poczucia goryczy, frustracji robi\u0142am i m\u00f3wi\u0142am rzeczy, z kt\u00f3rych nie jestem dumna i kt\u00f3re sta\u0142y bardzo daleko od warto\u015bci moralnych, kt\u00f3re wpoili we mnie jeszcze za dziecka moi rodzice. Dodatkowo zacz\u0119\u0142am chorowa\u0107 na insulinooporno\u015b\u0107, prze\u017cy\u0142am ogrom sytuacji stresowych, wskutek czego przyty\u0142am 30kg w przeci\u0105gu 3 lat. To spowodowa\u0142o, \u017ce moja samoocena totalnie szorowa\u0142a po dnie i wyda\u0142o mi si\u0119 na tamten moment \u017ce jakiekolwiek pr\u00f3by budowy przysz\u0142o\u015bci takiej o jakiej marzy\u0142am s\u0105 ju\u017c nierealne. Zacz\u0119\u0142am coraz cz\u0119\u015bciej pogr\u0105\u017ca\u0107 si\u0119 w depresyjnych my\u015blach, w\u0142a\u015bciwie dosz\u0142o do tego momentu, gdzie codziennie p\u0142aka\u0142am, przesta\u0142am widzie\u0107 w \u017cyciu sens i nadziej\u0119, straci\u0142am ca\u0142kowicie zdolno\u015b\u0107 do dostrzegania tego co pozytywne wok\u00f3\u0142 mnie. Zacz\u0119\u0142am wype\u0142nia\u0107 czas na si\u0142\u0119 r\u00f3\u017cnymi czynno\u015bciami &#8211; spacery, zakupy, si\u0142ownia, bezsensowne chodzenie po sklepach, ogl\u0105danie odm\u00f3\u017cd\u017caj\u0105cych tv show, \u017ceby mie\u0107 jak najmniej czasu na my\u015blenie o sobie, swojej sytuacji i tego w jak beznadziejnym po\u0142o\u017ceniu si\u0119 znalaz\u0142am. Mimo wszystko i tak, gdy si\u0119 k\u0142ad\u0142am wieczorem spa\u0107 dopada\u0142y mnie tak ogromne stany depresyjne, \u017ce pewnego dnia po tym jak p\u00f3\u0142 nocy przep\u0142aka\u0142am, zawo\u0142a\u0142am do Boga m\u00f3wi\u0105c \u017ce nie chc\u0119 tak dalej \u017cy\u0107. Da\u0142am mu ultimatum &#8211; albo niech mnie zabierze z tego \u015bwiata albo niech co\u015b zmieni w moim \u017cyciu, bo d\u0142u\u017cej nie dam rady \u017cy\u0107 \u017cyciem, w kt\u00f3rym najwi\u0119ksz\u0105 moj\u0105 motywacj\u0105 chroni\u0105c\u0105 przed \u015bmierci\u0105 by\u0142o to aby nie zrobi\u0107 przykro\u015bci mojej mamie, kt\u00f3ra i tak mia\u0142a bardzo ci\u0119\u017ckie \u017cycie. Nie potrafi\u0142abym jej do\u0142o\u017cy\u0107 b\u00f3lu.<br>Na odpowied\u017a Boga d\u0142ugo nie czeka\u0142am, przysz\u0142a po ok. dw\u00f3ch miesi\u0105cach. W tamtym czasie moja kole\u017canka Marta co jaki\u015b czas wysy\u0142a\u0142a mi r\u00f3\u017cne \u015bwiadectwa ludzi kt\u00f3rzy odmienili dzi\u0119ki Bogu swoje \u017cycie, wyszli z depresji, opresji demonicznych, chor\u00f3b itp., ale nie by\u0142am nimi na pocz\u0105tku specjalnie zainteresowana &#8211; ogl\u0105da\u0142am raczej z nud\u00f3w. Wiedzia\u0142am co do owej kole\u017canki, \u017ce si\u0119 nawr\u00f3ci\u0142a do Boga kilka lat wcze\u015bniej, ale nie czu\u0142am potrzeby wg\u0142\u0119biania si\u0119 specjalnie w ten temat. Zawsze wierzy\u0142am w Boga, ale absolutnie wyklucza\u0142am w swoim pogl\u0105dzie na niego mo\u017cliwo\u015b\u0107 jego ingerencji w nasze obecne \u017cycie. Uwa\u017ca\u0142am, \u017ce jest gdzie\u015b daleko i niespecjalnie si\u0119 nami interesuje. Z kolei tu gdzie teraz my jeste\u015bmy, mo\u017cemy by\u0107 zdani tylko na siebie i na dzie\u0142o przypadku.<br>11 grudnia 2022r. mia\u0142am jak to cz\u0119sto bywa\u0142o w tamtym okresie, paskudny sen, w kt\u00f3rym podobnie jak to zdarza\u0142o si\u0119 nierzadko w rzeczywisto\u015bci- zosta\u0142am zn\u00f3w oszukana, zawiod\u0142am si\u0119 na bliskich mi osobach. Obudzi\u0142am si\u0119 z ogromnym poczuciem beznadziejno\u015bci i od razu o tym \u015bnie napisa\u0142am swojej nawr\u00f3conej kole\u017cance, na co ona zaproponowa\u0142a rozmow\u0119 telefoniczn\u0105 tego dnia wieczorem. Gdy nadszed\u0142 czas rozmowy zapyta\u0142a mnie przez telefon czy chc\u0119 przyj\u0105\u0107 Jezusa, odpowiedzia\u0142am zgodnie z prawd\u0105, \u017ce za bardzo nie wiem o co w tym chodzi. Nigdy nie by\u0142am aktywna religijnie, nie chodzi\u0142am do ko\u015bcio\u0142a, wi\u0119c o tym za du\u017co nie s\u0142ysza\u0142am. Marta wyt\u0142umaczy\u0142a mi, \u017ce jest to akt oddania swojego \u017cycia Panu Jezusowi, akt wyznania wiary w to ze umar\u0142 za nasze grzechy na krzy\u017cu, pro\u015bba o przebaczenie naszych grzech\u00f3w i oddanie ca\u0142ego swojego \u017cycia Jezusowi, ka\u017cdej sfery w naszym \u017cyciu. Zgodzi\u0142am si\u0119 i pomodli\u0142y\u015bmy si\u0119, by\u0142am wtedy w ogromnej desperacji i tak naprawd\u0119 krzycza\u0142am o pomoc, w duchu m\u00f3wi\u0142am Jezu przyjd\u017a, Jezu przyjd\u017a. Pami\u0119tam jak w momencie naszej wsp\u00f3lnej modlitwy poczu\u0142am przeogromny dotyk mi\u0142o\u015bci Bo\u017cej, tak wielk\u0105 mi\u0142o\u015b\u0107, kt\u00f3rej nie da si\u0119 nawet poczu\u0107 tutaj na ziemi od innych ludzi. Moje wszystkie stany depresyjne, ca\u0142a frustracja i \u017cal jakie w sobie nosi\u0142am znikn\u0119\u0142y gdzie\u015b w jedn\u0105 chwil\u0119 i ulecia\u0142y. Moje serce zosta\u0142o wype\u0142nione ogromnym pokojem, ufno\u015bci\u0105 i nadziej\u0105. Poczu\u0142am jakby kto\u015b mnie przytula\u0142, poczu\u0142am dok\u0142adnie te emocje jakie mamy, gdy ukochana osoba nas tuli w swoich obj\u0119ciach. Ten moment by\u0142 totalnie nadprzyrodzony i zawsze b\u0119d\u0119 mia\u0142a go w sercu, wiedzia\u0142am, \u017ce w tym momencie w niebie panuje ogromna rado\u015b\u0107 z tego jednego nawr\u00f3conego grzesznika. Zaraz po modlitwie wysz\u0142am na spacer z psem i w g\u0142owie mia\u0142am s\u0142owa &#8222;zostawi\u0142em 99 by przyj\u015b\u0107 w\u0142a\u015bnie po Ciebie&#8221;. Pami\u0119tam jak zacz\u0105\u0142 pada\u0107 \u015bnieg i zachwyca\u0142am si\u0119 ka\u017cdym p\u0142atkiem \u015bniegu, ca\u0142ym otoczeniem, mia\u0142am w duszy tak\u0105 rado\u015b\u0107 jakiej nie zazna\u0142am od dzieci\u0144stwa, a mo\u017ce i nigdy. Nied\u0142ugo minie rok od tego cudownego dnia, du\u017co w moim \u017cyciu mia\u0142o miejsce r\u00f3\u017cnych wydarze\u0144 od tamtego czasu, ale jedno jest niezmienne. Stany depresyjne w jakich by\u0142am nie wr\u00f3ci\u0142y do mnie ani na chwil\u0119. Mia\u0142am mo\u017ce 3 sytuacje, gdzie czu\u0142am jakby jaki\u015b g\u0142os z zewn\u0105trz do mnie m\u00f3wi\u0142 \u017ce jestem beznadziejna itp. Jednak to by\u0142o tak sprzeczne z tym jak ja siebie ju\u017c wtedy postrzega\u0142am, \u017ce od razu si\u0119 temu przeciwstawi\u0142am i nie wpu\u015bci\u0142am nawet do g\u0142owy. Wiem \u017ce w oczach Boga jestem wiele warta, bo jestem jego dzieckiem, obmytym z grzechu dzi\u0119ki ofierze Jezusa. Dalej jest we mnie ten sam pok\u00f3j i poczucie bycia kochan\u0105 jakiego dozna\u0142am wtedy &#8211; a mo\u017ce nawet wi\u0119ksze. Jezus przeprowadzi\u0142 mnie przez wiele sytuacji w moim \u017cyciu przez ostatni rok, kt\u00f3re nie by\u0142y \u0142atwe &#8211; takie jak \u015bmier\u0107 mojej Ukochanej Mamy, kt\u00f3ra by\u0142a mi najbli\u017cszym cz\u0142owiekiem tu na ziemi. Wiem, \u017ce gdyby nie On &#8211; pogrzeba\u0142abym si\u0119 w odm\u0119tach depresji po tej ci\u0119\u017ckiej sytuacji, ale wsparcie jakie otrzymuje z Nieba jest o wiele wi\u0119ksze ni\u017c b\u00f3l, kt\u00f3ry czuj\u0119 tu na ziemi. B\u00f3g przejawi\u0142 swoje wielkie mi\u0142osierdzie r\u00f3wnie\u017c poprzez to, \u017ce u\u017cy\u0142 mnie do tego abym g\u0142osi\u0142a mojej mamie (kt\u00f3ra by\u0142a agnostykiem) o Jezusie, aby ona otworzy\u0142a serce na Boga i finalnie na \u0142o\u017cu \u015bmierci pojedna\u0142a si\u0119 z Nim. I chocia\u017c jej choroba sko\u0144czy\u0142a si\u0119 odej\u015bciem &#8211; to doskonale wiem, gdzie kiedy\u015b si\u0119 spotkamy i to co nas dzieli to tylko czas. I wiem, \u017ce teraz Mama ma w Domu Naszego Ojca tak ogromny odpoczynek i szcz\u0119\u015bcie jakiego nigdy tutaj na ziemi w \u017cyciu, kt\u00f3re przynios\u0142o jej du\u017co goryczy, b\u00f3lu i problem\u00f3w- nie zazna\u0142a. Mi\u0142osierdzie Boga jest w tym, \u017ce widzi serca ka\u017cdego z nas i b\u0119dzie upomina\u0142 si\u0119 o nas nawet w tych ostatnich chwilach, nigdy z nas nie zrezygnuje. Dzisiaj wiem i rozumiem w pe\u0142ni, \u017ce B\u00f3g tak bardzo umi\u0142owa\u0142 \u015bwiat, \u017ce po\u015bwi\u0119ci\u0142 dla nas swojego Syna, wyda\u0142 swojego Umi\u0142owanego na okropne tortury, m\u0119cze\u0144sk\u0105 \u015bmier\u0107 i ca\u0142kowite odarcie z to\u017csamo\u015bci &#8211; aby\u015bmy my mogli w Chrystusie t\u0119 to\u017csamo\u015b\u0107 odzyska\u0107 i mieli wst\u0119p do Domu Naszego Ojca. I trudno tutaj na ziemi o wi\u0119ksz\u0105 mi\u0142o\u015b\u0107. Doznanie tej mi\u0142o\u015bci, jej zrozumienie ca\u0142kowicie odmieni\u0142o moje \u017cycie i pozbawi\u0142o je jakiegokolwiek poczucia samotno\u015bci i odrzucenia. Jezus wszed\u0142 w ka\u017cd\u0105 p\u0142aszczyzn\u0119 mojego \u017cycia i w ka\u017cdym obszarze zrobi\u0142 &#8222;porz\u0105dki&#8221;, a ja si\u0119 temu podda\u0142am, bo zaufa\u0142am Mu w pe\u0142ni i wiem \u017ce On wie najlepiej i widzi wi\u0119cej ni\u017c moje oczy widz\u0105. On zawo\u0142a\u0142 mnie po imieniu a ja w swoim sercu postanowi\u0142am \u017ce za Nim p\u00f3jd\u0119. Nie chc\u0119 ju\u017c zna\u0107 ani \u017cy\u0107 \u017cycia bez Niego. B\u00f3g jest dobry, B\u00f3g nas pierwszy ukocha\u0142, a my mo\u017cemy jedynie na t\u0119 mi\u0142o\u015b\u0107 odpowiedzie\u0107. On nas nigdy nie pozostawia bez odpowiedzi, je\u015bli szczerze do niego zawo\u0142amy. On jest tym kt\u00f3ry zostawia 99 owiec i idzie uratowa\u0107 t\u0119 jedn\u0105 zab\u0142\u0105kan\u0105, kt\u00f3ra szuka swojego pasterza.<br><br><em>I Jana\u202c 4:9-\u202c10\u202c Przez to objawi\u0142a si\u0119 mi\u0142o\u015b\u0107 Boga ku nam, \u017ce B\u00f3g pos\u0142a\u0142 na \u015bwiat swego jednorodzonego Syna, aby\u015bmy \u017cyli przez niego. Na tym polega mi\u0142o\u015b\u0107, \u017ce nie my umi\u0142owali\u015bmy Boga, ale \u017ce on nas umi\u0142owa\u0142 i pos\u0142a\u0142 swego Syna, aby by\u0142 przeb\u0142aganiem za nasze grzechy.<br>\u0141ukasza\u202c 15:4-\u202c7\u202c Kt\u00f3\u017c z was, gdy ma sto owiec, a zgubi jedn\u0105 z nich, nie zostawia dziewi\u0119\u0107dziesi\u0119ciu dziewi\u0119ciu na pustyni i nie idzie za zgubion\u0105, a\u017c j\u0105 znajdzie? Kiedy j\u0105 znajdzie, wk\u0142ada na swoje ramiona i raduje si\u0119. A przyszed\u0142szy do domu, zwo\u0142uje przyjaci\u00f3\u0142 i s\u0105siad\u00f3w i m\u00f3wi im: Cieszcie si\u0119 ze mn\u0105, bo znalaz\u0142em moj\u0105 zgubion\u0105 owc\u0119. M\u00f3wi\u0119 wam, \u017ce podobnie w niebie wi\u0119ksza b\u0119dzie rado\u015b\u0107 z jednego pokutuj\u0105cego grzesznika ni\u017c z dziewi\u0119\u0107dziesi\u0119ciu dziewi\u0119ciu sprawiedliwych, kt\u00f3rzy nie potrzebuj\u0105 pokuty.<\/em><\/p>\n","protected":false},"excerpt":{"rendered":"<p>Copyright \u00a9 Rozpowszechnianie i kopiowanie wy\u0142\u0105cznie za pozwoleniem KBWCH &#8222;S\u0142owo \u017bycia&#8221;.Je\u017celi potrzebujesz modlitwy lub chcesz porozmawia\u0107 z Magd\u0105, skontaktuj si\u0119 z biurem ko\u015bcio\u0142a lub przez facebook. \u015awiadectwo uzdrowienia wewn\u0119trznego (ze stan\u00f3w depresyjnych)Moje poznanie mi\u0142o\u015bci Bo\u017cej mia\u0142o miejsce w takim momencie w moim \u017cyciu, gdy straci\u0142am wszystkie nadzieje na to, \u017ce cokolwiek dobrego mnie mo\u017ce jeszcze &hellip;<\/p>\n<p class=\"read-more\"> <a class=\"\" href=\"https:\/\/slowozycia.org\/index.php\/swiadectwa\/swiadectwo-uzdrowienia-wewnetrznego-magda\/\"> <span class=\"screen-reader-text\">\u015awiadectwo uzdrowienia wewn\u0119trznego &#8211; Magda<\/span> Read More &raquo;<\/a><\/p>\n","protected":false},"author":3,"featured_media":0,"parent":21,"menu_order":0,"comment_status":"closed","ping_status":"closed","template":"","meta":{"site-sidebar-layout":"default","site-content-layout":"default","ast-global-header-display":"","ast-main-header-display":"","ast-hfb-above-header-display":"","ast-hfb-below-header-display":"","ast-hfb-mobile-header-display":"","site-post-title":"","ast-breadcrumbs-content":"","ast-featured-img":"","footer-sml-layout":"","theme-transparent-header-meta":"","adv-header-id-meta":"","stick-header-meta":"","header-above-stick-meta":"","header-main-stick-meta":"","header-below-stick-meta":"","footnotes":""},"class_list":["post-174","page","type-page","status-publish","hentry"],"_links":{"self":[{"href":"https:\/\/slowozycia.org\/index.php\/wp-json\/wp\/v2\/pages\/174","targetHints":{"allow":["GET"]}}],"collection":[{"href":"https:\/\/slowozycia.org\/index.php\/wp-json\/wp\/v2\/pages"}],"about":[{"href":"https:\/\/slowozycia.org\/index.php\/wp-json\/wp\/v2\/types\/page"}],"author":[{"embeddable":true,"href":"https:\/\/slowozycia.org\/index.php\/wp-json\/wp\/v2\/users\/3"}],"replies":[{"embeddable":true,"href":"https:\/\/slowozycia.org\/index.php\/wp-json\/wp\/v2\/comments?post=174"}],"version-history":[{"count":5,"href":"https:\/\/slowozycia.org\/index.php\/wp-json\/wp\/v2\/pages\/174\/revisions"}],"predecessor-version":[{"id":448,"href":"https:\/\/slowozycia.org\/index.php\/wp-json\/wp\/v2\/pages\/174\/revisions\/448"}],"up":[{"embeddable":true,"href":"https:\/\/slowozycia.org\/index.php\/wp-json\/wp\/v2\/pages\/21"}],"wp:attachment":[{"href":"https:\/\/slowozycia.org\/index.php\/wp-json\/wp\/v2\/media?parent=174"}],"curies":[{"name":"wp","href":"https:\/\/api.w.org\/{rel}","templated":true}]}}