{"id":17,"date":"2022-11-15T23:22:07","date_gmt":"2022-11-15T22:22:07","guid":{"rendered":"http:\/\/slowozycia.org\/?page_id=17"},"modified":"2025-10-09T08:47:25","modified_gmt":"2025-10-09T06:47:25","slug":"kontakt","status":"publish","type":"page","link":"https:\/\/slowozycia.org\/index.php\/kontakt\/","title":{"rendered":"Kontakt"},"content":{"rendered":"<h2 class=\"wp-block-post-title has-text-color has-vivid-red-color\">Kontakt<\/h2>\n\n\n<div class=\"wp-block-media-text has-media-on-the-right is-stacked-on-mobile is-vertically-aligned-center\" style=\"grid-template-columns:auto 27%\"><div class=\"wp-block-media-text__content\">\n<p><strong>Adres korespondencyjny &#8211; biuro ko\u015bcio\u0142a:<\/strong><\/p>\n\n\n\n<p style=\"padding-top:0px;padding-right:0px;padding-bottom:0px;padding-left:0px\">Ko\u015bci\u00f3\u0142 Bo\u017cy w Chrystusie<br>Wsp\u00f3lnota Chrze\u015bcija\u0144ska &#8222;S\u0142owo \u017bycia&#8221; w Bia\u0142ymstoku<br>ul. Warszawska 43 lok.4<br>15-062 Bia\u0142ystok<\/p>\n\n\n\n<p style=\"padding-top:20px\">tel. 693-430-007<br>www.slowozycia.org<br><br>Wszelkie ofiary i darowizny prosimy przesy\u0142a\u0107 na konto:<br>Bank POKO BP o. Bia\u0142ystok 70 1020 1332 0000 1102 1635 5317<\/p>\n\n\n\n<p class=\"has-medium-font-size\"><strong>Kontakt poprzez media spo\u0142eczno\u015bciowe<\/strong><\/p>\n\n\n\n<p><a href=\"https:\/\/www.facebook.com\/SlowoZycia\" data-type=\"URL\" data-id=\"https:\/\/www.facebook.com\/SlowoZycia\" target=\"_blank\" rel=\"noreferrer noopener\">Facebook <\/a><a href=\"https:\/\/www.facebook.com\/SlowoZycia\" data-type=\"URL\" data-id=\"https:\/\/www.facebook.com\/SlowoZycia\">strona g\u0142\u00f3wna<\/a><\/p>\n\n\n\n<figure class=\"wp-block-gallery has-nested-images columns-default is-cropped wp-block-gallery-1 is-layout-flex wp-block-gallery-is-layout-flex\"><\/figure>\n<\/div><figure class=\"wp-block-media-text__media\"><img loading=\"lazy\" decoding=\"async\" width=\"723\" height=\"1024\" src=\"https:\/\/slowozycia.org\/wp-content\/uploads\/2024\/09\/288539572_10228817744692492_5823708899736853803_n-1-723x1024.jpg\" alt=\"\" class=\"wp-image-368 size-full\" srcset=\"https:\/\/slowozycia.org\/wp-content\/uploads\/2024\/09\/288539572_10228817744692492_5823708899736853803_n-1-723x1024.jpg 723w, https:\/\/slowozycia.org\/wp-content\/uploads\/2024\/09\/288539572_10228817744692492_5823708899736853803_n-1-212x300.jpg 212w, https:\/\/slowozycia.org\/wp-content\/uploads\/2024\/09\/288539572_10228817744692492_5823708899736853803_n-1-768x1088.jpg 768w, https:\/\/slowozycia.org\/wp-content\/uploads\/2024\/09\/288539572_10228817744692492_5823708899736853803_n-1-1085x1536.jpg 1085w, https:\/\/slowozycia.org\/wp-content\/uploads\/2024\/09\/288539572_10228817744692492_5823708899736853803_n-1.jpg 1264w\" sizes=\"auto, (max-width: 723px) 100vw, 723px\" \/><\/figure><\/div>\n\n\n\n<p><\/p>\n","protected":false},"excerpt":{"rendered":"","protected":false},"author":3,"featured_media":0,"parent":0,"menu_order":0,"comment_status":"closed","ping_status":"closed","template":"","meta":{"site-sidebar-layout":"default","site-content-layout":"default","ast-global-header-display":"","ast-main-header-display":"","ast-hfb-above-header-display":"","ast-hfb-below-header-display":"","ast-hfb-mobile-header-display":"","site-post-title":"disabled","ast-breadcrumbs-content":"","ast-featured-img":"","footer-sml-layout":"","theme-transparent-header-meta":"","adv-header-id-meta":"","stick-header-meta":"","header-above-stick-meta":"","header-main-stick-meta":"","header-below-stick-meta":"","footnotes":""},"class_list":["post-17","page","type-page","status-publish","hentry"],"_links":{"self":[{"href":"https:\/\/slowozycia.org\/index.php\/wp-json\/wp\/v2\/pages\/17","targetHints":{"allow":["GET"]}}],"collection":[{"href":"https:\/\/slowozycia.org\/index.php\/wp-json\/wp\/v2\/pages"}],"about":[{"href":"https:\/\/slowozycia.org\/index.php\/wp-json\/wp\/v2\/types\/page"}],"author":[{"embeddable":true,"href":"https:\/\/slowozycia.org\/index.php\/wp-json\/wp\/v2\/users\/3"}],"replies":[{"embeddable":true,"href":"https:\/\/slowozycia.org\/index.php\/wp-json\/wp\/v2\/comments?post=17"}],"version-history":[{"count":11,"href":"https:\/\/slowozycia.org\/index.php\/wp-json\/wp\/v2\/pages\/17\/revisions"}],"predecessor-version":[{"id":589,"href":"https:\/\/slowozycia.org\/index.php\/wp-json\/wp\/v2\/pages\/17\/revisions\/589"}],"wp:attachment":[{"href":"https:\/\/slowozycia.org\/index.php\/wp-json\/wp\/v2\/media?parent=17"}],"curies":[{"name":"wp","href":"https:\/\/api.w.org\/{rel}","templated":true}]}}