{"id":14,"date":"2022-11-15T23:03:49","date_gmt":"2022-11-15T22:03:49","guid":{"rendered":"http:\/\/slowozycia.org\/?page_id=14"},"modified":"2024-09-14T19:19:19","modified_gmt":"2024-09-14T17:19:19","slug":"strona-glowna","status":"publish","type":"page","link":"https:\/\/slowozycia.org\/","title":{"rendered":"Strona G\u0142\u00f3wna"},"content":{"rendered":"\n<figure class=\"wp-block-image is-resized\"><img loading=\"lazy\" decoding=\"async\" width=\"1024\" height=\"256\" src=\"http:\/\/slowozycia.org\/wp-content\/uploads\/2023\/01\/slider2-1024x256.png\" alt=\"\" class=\"wp-image-134\" style=\"width:1168px;height:auto\" srcset=\"https:\/\/slowozycia.org\/wp-content\/uploads\/2023\/01\/slider2-1024x256.png 1024w, https:\/\/slowozycia.org\/wp-content\/uploads\/2023\/01\/slider2-300x75.png 300w, https:\/\/slowozycia.org\/wp-content\/uploads\/2023\/01\/slider2-768x192.png 768w, https:\/\/slowozycia.org\/wp-content\/uploads\/2023\/01\/slider2-1536x384.png 1536w, https:\/\/slowozycia.org\/wp-content\/uploads\/2023\/01\/slider2-2048x512.png 2048w\" sizes=\"auto, (max-width: 1024px) 100vw, 1024px\" \/><\/figure>\n\n\n\n<p><\/p>\n\n\n\n<div class=\"wp-block-columns is-layout-flex wp-container-core-columns-is-layout-28f84493 wp-block-columns-is-layout-flex\">\n<div class=\"wp-block-column is-layout-flow wp-block-column-is-layout-flow\" style=\"flex-basis:66.66%\">\n<p>Wierzymy, \u017ce wszechmog\u0105cy <strong>B\u00f3g<\/strong>, kt\u00f3ry zbawi\u0142 nas przez swojego syna <strong>Jezusa Chrystusa<\/strong> ma moc, aby nas uwolni\u0107 i uzdrowi\u0107. Jezus \u017cyje, On zmartwychwsta\u0142. <br>B\u00f3g pos\u0142a\u0142 do nas <strong>Ducha \u015awi\u0119tego<\/strong>, kt\u00f3ry jest z nami, prowadzi nas, pociesza, naucza i wspomaga. <br>Je\u017celi chcia\u0142by\u015b do\u015bwiadczy\u0107 realno\u015bci Bo\u017cej, pozna\u0107 Jego s\u0142owo lub potrzebujesz duchowej pomocy, to zapraszamy. Je\u017celi chcia\u0142by\u015b dowiedzie\u0107 si\u0119 wi\u0119cej o tym jak B\u00f3g dzia\u0142a w naszym \u017cyciu, to skontaktuj si\u0119 z nami lub przejd\u017a do zak\u0142adki <a href=\"http:\/\/slowozycia.org\/index.php\/swiadectwa\/\" data-type=\"page\" data-id=\"21\">\u015bwiadectwa<\/a>.<\/p>\n\n\n\n<p>W trakcie nabo\u017ce\u0144stwa dzieci zapraszamy na szk\u00f3\u0142k\u0119 niedzieln\u0105. Po spotkaniu mo\u017cna zosta\u0107 w kafeterii, to doskona\u0142y czas na rozmowy i integracj\u0119.<\/p>\n\n\n\n<p>Niezale\u017cnie w jakim jeste\u015b miejscu w swoim \u017cyciu, to wiedz, \u017ce B\u00f3g ma moc, aby Ci pom\u00f3c. Je\u017celi potrzebujesz duchowego wsparcia, modlitwy, wsp\u00f3lnoty, ko\u015bcio\u0142a, wzrostu w poznaniu Boga, wzrostu w swoim powo\u0142aniu &#8211; zapraszamy.<\/p>\n\n\n\n<p>Nabo\u017ce\u0144stwa mo\u017cesz ogl\u0105da\u0107 r\u00f3wnie\u017c <a href=\"https:\/\/www.facebook.com\/SlowoZycia\" data-type=\"link\" data-id=\"https:\/\/www.facebook.com\/SlowoZycia\">online<\/a>, miejsce spotka\u0144 &#8211; ulica <a href=\"https:\/\/maps.app.goo.gl\/dTTBgt7MKGMSxp689\">Warszawska 43<\/a>.<\/p>\n\n\n\n<p><\/p>\n<\/div>\n\n\n\n<div class=\"wp-block-column is-layout-flow wp-block-column-is-layout-flow\" style=\"flex-basis:33.33%\">\n<figure class=\"wp-block-gallery has-nested-images columns-default is-cropped wp-block-gallery-1 is-layout-flex wp-block-gallery-is-layout-flex\">\n<figure class=\"wp-block-image size-large\"><img loading=\"lazy\" decoding=\"async\" width=\"1024\" height=\"683\" data-id=\"250\" src=\"https:\/\/slowozycia.org\/wp-content\/uploads\/2024\/04\/translate2-1024x683.png\" alt=\"\" class=\"wp-image-250\" srcset=\"https:\/\/slowozycia.org\/wp-content\/uploads\/2024\/04\/translate2-1024x683.png 1024w, https:\/\/slowozycia.org\/wp-content\/uploads\/2024\/04\/translate2-300x200.png 300w, https:\/\/slowozycia.org\/wp-content\/uploads\/2024\/04\/translate2-768x512.png 768w, https:\/\/slowozycia.org\/wp-content\/uploads\/2024\/04\/translate2.png 1200w\" sizes=\"auto, (max-width: 1024px) 100vw, 1024px\" \/><\/figure>\n<\/figure>\n\n\n\n<figure class=\"wp-block-gallery has-nested-images columns-default is-cropped wp-block-gallery-2 is-layout-flex wp-block-gallery-is-layout-flex\">\n<figure class=\"wp-block-image size-large\"><img loading=\"lazy\" decoding=\"async\" width=\"1024\" height=\"683\" data-id=\"257\" src=\"https:\/\/slowozycia.org\/wp-content\/uploads\/2024\/05\/translate-rus-1024x683.png\" alt=\"\" class=\"wp-image-257\" srcset=\"https:\/\/slowozycia.org\/wp-content\/uploads\/2024\/05\/translate-rus-1024x683.png 1024w, https:\/\/slowozycia.org\/wp-content\/uploads\/2024\/05\/translate-rus-300x200.png 300w, https:\/\/slowozycia.org\/wp-content\/uploads\/2024\/05\/translate-rus-768x512.png 768w, https:\/\/slowozycia.org\/wp-content\/uploads\/2024\/05\/translate-rus.png 1200w\" sizes=\"auto, (max-width: 1024px) 100vw, 1024px\" \/><\/figure>\n<\/figure>\n<\/div>\n<\/div>\n\n\n\n<h2 class=\"wp-block-heading\">Ostatnie wydarzenia<\/h2>\n\n\n\n<figure class=\"wp-block-gallery has-nested-images columns-default is-cropped wp-block-gallery-3 is-layout-flex wp-block-gallery-is-layout-flex\">\n<figure class=\"wp-block-image size-large\"><img loading=\"lazy\" decoding=\"async\" width=\"768\" height=\"1024\" data-id=\"284\" src=\"https:\/\/slowozycia.org\/wp-content\/uploads\/2024\/09\/451840829_833078272268634_1251120721301964496_n-768x1024.jpg\" alt=\"\" class=\"wp-image-284\" srcset=\"https:\/\/slowozycia.org\/wp-content\/uploads\/2024\/09\/451840829_833078272268634_1251120721301964496_n-768x1024.jpg 768w, https:\/\/slowozycia.org\/wp-content\/uploads\/2024\/09\/451840829_833078272268634_1251120721301964496_n-225x300.jpg 225w, https:\/\/slowozycia.org\/wp-content\/uploads\/2024\/09\/451840829_833078272268634_1251120721301964496_n-1152x1536.jpg 1152w, https:\/\/slowozycia.org\/wp-content\/uploads\/2024\/09\/451840829_833078272268634_1251120721301964496_n.jpg 1500w\" sizes=\"auto, (max-width: 768px) 100vw, 768px\" \/><\/figure>\n\n\n\n<figure class=\"wp-block-image size-large\"><img loading=\"lazy\" decoding=\"async\" width=\"1024\" height=\"768\" data-id=\"285\" src=\"https:\/\/slowozycia.org\/wp-content\/uploads\/2024\/09\/452061507_502464062462191_6282157121599441748_n-1024x768.jpg\" alt=\"\" class=\"wp-image-285\" srcset=\"https:\/\/slowozycia.org\/wp-content\/uploads\/2024\/09\/452061507_502464062462191_6282157121599441748_n-1024x768.jpg 1024w, https:\/\/slowozycia.org\/wp-content\/uploads\/2024\/09\/452061507_502464062462191_6282157121599441748_n-300x225.jpg 300w, https:\/\/slowozycia.org\/wp-content\/uploads\/2024\/09\/452061507_502464062462191_6282157121599441748_n-768x576.jpg 768w, https:\/\/slowozycia.org\/wp-content\/uploads\/2024\/09\/452061507_502464062462191_6282157121599441748_n-1536x1152.jpg 1536w, https:\/\/slowozycia.org\/wp-content\/uploads\/2024\/09\/452061507_502464062462191_6282157121599441748_n.jpg 2016w\" sizes=\"auto, (max-width: 1024px) 100vw, 1024px\" \/><\/figure>\n\n\n\n<figure class=\"wp-block-image size-large\"><img loading=\"lazy\" decoding=\"async\" width=\"576\" height=\"1024\" data-id=\"280\" src=\"https:\/\/slowozycia.org\/wp-content\/uploads\/2024\/09\/452420817_1581260489398897_6277181344673216610_n-576x1024.jpg\" alt=\"\" class=\"wp-image-280\" srcset=\"https:\/\/slowozycia.org\/wp-content\/uploads\/2024\/09\/452420817_1581260489398897_6277181344673216610_n-576x1024.jpg 576w, https:\/\/slowozycia.org\/wp-content\/uploads\/2024\/09\/452420817_1581260489398897_6277181344673216610_n-169x300.jpg 169w, https:\/\/slowozycia.org\/wp-content\/uploads\/2024\/09\/452420817_1581260489398897_6277181344673216610_n.jpg 720w\" sizes=\"auto, (max-width: 576px) 100vw, 576px\" \/><\/figure>\n\n\n\n<figure class=\"wp-block-image size-large\"><img loading=\"lazy\" decoding=\"async\" width=\"576\" height=\"1024\" data-id=\"281\" src=\"https:\/\/slowozycia.org\/wp-content\/uploads\/2024\/09\/452450926_469218569080434_3141796091549661358_n-576x1024.jpg\" alt=\"\" class=\"wp-image-281\" srcset=\"https:\/\/slowozycia.org\/wp-content\/uploads\/2024\/09\/452450926_469218569080434_3141796091549661358_n-576x1024.jpg 576w, https:\/\/slowozycia.org\/wp-content\/uploads\/2024\/09\/452450926_469218569080434_3141796091549661358_n-169x300.jpg 169w, https:\/\/slowozycia.org\/wp-content\/uploads\/2024\/09\/452450926_469218569080434_3141796091549661358_n.jpg 720w\" sizes=\"auto, (max-width: 576px) 100vw, 576px\" \/><\/figure>\n\n\n\n<figure class=\"wp-block-image size-large\"><img loading=\"lazy\" decoding=\"async\" width=\"1024\" height=\"768\" data-id=\"286\" src=\"https:\/\/slowozycia.org\/wp-content\/uploads\/2024\/09\/452463687_414003041685032_6732130597314588996_n-1024x768.jpg\" alt=\"\" class=\"wp-image-286\" srcset=\"https:\/\/slowozycia.org\/wp-content\/uploads\/2024\/09\/452463687_414003041685032_6732130597314588996_n-1024x768.jpg 1024w, https:\/\/slowozycia.org\/wp-content\/uploads\/2024\/09\/452463687_414003041685032_6732130597314588996_n-300x225.jpg 300w, https:\/\/slowozycia.org\/wp-content\/uploads\/2024\/09\/452463687_414003041685032_6732130597314588996_n-768x576.jpg 768w, https:\/\/slowozycia.org\/wp-content\/uploads\/2024\/09\/452463687_414003041685032_6732130597314588996_n-1536x1152.jpg 1536w, https:\/\/slowozycia.org\/wp-content\/uploads\/2024\/09\/452463687_414003041685032_6732130597314588996_n.jpg 2016w\" sizes=\"auto, (max-width: 1024px) 100vw, 1024px\" \/><\/figure>\n\n\n\n<figure class=\"wp-block-image size-large\"><img loading=\"lazy\" decoding=\"async\" width=\"460\" height=\"1024\" data-id=\"283\" src=\"https:\/\/slowozycia.org\/wp-content\/uploads\/2024\/09\/452970297_1085872089536479_8658484372650787317_n-460x1024.jpg\" alt=\"\" class=\"wp-image-283\" srcset=\"https:\/\/slowozycia.org\/wp-content\/uploads\/2024\/09\/452970297_1085872089536479_8658484372650787317_n-460x1024.jpg 460w, https:\/\/slowozycia.org\/wp-content\/uploads\/2024\/09\/452970297_1085872089536479_8658484372650787317_n-135x300.jpg 135w, https:\/\/slowozycia.org\/wp-content\/uploads\/2024\/09\/452970297_1085872089536479_8658484372650787317_n-768x1710.jpg 768w, https:\/\/slowozycia.org\/wp-content\/uploads\/2024\/09\/452970297_1085872089536479_8658484372650787317_n-690x1536.jpg 690w, https:\/\/slowozycia.org\/wp-content\/uploads\/2024\/09\/452970297_1085872089536479_8658484372650787317_n.jpg 920w\" sizes=\"auto, (max-width: 460px) 100vw, 460px\" \/><\/figure>\n\n\n\n<figure class=\"wp-block-image size-large\"><img loading=\"lazy\" decoding=\"async\" width=\"860\" height=\"1024\" data-id=\"287\" src=\"https:\/\/slowozycia.org\/wp-content\/uploads\/2024\/09\/456025946_1203361674332573_7793828697818306785_n-860x1024.jpg\" alt=\"\" class=\"wp-image-287\" srcset=\"https:\/\/slowozycia.org\/wp-content\/uploads\/2024\/09\/456025946_1203361674332573_7793828697818306785_n-860x1024.jpg 860w, https:\/\/slowozycia.org\/wp-content\/uploads\/2024\/09\/456025946_1203361674332573_7793828697818306785_n-252x300.jpg 252w, https:\/\/slowozycia.org\/wp-content\/uploads\/2024\/09\/456025946_1203361674332573_7793828697818306785_n-768x914.jpg 768w, https:\/\/slowozycia.org\/wp-content\/uploads\/2024\/09\/456025946_1203361674332573_7793828697818306785_n-1290x1536.jpg 1290w, https:\/\/slowozycia.org\/wp-content\/uploads\/2024\/09\/456025946_1203361674332573_7793828697818306785_n.jpg 1720w\" sizes=\"auto, (max-width: 860px) 100vw, 860px\" \/><\/figure>\n\n\n\n<figure class=\"wp-block-image size-large\"><img loading=\"lazy\" decoding=\"async\" width=\"771\" height=\"1024\" data-id=\"282\" src=\"https:\/\/slowozycia.org\/wp-content\/uploads\/2024\/09\/457246406_1561782224427876_4017918538022864818_n-771x1024.jpg\" alt=\"\" class=\"wp-image-282\" srcset=\"https:\/\/slowozycia.org\/wp-content\/uploads\/2024\/09\/457246406_1561782224427876_4017918538022864818_n-771x1024.jpg 771w, https:\/\/slowozycia.org\/wp-content\/uploads\/2024\/09\/457246406_1561782224427876_4017918538022864818_n-226x300.jpg 226w, https:\/\/slowozycia.org\/wp-content\/uploads\/2024\/09\/457246406_1561782224427876_4017918538022864818_n-768x1020.jpg 768w, https:\/\/slowozycia.org\/wp-content\/uploads\/2024\/09\/457246406_1561782224427876_4017918538022864818_n-1157x1536.jpg 1157w, https:\/\/slowozycia.org\/wp-content\/uploads\/2024\/09\/457246406_1561782224427876_4017918538022864818_n.jpg 1536w\" sizes=\"auto, (max-width: 771px) 100vw, 771px\" \/><\/figure>\n<\/figure>\n\n\n\n<p><\/p>\n","protected":false},"excerpt":{"rendered":"<p>Wierzymy, \u017ce wszechmog\u0105cy B\u00f3g, kt\u00f3ry zbawi\u0142 nas przez swojego syna Jezusa Chrystusa ma moc, aby nas uwolni\u0107 i uzdrowi\u0107. Jezus \u017cyje, On zmartwychwsta\u0142. B\u00f3g pos\u0142a\u0142 do nas Ducha \u015awi\u0119tego, kt\u00f3ry jest z nami, prowadzi nas, pociesza, naucza i wspomaga. Je\u017celi chcia\u0142by\u015b do\u015bwiadczy\u0107 realno\u015bci Bo\u017cej, pozna\u0107 Jego s\u0142owo lub potrzebujesz duchowej pomocy, to zapraszamy. Je\u017celi chcia\u0142by\u015b &hellip;<\/p>\n<p class=\"read-more\"> <a class=\"\" href=\"https:\/\/slowozycia.org\/\"> <span class=\"screen-reader-text\">Strona G\u0142\u00f3wna<\/span> Read More &raquo;<\/a><\/p>\n","protected":false},"author":3,"featured_media":0,"parent":0,"menu_order":0,"comment_status":"closed","ping_status":"closed","template":"","meta":{"site-sidebar-layout":"default","site-content-layout":"default","ast-global-header-display":"","ast-main-header-display":"","ast-hfb-above-header-display":"","ast-hfb-below-header-display":"","ast-hfb-mobile-header-display":"","site-post-title":"disabled","ast-breadcrumbs-content":"","ast-featured-img":"","footer-sml-layout":"","theme-transparent-header-meta":"","adv-header-id-meta":"","stick-header-meta":"","header-above-stick-meta":"","header-main-stick-meta":"","header-below-stick-meta":"","footnotes":""},"class_list":["post-14","page","type-page","status-publish","hentry"],"_links":{"self":[{"href":"https:\/\/slowozycia.org\/index.php\/wp-json\/wp\/v2\/pages\/14","targetHints":{"allow":["GET"]}}],"collection":[{"href":"https:\/\/slowozycia.org\/index.php\/wp-json\/wp\/v2\/pages"}],"about":[{"href":"https:\/\/slowozycia.org\/index.php\/wp-json\/wp\/v2\/types\/page"}],"author":[{"embeddable":true,"href":"https:\/\/slowozycia.org\/index.php\/wp-json\/wp\/v2\/users\/3"}],"replies":[{"embeddable":true,"href":"https:\/\/slowozycia.org\/index.php\/wp-json\/wp\/v2\/comments?post=14"}],"version-history":[{"count":36,"href":"https:\/\/slowozycia.org\/index.php\/wp-json\/wp\/v2\/pages\/14\/revisions"}],"predecessor-version":[{"id":418,"href":"https:\/\/slowozycia.org\/index.php\/wp-json\/wp\/v2\/pages\/14\/revisions\/418"}],"wp:attachment":[{"href":"https:\/\/slowozycia.org\/index.php\/wp-json\/wp\/v2\/media?parent=14"}],"curies":[{"name":"wp","href":"https:\/\/api.w.org\/{rel}","templated":true}]}}