{"id":127,"date":"2023-01-26T23:22:33","date_gmt":"2023-01-26T22:22:33","guid":{"rendered":"http:\/\/slowozycia.org\/?page_id=127"},"modified":"2024-09-16T19:08:07","modified_gmt":"2024-09-16T17:08:07","slug":"uzdrowienie-z-raka","status":"publish","type":"page","link":"https:\/\/slowozycia.org\/index.php\/swiadectwa\/uzdrowienie-z-raka\/","title":{"rendered":"Uzdrowienie z raka &#8211; Agata"},"content":{"rendered":"\n<h2 class=\"wp-block-heading has-ast-global-color-0-color has-text-color\">Uzdrowienie z raka<\/h2>\n\n\n\n<p><em><mark style=\"background-color:rgba(0, 0, 0, 0)\" class=\"has-inline-color has-ast-global-color-0-color\">Copyright \u00a9 Rozpowszechnianie i kopiowanie wy\u0142\u0105cznie za pozwoleniem KBWCH &#8222;S\u0142owo \u017bycia&#8221;.<\/mark><\/em><br><em><mark style=\"background-color:rgba(0, 0, 0, 0)\" class=\"has-inline-color has-ast-global-color-0-color\">Je\u017celi potrzebujesz modlitwy lub chcesz porozmawia\u0107 z Agat\u0105, <a href=\"https:\/\/slowozycia.org\/index.php\/kontakt\/\" data-type=\"page\" data-id=\"17\">skontaktuj <\/a>si\u0119 z biurem ko\u015bcio\u0142a lub przez <a href=\"https:\/\/www.facebook.com\/SlowoZycia\/\" data-type=\"link\" data-id=\"https:\/\/www.facebook.com\/SlowoZycia\/\">facebook<\/a>.<\/mark><\/em><\/p>\n\n\n\n<p>\u015awiadectwo Agaty&nbsp;<br>Kiedy s\u0142yszysz , \u017ce kto\u015b wychodzi i m\u00f3wi o Jezusie, czy Pi\u015bmie \u015awi\u0119tym, my\u015blisz &#8211; co\u015b z nim jest nie tak. Tak by\u0142o i w moim przypadku, ignorowa\u0142am Boga w swoim \u017cyciu i tak naprawd\u0119 nie zna\u0142am Go. Nie przypuszcza\u0142am, \u017ce pewnego dnia Jezus odmieni te\u017c i moje \u017cycie .<\/p>\n\n\n\n<p><strong>DIAGNOZA<br><\/strong>By\u0142 rok 2007, po\u0142owa grudnia, kiedy us\u0142ysza\u0142am diagnoz\u0119 &#8211; rak 4 stopnia, forma z\u0142o\u015bliwa. Lekarz powiedzia\u0142 &#8211; W tym stadium ju\u017c nie operujemy. Da\u0142 mi skierowanie na onkologi\u0119 &#8211; Mo\u017ce tam spr\u00f3buj\u0105 pom\u00f3c. Czas \u015bwi\u0105t i sylwester to rozpacz rodziny, gdy\u017c lekarze nie ukrywali, \u017ce to ju\u017c koniec. <\/p>\n\n\n\n<p><strong>BO\u017bA \u0141ASKA<br><\/strong>Wtedy pojawi\u0142o si\u0119 u mnie pragnienie pojechania do ko\u015bcio\u0142a, o kt\u00f3rym wiedzia\u0142am, \u017ce \u017cyje prawd\u0105 S\u0142owa Bo\u017cego i modl\u0105 si\u0119 tam o uzdrowienie. Wtedy te\u017c, w dniu 31 grudnia przysz\u0142y do mojego domu 2 osoby, kt\u00f3re zna\u0142am, lecz ponownie zareagowa\u0142am nerwowo na ich widok. Pomy\u015bla\u0142am, \u017ce znowu b\u0119d\u0105 m\u00f3wi\u0107 o Bogu. Jedna z nich podesz\u0142a pytaj\u0105c, czy chc\u0119, aby pomodli\u0107 si\u0119 o mnie? Odpowiedzia\u0142am, \u017ce tak. Zapyta\u0142a czy wierz\u0119, \u017ce Jezus mnie uzdrowi? M\u00f3wi\u0119, \u017ce wierz\u0119. Powiedzia\u0142a &#8211; Przyjmij to sercem i zapami\u0119taj dzisiejsz\u0105 dat\u0119. Pomodlono si\u0119 o mnie. Si\u00f3dmego stycznia znalaz\u0142am si\u0119 ju\u017c na onkologii. Najpierw badania, potem wdro\u017cono leczenie. Otrzyma\u0142am pendrive z pie\u015bniami o Jezusie, kt\u00f3re m\u00f3wi\u0142y, \u017ce On jest rozwi\u0105zaniem ka\u017cdego problemu oraz co uczyni\u0142 na krzy\u017cu dla mnie. Zastanawia\u0142am si\u0119, o co w tym chodzi i jak to poj\u0105\u0107? S\u0142ucha\u0142am \u015bwiadectw o cudach w \u017cyciu innych ludzi, przeprasza\u0142am Boga za wszystko, co z\u0142ego uczyni\u0142am. Prosi\u0142am, aby wybaczy\u0142 mi. Wybaczy\u0142am tak\u017ce wszystkim, kt\u00f3rzy uczynili mi krzywd\u0119. Moi rodzice zorganizowali specjalne spotkania w swoim domu, staj\u0105c w modlitwie do Boga. Nikt nie patrzy\u0142 na to, co s\u0105siedzi b\u0119d\u0105 m\u00f3wi\u0107, oczy skierowane by\u0142y na Boga i bibli\u0119. Czas p\u0142yn\u0105\u0142, a ja s\u0142ab\u0142am i walczy\u0142am z pot\u0119\u017cnym b\u00f3lem, kt\u00f3ry chwilami by\u0142 nie do st\u0142umienia. Mimo to chwali\u0142am Boga patrz\u0105c w niebo. Wiedzia\u0142am, \u017ce On patrzy na mnie. Czu\u0142am, \u017ce kocha mnie, \u017ce jest Stw\u00f3rc\u0105. Patrzy\u0142am na innych ludzi i rozumia\u0142am Jego mi\u0142o\u015b\u0107 do cz\u0142owieka. Tak\u017ce moja rodzina zacz\u0119\u0142a do\u015bwiadcza\u0107 Bo\u017cego dzia\u0142ania. Moja mama, kiedy raz p\u0142aka\u0142a, us\u0142ysza\u0142a wyra\u017anie g\u0142os , kt\u00f3ry m\u00f3wi\u0142 &#8211; Nie smu\u0107 si\u0119, z ni\u0105 b\u0119dzie wszystko dobrze.  Odpowiada\u0142a na ten g\u0142os &#8211; Jak b\u0119dzie dobrze, skoro lekarze m\u00f3wi\u0105, \u017ce to koniec? Moja siostra pada\u0142a na kolana wo\u0142aj\u0105c do Boga i pewnego dnia przed jej oczami ukaz\u0142o si\u0119 zdanie &#8211; Nie m\u00f3dl si\u0119 ju\u017c, bo zosta\u0142o wys\u0142uchane.<\/p>\n\n\n\n<p><strong>WSPARCIE RODZINY<\/strong><br> Innym razem, kiedy b\u00f3l pali\u0142 mnie jak ogie\u0144, m\u00f3j tata po\u0142o\u017cy\u0142 r\u0119ce na mojej g\u0142owie i w imieniu Jezusa nakaza\u0142 b\u00f3lowi, aby opu\u015bci\u0142 moje cia\u0142o. Dozna\u0142am natychmiastowej ulgi. W moim sercu mia\u0142am pok\u00f3j, pomimo szept\u00f3w kobiet le\u017c\u0105cych ze mn\u0105 na sali szpitalnej, \u017ce szkoda moich dzieci, bo zostan\u0105 same. Personel medyczny nie pozwala\u0142 mi wyj\u015b\u0107 na korytarz z powodu zagro\u017cenia krwotokiem, ja jednak wiedzia\u0142am, \u017ce nie taka jest prawda. Moje my\u015bli nieustannie bieg\u0142y ku Temu, kt\u00f3ry chodzi\u0142 kiedy\u015b po ziemi i czyni\u0142 cuda. Kiedy by\u0142o mi ju\u017c tak ci\u0119\u017cko, \u017ce brakowa\u0142o si\u0142, wielokrotnie \u0142zy same p\u0142yn\u0119\u0142y z oczu. Widzia\u0142am jak wszystko wok\u00f3\u0142 jest marne, ju\u017c nie potrzebne. Ale gdy tylko s\u0142ucha\u0142am o Jezusie, wype\u0142nia\u0142a mnie rado\u015b\u0107 i pragnienie dalszego s\u0142uchania tego, co On czyni\u0142 oraz jak zmienia\u0142 r\u00f3\u017cne sytuacje w \u017cyciu innych ludzi. Kiedy zdejmowa\u0142am s\u0142uchawki z uszu, by\u0142o mi szkoda marnowa\u0107 czas na zbyteczne rozmowy o niczym.<\/p>\n\n\n\n<p><strong>SZPITAL<br><\/strong>W ko\u0144cu przyszed\u0142 dzie\u0144, w kt\u00f3rym zawo\u0142ano mnie na na\u015bwietlanie. Wstydzi\u0142am si\u0119 prosi\u0107, aby zawieziono mnie w\u00f3zkiem, ale ca\u0142kowicie brakowa\u0142o mi si\u0142 . Prosi\u0142am Boga, by mi pom\u00f3g\u0142. Kiedy znalaz\u0142am si\u0119 na miejscu w sali na\u015bwietla\u0144, pani technik zaniepokoi\u0142a si\u0119 moim wygl\u0105dem, widz\u0105c, \u017ce jest ze mn\u0105 co\u015b nie tak. Z wielkim trudem po\u0142o\u017cy\u0142am si\u0119. Kiedy zacz\u0119\u0142o si\u0119 na\u015bwietlanie, poczu\u0142am smr\u00f3d, co\u015b wstr\u0119tnego. Zacz\u0119\u0142o brakowa\u0107 mi powietrza, wydawa\u0142o si\u0119, \u017ce co\u015b chyba tli si\u0119 w g\u0142owicy lampy. Chcia\u0142am podnie\u015b\u0107 r\u0119k\u0119, bo taki jest umowny znak na wypadek, jakby co\u015b z\u0142ego si\u0119 dzia\u0142o. Nie zdo\u0142a\u0142am unie\u015b\u0107 r\u0119ki, tylko powiedzia\u0142am &#8211; Jezu pom\u00f3\u017c mi, nie wiem co si\u0119 ze mn\u0105 dzieje, b\u0105d\u017a przy mnie, we\u017a mnie za r\u0119k\u0119. Wtedy nagle pojawi\u0142 si\u0119 wiatr nad moja twarz\u0105. Czu\u0142am jak wieje. By\u0142 taki ciep\u0142y, delikatny, tak wspania\u0142y. Wzi\u0119\u0142am g\u0142\u0119boki oddech, smr\u00f3d znik\u0142, wype\u0142ni\u0142a mnie rado\u015b\u0107. Powiedzia\u0142am \u2013 Jezu, dzi\u0119kuj\u0119 \u017ce Jeste\u015b ze mn\u0105! Doko\u0144czono na\u015bwietlanie. Opu\u015bci\u0142am pok\u00f3j zabiegowy o w\u0142asnych si\u0142ach. Na drugi dzie\u0144 rano zosta\u0142am wezwana na badanie. <\/p>\n\n\n\n<p><strong>CUD<br><\/strong>Moja doktor prowadz\u0105ca poprosi\u0142a do skonsultowania wynik\u00f3w drugiego lekarza. W\u00f3wczas s\u0142ysza\u0142am padaj\u0105ce co raz pytanie &#8211; Co o tym my\u015blisz? Co o tym my\u015blisz? Wr\u00f3ci\u0142am na sal\u0119 i czeka\u0142am na pod\u0142\u0105czenie chemii. Czeka\u0142am, ale chemii nie przyniesiono. W pewnej chwili przysz\u0142a doktor m\u00f3wi\u0105c &#8211;&nbsp;<strong>Pani Agato jest dobrze, jest bardzo dobrze. Nie podajemy wi\u0119cej chemii, idzie pani do domu!&nbsp;<\/strong>Zdziwienie kobiet z sali. Ona? Jak ona wyglada? Taka s\u0142aba, z takim b\u00f3lem? Na pewno to ju\u017c koniec i wypisuj\u0105! Przyjecha\u0142 po mnie przestraszony tato z pytaniem &#8211; Dlaczego wypisuj\u0105? Doktor kaza\u0142a usi\u0105\u015b\u0107. Powiedzia\u0142a &#8211; Teraz powiem panu ca\u0142\u0105 prawd\u0119. Dla pana c\u00f3rki nie by\u0142o ju\u017c leczenia. Wszystko podawali\u015bmy co medycyna oferuje, ale&nbsp;<strong>to co si\u0119 tutaj sta\u0142o, to cud, dzie\u0142o Bo\u017ce i prosz\u0119 dzi\u0119kowa\u0107 za to tylko Bogu!<\/strong><\/p>\n\n\n\n<p><strong>POTWIERDZENIE<br><\/strong>Pierwsza kontrola pokaza\u0142a, \u017ce jest &#8222;czysto&#8221;. Po paru miesi\u0105cach badanie komputerowe wykaza\u0142o, \u017ce nie ma \u015bladu kom\u00f3rek rakowych. Doktor powiedzia\u0142a, \u017ce nie mamy o czym m\u00f3wi\u0107 i &#8222;nie chce&#8221; mnie wi\u0119cej widzie\u0107. Dzi\u0119kuj\u0119 Bogu, \u017ce da\u0142 mi drug\u0105 szans\u0119, \u017ce mog\u0142am pozna\u0107 prawd\u0119, kt\u00f3ra jest w Jezusie Chrystusie, \u017ce mog\u0142am do\u015bwiadczy\u0107 Jego mocy w swoim \u017cyciu i dozna\u0107 tego, co czyni\u0142 chodz\u0105c po tej ziemi. To jest m\u00f3j Lekarz i Zbawiciel, kt\u00f3remu odda\u0142am serce i \u017cycie. On sta\u0142 si\u0119 moj\u0105 rado\u015bci\u0105 i zawsze ciesz\u0119 si\u0119 opowiadaj\u0105c o tym, co uczyni\u0142 dla mnie. A pragnieniem moim sta\u0142o si\u0119 to, aby wielu ludzi stan\u0119\u0142o na Jego drodze i mog\u0142o dozna\u0107 realno\u015bci dotyku Bo\u017cego teraz oraz w odpowiednim czasie dost\u0105pi\u0107 \u017cycia wiecznego.<\/p>\n","protected":false},"excerpt":{"rendered":"<p>Uzdrowienie z raka Copyright \u00a9 Rozpowszechnianie i kopiowanie wy\u0142\u0105cznie za pozwoleniem KBWCH &#8222;S\u0142owo \u017bycia&#8221;.Je\u017celi potrzebujesz modlitwy lub chcesz porozmawia\u0107 z Agat\u0105, skontaktuj si\u0119 z biurem ko\u015bcio\u0142a lub przez facebook. \u015awiadectwo Agaty&nbsp;Kiedy s\u0142yszysz , \u017ce kto\u015b wychodzi i m\u00f3wi o Jezusie, czy Pi\u015bmie \u015awi\u0119tym, my\u015blisz &#8211; co\u015b z nim jest nie tak. Tak by\u0142o i w &hellip;<\/p>\n<p class=\"read-more\"> <a class=\"\" href=\"https:\/\/slowozycia.org\/index.php\/swiadectwa\/uzdrowienie-z-raka\/\"> <span class=\"screen-reader-text\">Uzdrowienie z raka &#8211; Agata<\/span> Read More &raquo;<\/a><\/p>\n","protected":false},"author":3,"featured_media":0,"parent":21,"menu_order":0,"comment_status":"closed","ping_status":"closed","template":"","meta":{"site-sidebar-layout":"default","site-content-layout":"default","ast-global-header-display":"","ast-main-header-display":"","ast-hfb-above-header-display":"","ast-hfb-below-header-display":"","ast-hfb-mobile-header-display":"","site-post-title":"disabled","ast-breadcrumbs-content":"","ast-featured-img":"","footer-sml-layout":"","theme-transparent-header-meta":"","adv-header-id-meta":"","stick-header-meta":"","header-above-stick-meta":"","header-main-stick-meta":"","header-below-stick-meta":"","footnotes":""},"class_list":["post-127","page","type-page","status-publish","hentry"],"_links":{"self":[{"href":"https:\/\/slowozycia.org\/index.php\/wp-json\/wp\/v2\/pages\/127","targetHints":{"allow":["GET"]}}],"collection":[{"href":"https:\/\/slowozycia.org\/index.php\/wp-json\/wp\/v2\/pages"}],"about":[{"href":"https:\/\/slowozycia.org\/index.php\/wp-json\/wp\/v2\/types\/page"}],"author":[{"embeddable":true,"href":"https:\/\/slowozycia.org\/index.php\/wp-json\/wp\/v2\/users\/3"}],"replies":[{"embeddable":true,"href":"https:\/\/slowozycia.org\/index.php\/wp-json\/wp\/v2\/comments?post=127"}],"version-history":[{"count":6,"href":"https:\/\/slowozycia.org\/index.php\/wp-json\/wp\/v2\/pages\/127\/revisions"}],"predecessor-version":[{"id":454,"href":"https:\/\/slowozycia.org\/index.php\/wp-json\/wp\/v2\/pages\/127\/revisions\/454"}],"up":[{"embeddable":true,"href":"https:\/\/slowozycia.org\/index.php\/wp-json\/wp\/v2\/pages\/21"}],"wp:attachment":[{"href":"https:\/\/slowozycia.org\/index.php\/wp-json\/wp\/v2\/media?parent=127"}],"curies":[{"name":"wp","href":"https:\/\/api.w.org\/{rel}","templated":true}]}}