{"id":117,"date":"2023-01-26T22:59:06","date_gmt":"2023-01-26T21:59:06","guid":{"rendered":"http:\/\/slowozycia.org\/?page_id=117"},"modified":"2024-09-14T19:01:35","modified_gmt":"2024-09-14T17:01:35","slug":"chrzest-wodny","status":"publish","type":"page","link":"https:\/\/slowozycia.org\/index.php\/media\/chrzest-wodny\/","title":{"rendered":"Chrzest wodny"},"content":{"rendered":"\n<h2 class=\"has-ast-global-color-0-color has-text-color wp-block-heading\">Chrzest wodny<\/h2>\n\n\n\n<p class=\"has-medium-font-size\"><strong>Czy wiesz czym jest chrzest wodny i dlaczego chrze\u015bcijanie chrzcz\u0105 si\u0119?<\/strong><\/p>\n\n\n\n<p class=\"has-medium-font-size\">Kilka najwa\u017cniejszych rzeczy o chrzcie:<br>a) chrzest jest znakiem oddania \u017cycia Jezusowi i wiar\u0105 w to, kim jest Jezus i co uczyni\u0142<br>b) w biblii nie ma mowy o chrzcie niemowl\u0105t<br>c) chrzest to zanurzenie w wodzie<br>d) chrzest wodny jest na tyle wa\u017cny, \u017ce jest jednym z warunk\u00f3w zbawienia<br>Je\u017celi wierzysz w Jezusa i czujesz potrzeb\u0119 chrztu wodnego to skontaktuj si\u0119 z nami. <\/p>\n\n\n\n<p><em>Rz.6.4 Pogrzebani tedy jeste\u015bmy wraz z nim przez chrzest w \u015bmier\u0107, aby\u015bmy jak Chrystus wskrzeszony zosta\u0142 z martwych przez chwa\u0142\u0119 Ojca, tak i my nowe \u017cycie prowadzili.<\/em><\/p>\n\n\n\n<p><\/p>\n","protected":false},"excerpt":{"rendered":"<p>Chrzest wodny Czy wiesz czym jest chrzest wodny i dlaczego chrze\u015bcijanie chrzcz\u0105 si\u0119? Kilka najwa\u017cniejszych rzeczy o chrzcie:a) chrzest jest znakiem oddania \u017cycia Jezusowi i wiar\u0105 w to, kim jest Jezus i co uczyni\u0142b) w biblii nie ma mowy o chrzcie niemowl\u0105tc) chrzest to zanurzenie w wodzied) chrzest wodny jest na tyle wa\u017cny, \u017ce jest &hellip;<\/p>\n<p class=\"read-more\"> <a class=\"\" href=\"https:\/\/slowozycia.org\/index.php\/media\/chrzest-wodny\/\"> <span class=\"screen-reader-text\">Chrzest wodny<\/span> Read More &raquo;<\/a><\/p>\n","protected":false},"author":3,"featured_media":0,"parent":27,"menu_order":0,"comment_status":"closed","ping_status":"closed","template":"","meta":{"site-sidebar-layout":"default","site-content-layout":"default","ast-global-header-display":"","ast-main-header-display":"","ast-hfb-above-header-display":"","ast-hfb-below-header-display":"","ast-hfb-mobile-header-display":"","site-post-title":"disabled","ast-breadcrumbs-content":"","ast-featured-img":"","footer-sml-layout":"","theme-transparent-header-meta":"","adv-header-id-meta":"","stick-header-meta":"","header-above-stick-meta":"","header-main-stick-meta":"","header-below-stick-meta":"","footnotes":""},"class_list":["post-117","page","type-page","status-publish","hentry"],"_links":{"self":[{"href":"https:\/\/slowozycia.org\/index.php\/wp-json\/wp\/v2\/pages\/117","targetHints":{"allow":["GET"]}}],"collection":[{"href":"https:\/\/slowozycia.org\/index.php\/wp-json\/wp\/v2\/pages"}],"about":[{"href":"https:\/\/slowozycia.org\/index.php\/wp-json\/wp\/v2\/types\/page"}],"author":[{"embeddable":true,"href":"https:\/\/slowozycia.org\/index.php\/wp-json\/wp\/v2\/users\/3"}],"replies":[{"embeddable":true,"href":"https:\/\/slowozycia.org\/index.php\/wp-json\/wp\/v2\/comments?post=117"}],"version-history":[{"count":2,"href":"https:\/\/slowozycia.org\/index.php\/wp-json\/wp\/v2\/pages\/117\/revisions"}],"predecessor-version":[{"id":166,"href":"https:\/\/slowozycia.org\/index.php\/wp-json\/wp\/v2\/pages\/117\/revisions\/166"}],"up":[{"embeddable":true,"href":"https:\/\/slowozycia.org\/index.php\/wp-json\/wp\/v2\/pages\/27"}],"wp:attachment":[{"href":"https:\/\/slowozycia.org\/index.php\/wp-json\/wp\/v2\/media?parent=117"}],"curies":[{"name":"wp","href":"https:\/\/api.w.org\/{rel}","templated":true}]}}