{"id":78,"date":"2023-01-15T22:27:14","date_gmt":"2023-01-15T21:27:14","guid":{"rendered":"http:\/\/slowozycia.org\/?page_id=78"},"modified":"2024-09-14T18:43:47","modified_gmt":"2024-09-14T16:43:47","slug":"spotkania","status":"publish","type":"page","link":"http:\/\/slowozycia.org\/index.php\/spotkania\/","title":{"rendered":"Spotkania"},"content":{"rendered":"\n<h2 class=\"wp-block-heading has-vivid-red-color has-text-color\" style=\"margin-bottom:var(--wp--preset--spacing--50)\">Spotkania<\/h2>\n\n\n\n<div class=\"wp-block-columns is-layout-flex wp-container-core-columns-is-layout-28f84493 wp-block-columns-is-layout-flex\">\n<div class=\"wp-block-column is-layout-flow wp-block-column-is-layout-flow\" style=\"flex-basis:100%\">\n<div class=\"wp-block-columns is-layout-flex wp-container-core-columns-is-layout-28f84493 wp-block-columns-is-layout-flex\">\n<div class=\"wp-block-column is-layout-flow wp-block-column-is-layout-flow\" style=\"flex-basis:66.66%\">\n<p><a href=\"https:\/\/slowozycia.org\/index.php\/spotkania\/nabozenstwo\/\" data-type=\"page\" data-id=\"408\"><strong>NABO\u017bE\u0143STWO<\/strong> <\/a><br>NIEDZIELA, godz.11:00, <a href=\"https:\/\/maps.app.goo.gl\/ana9PnJgQHSFZhoJ8\" data-type=\"link\" data-id=\"https:\/\/maps.app.goo.gl\/ana9PnJgQHSFZhoJ8\" target=\"_blank\" rel=\"noreferrer noopener\">ul.Warszawska 43 <\/a><br><strong><a href=\"https:\/\/slowozycia.org\/index.php\/inicjatywy\/grupy-domowe\/\" data-type=\"page\" data-id=\"326\">GRUPA DOMOWA<\/a><\/strong><br>\u015aRODA, godz.18:30, <a href=\"https:\/\/maps.app.goo.gl\/aJVtFWK6q8Nd4PMs6\" data-type=\"link\" data-id=\"https:\/\/maps.app.goo.gl\/aJVtFWK6q8Nd4PMs6\" target=\"_blank\" rel=\"noreferrer noopener\">ul.Sok\u00f3lska 27\/22<\/a>, tel.534-056-408<br><a href=\"https:\/\/slowozycia.org\/index.php\/inicjatywy\/modlitwy\/\" data-type=\"page\" data-id=\"311\"><strong>NAUCZANIE I<\/strong> <strong>MODLITWA<\/strong><\/a><strong> <\/strong><br>PI\u0104TEK (modlitwa ko\u015bcio\u0142a) godz.19:00, ul.Warszawska 43<br><br><mark style=\"background-color:rgba(0, 0, 0, 0)\" class=\"has-inline-color has-ast-global-color-0-color\">KURSY<\/mark><br><strong><a href=\"https:\/\/slowozycia.org\/index.php\/inicjatywy\/kurs-biblijny\/\" data-type=\"page\" data-id=\"245\">KURS BIBLIJNY &#8222;Fundamenty Wiary&#8221;<\/a><\/strong><br>SOBOTA, godz.15:00, ul.Warszawska 43 <br>(Prosimy o potwierdzenie ch\u0119ci uczestnictwa &#8211; aktualnie przerwa)<br><br><mark style=\"background-color:rgba(0, 0, 0, 0)\" class=\"has-inline-color has-ast-global-color-0-color\">DLA WSP\u00d3LNOTY (zamkni\u0119te)<img loading=\"lazy\" decoding=\"async\" width=\"15\" height=\"15\" class=\"wp-image-239\" style=\"width: 15px;\" src=\"http:\/\/slowozycia.org\/wp-content\/uploads\/2024\/03\/icons8-lock-30.png\" alt=\"\"><\/mark><br><strong>MODLITWA GRUPY WSTAWIENNICZEJ<\/strong><br>WTOREK godz.18:30, ul.Warszawska 43<br><strong>PR\u00d3BA MUZYCZNA<\/strong><br>SOBOTA godz.17:00, ul.Warszawska 43<\/p>\n<\/div>\n\n\n\n<div class=\"wp-block-column is-layout-flow wp-block-column-is-layout-flow\" style=\"flex-basis:33.33%\">\n<figure class=\"wp-block-image size-large\"><img loading=\"lazy\" decoding=\"async\" width=\"1024\" height=\"768\" src=\"http:\/\/slowozycia.org\/wp-content\/uploads\/2024\/03\/292457.0-1024x768.jpg\" alt=\"\" class=\"wp-image-231\" srcset=\"http:\/\/slowozycia.org\/wp-content\/uploads\/2024\/03\/292457.0-1024x768.jpg 1024w, http:\/\/slowozycia.org\/wp-content\/uploads\/2024\/03\/292457.0-300x225.jpg 300w, http:\/\/slowozycia.org\/wp-content\/uploads\/2024\/03\/292457.0-768x576.jpg 768w, http:\/\/slowozycia.org\/wp-content\/uploads\/2024\/03\/292457.0-1536x1152.jpg 1536w, http:\/\/slowozycia.org\/wp-content\/uploads\/2024\/03\/292457.0-2048x1536.jpg 2048w\" sizes=\"auto, (max-width: 1024px) 100vw, 1024px\" \/><\/figure>\n\n\n\n<figure class=\"wp-block-image size-full\"><img loading=\"lazy\" decoding=\"async\" width=\"408\" height=\"307\" src=\"http:\/\/slowozycia.org\/wp-content\/uploads\/2024\/03\/1000003413jpg.0.jpg\" alt=\"\" class=\"wp-image-243\" srcset=\"http:\/\/slowozycia.org\/wp-content\/uploads\/2024\/03\/1000003413jpg.0.jpg 408w, http:\/\/slowozycia.org\/wp-content\/uploads\/2024\/03\/1000003413jpg.0-300x226.jpg 300w\" sizes=\"auto, (max-width: 408px) 100vw, 408px\" \/><\/figure>\n<\/div>\n<\/div>\n<\/div>\n<\/div>\n\n\n\n<div class=\"wp-block-media-text is-stacked-on-mobile\" style=\"grid-template-columns:34% auto\"><figure class=\"wp-block-media-text__media\"><img loading=\"lazy\" decoding=\"async\" width=\"771\" height=\"1024\" src=\"https:\/\/slowozycia.org\/wp-content\/uploads\/2024\/09\/434995280_7683939221723977_6994789997457331916_n-771x1024.jpg\" alt=\"\" class=\"wp-image-347 size-full\" srcset=\"http:\/\/slowozycia.org\/wp-content\/uploads\/2024\/09\/434995280_7683939221723977_6994789997457331916_n-771x1024.jpg 771w, http:\/\/slowozycia.org\/wp-content\/uploads\/2024\/09\/434995280_7683939221723977_6994789997457331916_n-226x300.jpg 226w, http:\/\/slowozycia.org\/wp-content\/uploads\/2024\/09\/434995280_7683939221723977_6994789997457331916_n-768x1020.jpg 768w, http:\/\/slowozycia.org\/wp-content\/uploads\/2024\/09\/434995280_7683939221723977_6994789997457331916_n-1157x1536.jpg 1157w, http:\/\/slowozycia.org\/wp-content\/uploads\/2024\/09\/434995280_7683939221723977_6994789997457331916_n.jpg 1542w\" sizes=\"auto, (max-width: 771px) 100vw, 771px\" \/><\/figure><div class=\"wp-block-media-text__content\">\n<p>W ostatni\u0105 niedziel\u0119 miesi\u0105ca mamy wieczerz\u0119 Pa\u0144sk\u0105 oraz po nabo\u017ce\u0144stwie wsp\u00f3lne &#8222;agape&#8221;, czyli integracja i rozmowy przy posi\u0142ku.<\/p>\n\n\n\n<figure class=\"wp-block-gallery has-nested-images columns-default is-cropped wp-block-gallery-1 is-layout-flex wp-block-gallery-is-layout-flex\">\n<figure class=\"wp-block-image size-large\"><img loading=\"lazy\" decoding=\"async\" width=\"771\" height=\"1024\" data-id=\"349\" src=\"https:\/\/slowozycia.org\/wp-content\/uploads\/2024\/09\/433468387_7683944268390139_5566245032259403412_n-771x1024.jpg\" alt=\"\" class=\"wp-image-349\" srcset=\"http:\/\/slowozycia.org\/wp-content\/uploads\/2024\/09\/433468387_7683944268390139_5566245032259403412_n-771x1024.jpg 771w, http:\/\/slowozycia.org\/wp-content\/uploads\/2024\/09\/433468387_7683944268390139_5566245032259403412_n-226x300.jpg 226w, http:\/\/slowozycia.org\/wp-content\/uploads\/2024\/09\/433468387_7683944268390139_5566245032259403412_n-768x1020.jpg 768w, http:\/\/slowozycia.org\/wp-content\/uploads\/2024\/09\/433468387_7683944268390139_5566245032259403412_n-1157x1536.jpg 1157w, http:\/\/slowozycia.org\/wp-content\/uploads\/2024\/09\/433468387_7683944268390139_5566245032259403412_n.jpg 1542w\" sizes=\"auto, (max-width: 771px) 100vw, 771px\" \/><\/figure>\n\n\n\n<figure class=\"wp-block-image size-large\"><img loading=\"lazy\" decoding=\"async\" width=\"771\" height=\"1024\" data-id=\"350\" src=\"https:\/\/slowozycia.org\/wp-content\/uploads\/2024\/09\/438224448_7805683426216222_5848946397278371669_n-771x1024.jpg\" alt=\"\" class=\"wp-image-350\" srcset=\"http:\/\/slowozycia.org\/wp-content\/uploads\/2024\/09\/438224448_7805683426216222_5848946397278371669_n-771x1024.jpg 771w, http:\/\/slowozycia.org\/wp-content\/uploads\/2024\/09\/438224448_7805683426216222_5848946397278371669_n-226x300.jpg 226w, http:\/\/slowozycia.org\/wp-content\/uploads\/2024\/09\/438224448_7805683426216222_5848946397278371669_n-768x1020.jpg 768w, http:\/\/slowozycia.org\/wp-content\/uploads\/2024\/09\/438224448_7805683426216222_5848946397278371669_n-1157x1536.jpg 1157w, http:\/\/slowozycia.org\/wp-content\/uploads\/2024\/09\/438224448_7805683426216222_5848946397278371669_n.jpg 1542w\" sizes=\"auto, (max-width: 771px) 100vw, 771px\" \/><\/figure>\n<\/figure>\n<\/div><\/div>\n\n\n\n<ul class=\"wp-block-list\">\n<li><\/li>\n<\/ul>\n\n\n\n<figure class=\"wp-block-gallery has-nested-images columns-default is-cropped wp-block-gallery-2 is-layout-flex wp-block-gallery-is-layout-flex\">\n<figure class=\"wp-block-image size-large\"><img loading=\"lazy\" decoding=\"async\" width=\"1024\" height=\"768\" data-id=\"385\" src=\"https:\/\/slowozycia.org\/wp-content\/uploads\/2024\/09\/312946914_10229627954987243_4617063448647557765_n-1024x768.jpg\" alt=\"\" class=\"wp-image-385\" srcset=\"http:\/\/slowozycia.org\/wp-content\/uploads\/2024\/09\/312946914_10229627954987243_4617063448647557765_n-1024x768.jpg 1024w, http:\/\/slowozycia.org\/wp-content\/uploads\/2024\/09\/312946914_10229627954987243_4617063448647557765_n-300x225.jpg 300w, http:\/\/slowozycia.org\/wp-content\/uploads\/2024\/09\/312946914_10229627954987243_4617063448647557765_n-768x576.jpg 768w, http:\/\/slowozycia.org\/wp-content\/uploads\/2024\/09\/312946914_10229627954987243_4617063448647557765_n-1536x1152.jpg 1536w, http:\/\/slowozycia.org\/wp-content\/uploads\/2024\/09\/312946914_10229627954987243_4617063448647557765_n.jpg 2048w\" sizes=\"auto, (max-width: 1024px) 100vw, 1024px\" \/><figcaption class=\"wp-element-caption\">Po nabo\u017ce\u0144stwie mo\u017cna pogra\u0107 w ping-ponga.<\/figcaption><\/figure>\n\n\n\n<figure class=\"wp-block-image size-large\"><img loading=\"lazy\" decoding=\"async\" width=\"1024\" height=\"768\" data-id=\"386\" src=\"https:\/\/slowozycia.org\/wp-content\/uploads\/2024\/09\/457628681_3644110982518754_7891264232923285251_n-2-1024x768.jpg\" alt=\"\" class=\"wp-image-386\" srcset=\"http:\/\/slowozycia.org\/wp-content\/uploads\/2024\/09\/457628681_3644110982518754_7891264232923285251_n-2-1024x768.jpg 1024w, http:\/\/slowozycia.org\/wp-content\/uploads\/2024\/09\/457628681_3644110982518754_7891264232923285251_n-2-300x225.jpg 300w, http:\/\/slowozycia.org\/wp-content\/uploads\/2024\/09\/457628681_3644110982518754_7891264232923285251_n-2-768x576.jpg 768w, http:\/\/slowozycia.org\/wp-content\/uploads\/2024\/09\/457628681_3644110982518754_7891264232923285251_n-2-1536x1152.jpg 1536w, http:\/\/slowozycia.org\/wp-content\/uploads\/2024\/09\/457628681_3644110982518754_7891264232923285251_n-2.jpg 2048w\" sizes=\"auto, (max-width: 1024px) 100vw, 1024px\" \/><\/figure>\n<\/figure>\n\n\n\n<ul class=\"wp-block-list\">\n<li><\/li>\n<\/ul>\n\n\n\n<p><\/p>\n","protected":false},"excerpt":{"rendered":"<p>Spotkania NABO\u017bE\u0143STWO NIEDZIELA, godz.11:00, ul.Warszawska 43 GRUPA DOMOWA\u015aRODA, godz.18:30, ul.Sok\u00f3lska 27\/22, tel.534-056-408NAUCZANIE I MODLITWA PI\u0104TEK (modlitwa ko\u015bcio\u0142a) godz.19:00, ul.Warszawska 43 KURSYKURS BIBLIJNY &#8222;Fundamenty Wiary&#8221;SOBOTA, godz.15:00, ul.Warszawska 43 (Prosimy o potwierdzenie ch\u0119ci uczestnictwa &#8211; aktualnie przerwa) DLA WSP\u00d3LNOTY (zamkni\u0119te)MODLITWA GRUPY WSTAWIENNICZEJWTOREK godz.18:30, ul.Warszawska 43PR\u00d3BA MUZYCZNASOBOTA godz.17:00, ul.Warszawska 43<\/p>\n","protected":false},"author":3,"featured_media":231,"parent":0,"menu_order":0,"comment_status":"closed","ping_status":"closed","template":"","meta":{"site-sidebar-layout":"default","site-content-layout":"default","ast-global-header-display":"","ast-main-header-display":"","ast-hfb-above-header-display":"","ast-hfb-below-header-display":"","ast-hfb-mobile-header-display":"","site-post-title":"disabled","ast-breadcrumbs-content":"","ast-featured-img":"disabled","footer-sml-layout":"","theme-transparent-header-meta":"","adv-header-id-meta":"","stick-header-meta":"","header-above-stick-meta":"","header-main-stick-meta":"","header-below-stick-meta":"","footnotes":""},"class_list":["post-78","page","type-page","status-publish","has-post-thumbnail","hentry"],"_links":{"self":[{"href":"http:\/\/slowozycia.org\/index.php\/wp-json\/wp\/v2\/pages\/78","targetHints":{"allow":["GET"]}}],"collection":[{"href":"http:\/\/slowozycia.org\/index.php\/wp-json\/wp\/v2\/pages"}],"about":[{"href":"http:\/\/slowozycia.org\/index.php\/wp-json\/wp\/v2\/types\/page"}],"author":[{"embeddable":true,"href":"http:\/\/slowozycia.org\/index.php\/wp-json\/wp\/v2\/users\/3"}],"replies":[{"embeddable":true,"href":"http:\/\/slowozycia.org\/index.php\/wp-json\/wp\/v2\/comments?post=78"}],"version-history":[{"count":37,"href":"http:\/\/slowozycia.org\/index.php\/wp-json\/wp\/v2\/pages\/78\/revisions"}],"predecessor-version":[{"id":411,"href":"http:\/\/slowozycia.org\/index.php\/wp-json\/wp\/v2\/pages\/78\/revisions\/411"}],"wp:featuredmedia":[{"embeddable":true,"href":"http:\/\/slowozycia.org\/index.php\/wp-json\/wp\/v2\/media\/231"}],"wp:attachment":[{"href":"http:\/\/slowozycia.org\/index.php\/wp-json\/wp\/v2\/media?parent=78"}],"curies":[{"name":"wp","href":"https:\/\/api.w.org\/{rel}","templated":true}]}}